{"id":56998,"date":"2022-03-10T15:57:00","date_gmt":"2022-03-10T14:57:00","guid":{"rendered":"https:\/\/secureus.se\/produkt\/ackumulator-batteri-agm-helios-12v-28ah\/"},"modified":"2026-04-17T14:43:37","modified_gmt":"2026-04-17T12:43:37","slug":"agm-batteri-12v-28ah","status":"publish","type":"product","link":"https:\/\/secureus.se\/fr\/agm-batteri-12v-28ah\/","title":{"rendered":"Batterie 12 V 28 Ah, dur\u00e9e de vie 8 \u00e0 10 ans, version professionnelle"},"content":{"rendered":"<h1>Batterie AGM 12V 28Ah HELIOS Batterie AGM 8-10 ans<\/h1>\n<h2>Alimentation \u00e9lectrique fiable pour les alarmes, les UPS et les syst\u00e8mes de t\u00e9l\u00e9communication<\/h2>\n<p>Bienvenue dans notre gamme de batteries Helios AGM, \u00e9galement appel\u00e9es batteries, con\u00e7ues pour r\u00e9pondre aux besoins des alarmes, UPS et t\u00e9l\u00e9communications.<\/p>\n<p>Avec une capacit\u00e9 de 28 Ah et une tension de 12 V, nos batteries offrent une alimentation \u00e9lectrique fiable et durable pour diverses applications, y compris les solutions de secours.<\/p>\n<h3>Priorit\u00e9 \u00e0 la qualit\u00e9<\/h3>\n<p>Nos batteries Helios AGM sont fabriqu\u00e9es par des fabricants soigneusement s\u00e9lectionn\u00e9s avec un fort accent sur la qualit\u00e9. Toutes les batteries sont certifi\u00e9es selon les normes ISO de qualit\u00e9 et d&#039;environnement, ce qui garantit un haut niveau de performance et de fiabilit\u00e9.<\/p>\n<h3>Batterie AGM 12V 28Ah avec un taux de panne tr\u00e8s faible<\/h3>\n<p>Avec un tr\u00e8s faible taux de d\u00e9faillance inf\u00e9rieur \u00e0 0,031 TP3T en usine, vous pouvez \u00eatre s\u00fbr que nos batteries Helios AGM sont con\u00e7ues pour durer et fournir une alimentation fiable pendant longtemps.<\/p>\n<h3>Co\u00fbt optimis\u00e9<\/h3>\n<p>Notre ambition est de pouvoir proposer ces batteries AGM de haute qualit\u00e9 \u00e0 votre entrep\u00f4t au prix le plus bas possible, afin que vous puissiez avoir acc\u00e8s \u00e0 une alimentation fiable sans compromettre la qualit\u00e9.<\/p>\n<h3>Utiliser pour la sauvegarde<\/h3>\n<p>La s\u00e9rie Helios offre une large gamme de capacit\u00e9s de batteries de 7 \u00e0 45 Ah, permettant de trouver la solution adapt\u00e9e \u00e0 vos besoins sp\u00e9cifiques de sauvegarde en alarmes, UPS et t\u00e9l\u00e9communications.<\/p>\n<p>Avec la batterie Helios AGM, vous pouvez \u00eatre s\u00fbr de disposer d&#039;une solution fiable et \u00e9conomique pour votre alimentation de secours, qu&#039;il s&#039;agisse d&#039;alarmes, d&#039;onduleurs ou d&#039;installations de t\u00e9l\u00e9communications n\u00e9cessitant un fonctionnement de secours.<\/p>\n<p>Taille 181x77x167 (LxlxH)<\/p>\n<p>Taille 175x166x126 (LxlxH)<\/p>\n<p>Poids 9 kg<\/p>\n<p><span class=\"ui-provider a b c d e f g h i j k l m n o p q r s t u v w x y z ab ac ae af ag ah ai aj ak\" dir=\"ltr\">Les batteries Helios sont fabriqu\u00e9es avec les certificats suivants : CE, UL, ROSH, ISO9000, ISO14000 et ISO18000<\/span><\/p>","protected":false},"excerpt":{"rendered":"<p>Batterie AGM 28 AH, dur\u00e9e de vie de 8 \u00e0 10 ans pour les syst\u00e8mes de t\u00e9l\u00e9communications, d&#039;alarme et de s\u00e9curit\u00e9.<\/p>","protected":false},"featured_media":0,"template":"","meta":{"_acf_changed":false},"product_brand":[],"product_cat":[1596],"product_tag":[4406],"class_list":{"0":"post-56998","1":"product","2":"type-product","3":"status-publish","5":"product_cat-ackumulatorer-12v-agm-batterier","6":"product_tag-batteri-13-45-ah","7":"product_shipping_class-tunga-paket","8":"pa_brands-stonehouse-security","9":"tm-no-options","11":"first","12":"onbackorder","13":"sale","14":"featured","15":"taxable","16":"shipping-taxable","17":"purchasable","18":"product-type-simple"},"acf":[],"_links":{"self":[{"href":"https:\/\/secureus.se\/fr\/wp-json\/wp\/v2\/product\/56998","targetHints":{"allow":["GET"]}}],"collection":[{"href":"https:\/\/secureus.se\/fr\/wp-json\/wp\/v2\/product"}],"about":[{"href":"https:\/\/secureus.se\/fr\/wp-json\/wp\/v2\/types\/product"}],"wp:attachment":[{"href":"https:\/\/secureus.se\/fr\/wp-json\/wp\/v2\/media?parent=56998"}],"wp:term":[{"taxonomy":"product_brand","embeddable":true,"href":"https:\/\/secureus.se\/fr\/wp-json\/wp\/v2\/product_brand?post=56998"},{"taxonomy":"product_cat","embeddable":true,"href":"https:\/\/secureus.se\/fr\/wp-json\/wp\/v2\/product_cat?post=56998"},{"taxonomy":"product_tag","embeddable":true,"href":"https:\/\/secureus.se\/fr\/wp-json\/wp\/v2\/product_tag?post=56998"}],"curies":[{"name":"wp","href":"https:\/\/api.w.org\/{rel}","templated":true}]}}