{"id":57105,"date":"2022-03-10T15:42:00","date_gmt":"2022-03-10T14:42:00","guid":{"rendered":"https:\/\/secureus.se\/produkt\/dsc-neo-communicator-cellular-3g2080\/"},"modified":"2025-12-31T19:55:34","modified_gmt":"2025-12-31T18:55:34","slug":"dsc-3g2080-eu-cellular-communicator","status":"publish","type":"product","link":"https:\/\/secureus.se\/fr\/dsc-3g2080-eu-cellular-communicator\/","title":{"rendered":"Communicateur d&#039;alarme cellulaire DSC 3G2080-EU"},"content":{"rendered":"<h1>Communicateur d&#039;alarme cellulaire DSC 3G2080-EU - Communication avanc\u00e9e pour les syst\u00e8mes d&#039;alarme Neo<\/h1>\n<p><strong>DSC 3G2080-EU<\/strong> est un <strong>\u00e9metteur d&#039;alarme avanc\u00e9<\/strong> con\u00e7u pour am\u00e9liorer la s\u00e9curit\u00e9 et la communication dans <strong>Syst\u00e8me d&#039;alarme DSC N\u00e9o<\/strong>.<\/p>\n<p>En utilisant <strong>R\u00e9seaux 3G et 2G<\/strong> permet \u00e0 cet appareil d&#039;\u00eatre fiable <strong>Communication IP<\/strong> et offre une large gamme de fonctions pour un contr\u00f4le et une commodit\u00e9 accrus.<\/p>\n<h5>Fonctions principales<\/h5>\n<ul>\n<li><strong>Communication IP via le r\u00e9seau 3G<\/strong>: Transfert de donn\u00e9es rapide et fiable pour la centrale d&#039;alarme et l&#039;acc\u00e8s \u00e0 distance.<\/li>\n<li><strong>Notifications SMS<\/strong>: Envoyez des messages directement sur le t\u00e9l\u00e9phone mobile de l&#039;utilisateur en cas d&#039;alarmes ou d&#039;\u00e9v\u00e9nements syst\u00e8me.<\/li>\n<li><strong>Contr\u00f4le des applications<\/strong>: Compatible avec l&#039;application Neo Go pour un contr\u00f4le et une surveillance \u00e0 distance faciles du syst\u00e8me.<\/li>\n<li><strong>Transfert d&#039;images<\/strong>: Prise en charge des d\u00e9tecteurs de cam\u00e9ra Neo pour envoyer des images \u00e0 la centrale d&#039;alarme en cas d&#039;alarme.<\/li>\n<li><strong>Programmation \u00e0 distance DLS<\/strong>: Configuration simple du syst\u00e8me et gestion \u00e0 distance.<\/li>\n<\/ul>\n<h5>Avantages<\/h5>\n<ul>\n<li><strong>Flexibilit\u00e9<\/strong>: Utilis\u00e9 comme \u00e9metteur d&#039;alarme primaire et secondaire.<\/li>\n<li><strong>Facilit\u00e9 d&#039;utilisation<\/strong>: Fonction SMS int\u00e9gr\u00e9e et application mobile pour une surveillance et un contr\u00f4le fluides.<\/li>\n<li><strong>S\u00e9curit\u00e9 accrue<\/strong>: Possibilit\u00e9 de transf\u00e9rer les images des d\u00e9tecteurs de cam\u00e9ras directement vers la centrale d&#039;alarme.<\/li>\n<\/ul>\n<h5>Domaines d&#039;utilisation<\/h5>\n<ul>\n<li><strong>R\u00e9sidences<\/strong>: Am\u00e9liore la s\u00e9curit\u00e9 de la maison gr\u00e2ce \u00e0 des capacit\u00e9s avanc\u00e9es d\u2019\u00e9metteur d\u2019alarme.<\/li>\n<li><strong>B\u00e2timents commerciaux<\/strong>: Id\u00e9al pour les entreprises qui n\u00e9cessitent une communication d\u2019alarme robuste et fiable.<\/li>\n<li><strong>Environnements industriels<\/strong>: Assurer la protection des zones sensibles avec transmission d\u2019images et t\u00e9l\u00e9commande.<\/li>\n<\/ul>\n<p>Avec <strong>DSC 3G2080-EU<\/strong> tu en as un <strong>transmetteur d&#039;alarme fiable et avanc\u00e9<\/strong> qui allie technologie moderne et simplicit\u00e9 d&#039;utilisation pour r\u00e9pondre \u00e0 tous les besoins de s\u00e9curit\u00e9.<\/p>","protected":false},"excerpt":{"rendered":"<p>Le DSC 3G2080-EU est un transmetteur d&#039;alarme avanc\u00e9 pour les syst\u00e8mes d&#039;alarme Neo. Prise en charge des r\u00e9seaux 3G\/2G, des fonctions SMS et du contr\u00f4le des applications pour une s\u00e9curit\u00e9 et une commodit\u00e9 maximales.<\/p>","protected":false},"featured_media":145408,"template":"","meta":{"_acf_changed":false},"product_brand":[],"product_cat":[1322,3320],"product_tag":[3311,3024],"class_list":{"0":"post-57105","1":"product","2":"type-product","3":"status-publish","4":"has-post-thumbnail","6":"product_cat-dsc-larm-neo-power-hybridlarm","7":"product_cat-larmsandare-dsc-larm-neo-power-hybridlarm","8":"product_tag-dsc-neo-svensk-manual","9":"product_tag-neo-gsm-ip-4g-larmsandare","10":"product_shipping_class-tunga-paket","11":"pa_brands-4dsc","12":"pa_dsc-neo-hybridlarm-gsm-ip-sandare","13":"tm-has-options","15":"first","16":"instock","17":"featured","18":"taxable","19":"shipping-taxable","20":"purchasable","21":"product-type-simple"},"acf":[],"_links":{"self":[{"href":"https:\/\/secureus.se\/fr\/wp-json\/wp\/v2\/product\/57105","targetHints":{"allow":["GET"]}}],"collection":[{"href":"https:\/\/secureus.se\/fr\/wp-json\/wp\/v2\/product"}],"about":[{"href":"https:\/\/secureus.se\/fr\/wp-json\/wp\/v2\/types\/product"}],"wp:featuredmedia":[{"embeddable":true,"href":"https:\/\/secureus.se\/fr\/wp-json\/wp\/v2\/media\/145408"}],"wp:attachment":[{"href":"https:\/\/secureus.se\/fr\/wp-json\/wp\/v2\/media?parent=57105"}],"wp:term":[{"taxonomy":"product_brand","embeddable":true,"href":"https:\/\/secureus.se\/fr\/wp-json\/wp\/v2\/product_brand?post=57105"},{"taxonomy":"product_cat","embeddable":true,"href":"https:\/\/secureus.se\/fr\/wp-json\/wp\/v2\/product_cat?post=57105"},{"taxonomy":"product_tag","embeddable":true,"href":"https:\/\/secureus.se\/fr\/wp-json\/wp\/v2\/product_tag?post=57105"}],"curies":[{"name":"wp","href":"https:\/\/api.w.org\/{rel}","templated":true}]}}