{"id":57106,"date":"2022-03-10T15:42:00","date_gmt":"2022-03-10T14:42:00","guid":{"rendered":"https:\/\/secureus.se\/produkt\/dsc-neo-knappsats-tradbunden-hs2lcd-engelsk-text\/"},"modified":"2026-03-10T11:54:30","modified_gmt":"2026-03-10T10:54:30","slug":"dsc-hardwired-keypad-hs2lcd-eng","status":"publish","type":"product","link":"https:\/\/secureus.se\/fr\/dsc-hardwired-keypad-hs2lcd-eng\/","title":{"rendered":"Clavier c\u00e2bl\u00e9 DSC HS2LCD prend en charge l&#039;anglais, le fran\u00e7ais, l&#039;italien, l&#039;allemand, le n\u00e9erlandais et le polonais."},"content":{"rendered":"<h1>Clavier c\u00e2bl\u00e9 DSC HS2LCD \u2013 Clavier moderne et convivial pour DSC NEO<\/h1>\n<p><strong>DSC HS2LCD<\/strong> est un <strong>clavier filaire<\/strong> con\u00e7u pour fournir un contr\u00f4le simple et efficace sur <strong>Syst\u00e8me d&#039;alarme DSC NEO<\/strong>.<\/p>\n<p>Avec un \u00e9cran LCD moderne et une prise en charge de <strong>6 langues diff\u00e9rentes<\/strong>, y compris l&#039;anglais, il est id\u00e9al pour les installations r\u00e9sidentielles et commerciales.<\/p>\n<h5>Fonctions principales<\/h5>\n<ul>\n<li><strong>\u00c9cran LCD clair<\/strong>: Affiche l&#039;\u00e9tat du syst\u00e8me et les informations d&#039;alarme avec prise en charge de l&#039;anglais, du fran\u00e7ais, de l&#039;italien, de l&#039;allemand, du n\u00e9erlandais et du polonais.<\/li>\n<li><strong>Textes programmables<\/strong>: Personnalisez les textes des sections et des zones d&#039;alarme pour une exp\u00e9rience utilisateur personnalis\u00e9e.<\/li>\n<li><strong>Touches de fonction<\/strong>: Cinq touches de raccourci et trois touches d&#039;urgence pour un acc\u00e8s rapide aux fonctions importantes.<\/li>\n<li><strong>Conception mince<\/strong>: S&#039;adapte \u00e0 tous les environnements avec son design moderne et discret.<\/li>\n<li><strong>Touches \u00e9clair\u00e9es en blanc<\/strong>: Utilisation facile en basse lumi\u00e8re.<\/li>\n<\/ul>\n<h5>Avantages<\/h5>\n<ul>\n<li><strong>Utilisation internationale<\/strong>: Parfait pour les utilisateurs qui ont besoin de fonctionnalit\u00e9s multilingues.<\/li>\n<li><strong>Facilit\u00e9 d&#039;utilisation<\/strong>: Une interface intuitive et des fonctions programmables facilitent son utilisation.<\/li>\n<li><strong>Conception \u00e9l\u00e9gante<\/strong>: \u00c9l\u00e9gant et compact, adapt\u00e9 \u00e0 la maison et au bureau.<\/li>\n<\/ul>\n<h5>Domaines d&#039;utilisation<\/h5>\n<ul>\n<li><strong>R\u00e9sidences<\/strong>: Pour le contr\u00f4le de s\u00e9curit\u00e9 \u00e0 domicile.<\/li>\n<li><strong>Entreprise<\/strong>: Id\u00e9al pour les immeubles commerciaux et les bureaux.<\/li>\n<li><strong>Espaces publics<\/strong>: Parfait pour les \u00e9coles et autres institutions avec des utilisateurs multilingues.<\/li>\n<\/ul>\n<p>Avec <strong>Clavier c\u00e2bl\u00e9 DSC HS2LCD<\/strong> vous obtenez un utilisateur convivial et <strong>solution \u00e9l\u00e9gante<\/strong> pour contr\u00f4ler et surveiller vos syst\u00e8mes de s\u00e9curit\u00e9.<\/p>","protected":false},"excerpt":{"rendered":"<p>Le clavier c\u00e2bl\u00e9 DSC HS2LCD est un clavier filaire avec \u00e9cran LCD et prise en charge de 6 langues.<\/p>\n<p>Parfait pour contr\u00f4ler et surveiller les syst\u00e8mes d&#039;alarme DSC NEO.<\/p>","protected":false},"featured_media":145086,"template":"","meta":{"_acf_changed":false},"product_brand":[],"product_cat":[3329,1322],"product_tag":[3311,3028,3029],"class_list":{"0":"post-57106","1":"product","2":"type-product","3":"status-publish","4":"has-post-thumbnail","6":"product_cat-knappsats-kod","7":"product_cat-dsc-larm-neo-power-hybridlarm","8":"product_tag-dsc-neo-svensk-manual","9":"product_tag-neo-knappsats-manoverpaneler","10":"product_tag-neo-dsc-knappsats-manoverpaneler","11":"product_shipping_class-tunga-paket","12":"pa_brands-4dsc","13":"pa_dsc-neo-hybridlarm-knappsatser","14":"tm-has-options","16":"first","17":"instock","18":"sale","19":"featured","20":"taxable","21":"shipping-taxable","22":"purchasable","23":"product-type-simple"},"acf":[],"_links":{"self":[{"href":"https:\/\/secureus.se\/fr\/wp-json\/wp\/v2\/product\/57106","targetHints":{"allow":["GET"]}}],"collection":[{"href":"https:\/\/secureus.se\/fr\/wp-json\/wp\/v2\/product"}],"about":[{"href":"https:\/\/secureus.se\/fr\/wp-json\/wp\/v2\/types\/product"}],"wp:featuredmedia":[{"embeddable":true,"href":"https:\/\/secureus.se\/fr\/wp-json\/wp\/v2\/media\/145086"}],"wp:attachment":[{"href":"https:\/\/secureus.se\/fr\/wp-json\/wp\/v2\/media?parent=57106"}],"wp:term":[{"taxonomy":"product_brand","embeddable":true,"href":"https:\/\/secureus.se\/fr\/wp-json\/wp\/v2\/product_brand?post=57106"},{"taxonomy":"product_cat","embeddable":true,"href":"https:\/\/secureus.se\/fr\/wp-json\/wp\/v2\/product_cat?post=57106"},{"taxonomy":"product_tag","embeddable":true,"href":"https:\/\/secureus.se\/fr\/wp-json\/wp\/v2\/product_tag?post=57106"}],"curies":[{"name":"wp","href":"https:\/\/api.w.org\/{rel}","templated":true}]}}