{"id":57109,"date":"2022-03-10T15:42:00","date_gmt":"2022-03-10T14:42:00","guid":{"rendered":"https:\/\/secureus.se\/produkt\/kapsling-small-till-neo-multi-40-va-trafo\/"},"modified":"2026-04-17T09:56:02","modified_gmt":"2026-04-17T07:56:02","slug":"dsc-kapsling-small-40-va","status":"publish","type":"product","link":"https:\/\/secureus.se\/fr\/dsc-kapsling-small-40-va\/","title":{"rendered":"Bo\u00eetier Multi petit transformateur 40 VA pour DSC \u2013 Paradox et Risco AWO150"},"content":{"rendered":"<h1><strong>Bo\u00eetier DSC Multi (petit) 40 VA<\/strong> est une solution polyvalente et pratique pour installer et prot\u00e9ger l&#039;\u00e9lectronique du syst\u00e8me d&#039;alarme.<\/h1>\n<p>Ce bo\u00eetier est con\u00e7u pour accueillir un transformateur de 40 VA et fournit une alimentation \u00e9lectrique fiable pour divers \u00e9quipements de s\u00e9curit\u00e9, notamment DSC NEO, Paradox et Risco.<\/p>\n<p>Avec ses dimensions compactes (280 x 290 x 80 mm), il est id\u00e9al aussi bien pour les environnements domestiques que professionnels o\u00f9 l&#039;espace peut \u00eatre limit\u00e9.<\/p>\n<p>Le bo\u00eetier est fabriqu\u00e9 en t\u00f4le robuste et poss\u00e8de un indice de protection IP 20, ce qui le rend adapt\u00e9 \u00e0 une installation en int\u00e9rieur.<\/p>\n<p>Il est \u00e9galement \u00e9quip\u00e9 d&#039;un contact anti-sabotage, qui offre une s\u00e9curit\u00e9 suppl\u00e9mentaire contre tout acc\u00e8s non autoris\u00e9. Avec deux cl\u00e9s incluses, vous pouvez facilement verrouiller le bo\u00eetier pour prot\u00e9ger les \u00e9quipements sensibles \u00e0 l&#039;int\u00e9rieur.<\/p>\n<p>Le transformateur a une capacit\u00e9 de courant de 2,2A\/16VAC et 2A\/18VAC, ce qui en fait un composant d&#039;alimentation efficace et puissant.<\/p>\n<p>Le bo\u00eetier prend \u00e9galement en charge une batterie de secours de 7 Ah, qui garantit que le syst\u00e8me reste actif m\u00eame en cas de panne de courant.<\/p>\n<p>Que vous installiez un syst\u00e8me d&#039;alarme dans une propri\u00e9t\u00e9 r\u00e9sidentielle ou commerciale, le bo\u00eetier DSC Multi (Small) offre une solution fiable et s\u00e9curis\u00e9e pour prot\u00e9ger vos \u00e9quipements \u00e9lectroniques et vos solutions de s\u00e9curit\u00e9.<\/p>","protected":false},"excerpt":{"rendered":"<p>Le bo\u00eetier DSC avec serrure et transformateur est universel et s&#039;adapte \u00e0 tous les syst\u00e8mes d&#039;alarme ou \u00e9quipements n\u00e9cessitant une alimentation \u00e9lectrique.<\/p>\n<p>Ce bo\u00eetier est con\u00e7u pour prot\u00e9ger et surveiller les composants \u00e9lectroniques dans divers environnements d&#039;installation.<\/p>","protected":false},"featured_media":145206,"template":"","meta":{"_acf_changed":false},"product_brand":[],"product_cat":[3323,1322],"product_tag":[3311,3022],"class_list":{"0":"post-57109","1":"product","2":"type-product","3":"status-publish","4":"has-post-thumbnail","6":"product_cat-kapsling","7":"product_cat-dsc-larm-neo-power-hybridlarm","8":"product_tag-dsc-neo-svensk-manual","9":"product_tag-neo-central-kapslingar","10":"product_shipping_class-postnord-varubrev","11":"pa_brands-pulsar","12":"pa_dsc-neo-hybridlarm-kapslingar-boxar","13":"tm-has-options","15":"first","16":"instock","17":"sale","18":"featured","19":"taxable","20":"shipping-taxable","21":"purchasable","22":"product-type-simple"},"acf":[],"_links":{"self":[{"href":"https:\/\/secureus.se\/fr\/wp-json\/wp\/v2\/product\/57109","targetHints":{"allow":["GET"]}}],"collection":[{"href":"https:\/\/secureus.se\/fr\/wp-json\/wp\/v2\/product"}],"about":[{"href":"https:\/\/secureus.se\/fr\/wp-json\/wp\/v2\/types\/product"}],"wp:featuredmedia":[{"embeddable":true,"href":"https:\/\/secureus.se\/fr\/wp-json\/wp\/v2\/media\/145206"}],"wp:attachment":[{"href":"https:\/\/secureus.se\/fr\/wp-json\/wp\/v2\/media?parent=57109"}],"wp:term":[{"taxonomy":"product_brand","embeddable":true,"href":"https:\/\/secureus.se\/fr\/wp-json\/wp\/v2\/product_brand?post=57109"},{"taxonomy":"product_cat","embeddable":true,"href":"https:\/\/secureus.se\/fr\/wp-json\/wp\/v2\/product_cat?post=57109"},{"taxonomy":"product_tag","embeddable":true,"href":"https:\/\/secureus.se\/fr\/wp-json\/wp\/v2\/product_tag?post=57109"}],"curies":[{"name":"wp","href":"https:\/\/api.w.org\/{rel}","templated":true}]}}