{"id":57112,"date":"2022-03-10T15:42:00","date_gmt":"2022-03-10T14:42:00","guid":{"rendered":"https:\/\/secureus.se\/produkt\/kapsling-large-till-neo-multi-80-va-trafo\/"},"modified":"2026-05-04T13:06:33","modified_gmt":"2026-05-04T11:06:33","slug":"dsc-kapsling-multi-80-va","status":"publish","type":"product","link":"https:\/\/secureus.se\/fr\/dsc-kapsling-multi-80-va\/","title":{"rendered":"Bo\u00eetier Multi (grand) avec Trafo Multi 80 VA int\u00e9gr\u00e9 pour DSC \u2013 Paradox et Risco AWO300"},"content":{"rendered":"<h1><strong>Bo\u00eetier DSC Multi avec 80 VA int\u00e9gr\u00e9<\/strong> Le transformateur est une solution robuste et polyvalente pour toutes les installations d\u2019alarme et de t\u00e9l\u00e9communications.<\/h1>\n<p>Il est con\u00e7u pour \u00eatre compatible avec les syst\u00e8mes Risco, DSC NEO et Paradox, ce qui en fait un excellent choix pour les utilisateurs \u00e0 la recherche d&#039;une alimentation \u00e9lectrique fiable et s\u00e9curis\u00e9e.<\/p>\n<p>Le bo\u00eetier est en t\u00f4le et offre une protection IP (IP20), ce qui signifie qu&#039;il est destin\u00e9 \u00e0 une utilisation en int\u00e9rieur.<\/p>\n<p>Le transformateur a une sortie de 80 VA et fournit un courant allant jusqu&#039;\u00e0 5 A avec diff\u00e9rentes tensions (16VAC, 18VAC, 20VAC).<\/p>\n<p>Le bo\u00eetier contient une batterie de 7 Ah ou 17 Ah et a des dimensions de 320 x 400 x 120 mm (\u00b1 2 mm). Il est \u00e9galement \u00e9quip\u00e9 d&#039;un contact anti-sabotage pour assurer une protection suppl\u00e9mentaire contre tout acc\u00e8s non autoris\u00e9. Le bo\u00eetier peut \u00eatre mont\u00e9 en surface, ce qui facilite l&#039;installation dans diff\u00e9rents environnements.<\/p>\n<p><strong>Sp\u00e9cification technique\u00a0:<\/strong><\/p>\n<ul>\n<li><strong>Actuel:<\/strong> 5A \/ 16VCA, 4,5A \/ 18VCA, 4A \/ 20VCA<\/li>\n<li><strong>Capacit\u00e9 de la batterie\u00a0:<\/strong> 1 x 7 Ah \/ 1 x 17 Ah<\/li>\n<li><strong>Mesure:<\/strong> 320 x 400 x 120 mm (+\/- 2 mm)<\/li>\n<li><strong>Mat\u00e9riel:<\/strong> Plaque<\/li>\n<li><strong>Protection IP\u00a0:<\/strong> IP 20 (installation int\u00e9rieure)<\/li>\n<\/ul>\n<p>Le bo\u00eetier est une solution efficace et s\u00fbre pour les installations qui n\u00e9cessitent une qualit\u00e9 et une fiabilit\u00e9 \u00e9lev\u00e9es.<\/p>\n<p>Cela fait partie de l&#039;engagement de DSC \u00e0 offrir des solutions de s\u00e9curit\u00e9 sup\u00e9rieures pour les maisons et les entreprises.<\/p>","protected":false},"excerpt":{"rendered":"<p>Le DSC Enclosure Multi est un grand bo\u00eetier avec un transformateur 80 VA int\u00e9gr\u00e9, id\u00e9al pour les installations DSC, Paradox et Risco.<\/p>\n<p>Il offre une alimentation \u00e9lectrique fiable et convient parfaitement aux installations d&#039;alarme et de t\u00e9l\u00e9communication.<\/p>","protected":false},"featured_media":145079,"template":"","meta":{"_acf_changed":false},"product_brand":[],"product_cat":[3323,1322],"product_tag":[3311,3022],"class_list":{"0":"post-57112","1":"product","2":"type-product","3":"status-publish","4":"has-post-thumbnail","6":"product_cat-kapsling","7":"product_cat-dsc-larm-neo-power-hybridlarm","8":"product_tag-dsc-neo-svensk-manual","9":"product_tag-neo-central-kapslingar","10":"product_shipping_class-postnord-varubrev","11":"pa_brands-pulsar","12":"pa_dsc-neo-hybridlarm-kapslingar-boxar","13":"tm-has-options","15":"first","16":"instock","17":"sale","18":"featured","19":"taxable","20":"shipping-taxable","21":"purchasable","22":"product-type-simple"},"acf":[],"_links":{"self":[{"href":"https:\/\/secureus.se\/fr\/wp-json\/wp\/v2\/product\/57112","targetHints":{"allow":["GET"]}}],"collection":[{"href":"https:\/\/secureus.se\/fr\/wp-json\/wp\/v2\/product"}],"about":[{"href":"https:\/\/secureus.se\/fr\/wp-json\/wp\/v2\/types\/product"}],"wp:featuredmedia":[{"embeddable":true,"href":"https:\/\/secureus.se\/fr\/wp-json\/wp\/v2\/media\/145079"}],"wp:attachment":[{"href":"https:\/\/secureus.se\/fr\/wp-json\/wp\/v2\/media?parent=57112"}],"wp:term":[{"taxonomy":"product_brand","embeddable":true,"href":"https:\/\/secureus.se\/fr\/wp-json\/wp\/v2\/product_brand?post=57112"},{"taxonomy":"product_cat","embeddable":true,"href":"https:\/\/secureus.se\/fr\/wp-json\/wp\/v2\/product_cat?post=57112"},{"taxonomy":"product_tag","embeddable":true,"href":"https:\/\/secureus.se\/fr\/wp-json\/wp\/v2\/product_tag?post=57112"}],"curies":[{"name":"wp","href":"https:\/\/api.w.org\/{rel}","templated":true}]}}