{"id":57113,"date":"2022-03-10T15:42:00","date_gmt":"2022-03-10T14:42:00","guid":{"rendered":"https:\/\/secureus.se\/produkt\/dsc-neo-knappsats-tradbunden-hs2lcdp-prox-engelsk-text\/"},"modified":"2026-02-20T11:29:52","modified_gmt":"2026-02-20T10:29:52","slug":"dsc-hs2lcdp-hardwired-keypad-prox-eng","status":"publish","type":"product","link":"https:\/\/secureus.se\/fr\/dsc-hs2lcdp-hardwired-keypad-prox-eng\/","title":{"rendered":"Clavier c\u00e2bl\u00e9 DSC HS2LCDP + Proxreader Prend en charge l&#039;anglais, le fran\u00e7ais, l&#039;italien, l&#039;allemand, le n\u00e9erlandais et le polonais."},"content":{"rendered":"<p><strong>Clavier c\u00e2bl\u00e9 DSC HS2LCDP Environ<\/strong> est un clavier de haute qualit\u00e9 con\u00e7u pour le syst\u00e8me d&#039;alarme DSC NEO.<\/p>\n<p>Il est \u00e9quip\u00e9 d&#039;un \u00e9cran LCD clair qui affiche les informations en anglais ainsi que de la prise en charge de cinq autres langues : fran\u00e7ais, italien, allemand, n\u00e9erlandais et polonais.<\/p>\n<p>Ce clavier dispose d&#039;un lecteur PROX\/EM int\u00e9gr\u00e9, qui permet l&#039;utilisation de cartes de proximit\u00e9 pour un acc\u00e8s facile et s\u00e9curis\u00e9.<\/p>\n<p>Le HS2LCDP dispose de textes librement programmables pour les sections et les zones d&#039;alarme, donnant aux utilisateurs la possibilit\u00e9 d&#039;adapter le syst\u00e8me \u00e0 leurs besoins sp\u00e9cifiques. La m\u00e9moire des \u00e9v\u00e9nements peut \u00eatre facilement lue sur l&#039;\u00e9cran.<\/p>\n<p>Dot\u00e9 de cinq touches de fonction de raccourci et de trois touches d&#039;urgence, le clavier offre un acc\u00e8s rapide et efficace aux fonctions importantes.<\/p>\n<p>La consommation de courant est comprise entre 55 et 105 mA, ce qui le rend \u00e9conome en \u00e9nergie et fiable.<\/p>\n<p>Le DSC HS2LCDP est non seulement convivial mais \u00e9galement robuste, ce qui en fait un excellent choix pour les particuliers et les entreprises \u00e0 la recherche d&#039;une solution de s\u00e9curit\u00e9 flexible et fiable.<\/p>","protected":false},"excerpt":{"rendered":"<p>Le clavier filaire DSC HS2LCDP Prox est un clavier filaire avec lecteur PROX, prend en charge l&#039;anglais et cinq langues, parfait pour le syst\u00e8me d&#039;alarme DSC NEO.<\/p>","protected":false},"featured_media":145225,"template":"","meta":{"_acf_changed":false},"product_brand":[],"product_cat":[3329,1322],"product_tag":[3311,3028,3029],"class_list":{"0":"post-57113","1":"product","2":"type-product","3":"status-publish","4":"has-post-thumbnail","6":"product_cat-knappsats-kod","7":"product_cat-dsc-larm-neo-power-hybridlarm","8":"product_tag-dsc-neo-svensk-manual","9":"product_tag-neo-knappsats-manoverpaneler","10":"product_tag-neo-dsc-knappsats-manoverpaneler","11":"product_shipping_class-postnord-varubrev","12":"pa_brands-4dsc","13":"pa_dsc-neo-hybridlarm-knappsatser","14":"tm-has-options","16":"first","17":"instock","18":"sale","19":"featured","20":"taxable","21":"shipping-taxable","22":"purchasable","23":"product-type-simple"},"acf":[],"_links":{"self":[{"href":"https:\/\/secureus.se\/fr\/wp-json\/wp\/v2\/product\/57113","targetHints":{"allow":["GET"]}}],"collection":[{"href":"https:\/\/secureus.se\/fr\/wp-json\/wp\/v2\/product"}],"about":[{"href":"https:\/\/secureus.se\/fr\/wp-json\/wp\/v2\/types\/product"}],"wp:featuredmedia":[{"embeddable":true,"href":"https:\/\/secureus.se\/fr\/wp-json\/wp\/v2\/media\/145225"}],"wp:attachment":[{"href":"https:\/\/secureus.se\/fr\/wp-json\/wp\/v2\/media?parent=57113"}],"wp:term":[{"taxonomy":"product_brand","embeddable":true,"href":"https:\/\/secureus.se\/fr\/wp-json\/wp\/v2\/product_brand?post=57113"},{"taxonomy":"product_cat","embeddable":true,"href":"https:\/\/secureus.se\/fr\/wp-json\/wp\/v2\/product_cat?post=57113"},{"taxonomy":"product_tag","embeddable":true,"href":"https:\/\/secureus.se\/fr\/wp-json\/wp\/v2\/product_tag?post=57113"}],"curies":[{"name":"wp","href":"https:\/\/api.w.org\/{rel}","templated":true}]}}