{"id":57122,"date":"2022-03-10T15:42:00","date_gmt":"2022-03-10T14:42:00","guid":{"rendered":"https:\/\/secureus.se\/produkt\/dsc-neo-knappsats-tradlos-hs2lcd-wf-p-prox-engelsk-text\/"},"modified":"2026-01-21T09:37:38","modified_gmt":"2026-01-21T08:37:38","slug":"dsc-hs2lcdwfp-wireless-prox-powerg","status":"publish","type":"product","link":"https:\/\/secureus.se\/fr\/dsc-hs2lcdwfp-wireless-prox-powerg\/","title":{"rendered":"Clavier LCD sans fil DSC HS2LCDWFP + Prox Prend en charge l&#039;anglais, le fran\u00e7ais, l&#039;italien, l&#039;allemand, le n\u00e9erlandais et le polonais."},"content":{"rendered":"<p><strong>DSC HS2LCDWFP<\/strong> est un clavier LCD sans fil con\u00e7u pour fonctionner avec le syst\u00e8me d&#039;alarme DSC Neo.<\/p>\n<p>Il dispose d&#039;un \u00e9cran LCD clair et lumineux qui affiche les informations en anglais et prend en charge cinq langues suppl\u00e9mentaires : fran\u00e7ais, italien, allemand, n\u00e9erlandais et polonais.<\/p>\n<p>Les manuels fournis avec le produit sont disponibles en anglais, italien, n\u00e9erlandais et polonais.<\/p>\n<p>Ce clavier offre une port\u00e9e sans fil impressionnante allant jusqu&#039;\u00e0 2 000 m\u00e8tres en plein air et dispose d&#039;un r\u00e9cepteur radio int\u00e9gr\u00e9 pour connecter des capteurs sans fil et d&#039;autres produits Neo.<\/p>\n<p>De plus, le HS2LCDWFP est \u00e9quip\u00e9 d&#039;un lecteur PROX\/EM pour permettre un acc\u00e8s facile et rapide via des tags.<\/p>\n<p>Le clavier dispose de textes librement programmables pour diff\u00e9rentes sections et zones d&#039;alarme, ainsi que d&#039;une m\u00e9moire d&#039;\u00e9v\u00e9nements lisible sur l&#039;\u00e9cran.<\/p>\n<p>Il est \u00e9quip\u00e9 de cinq boutons de fonction de raccourci et de trois boutons d&#039;urgence, ce qui le rend extr\u00eamement convivial.<\/p>\n<p>La consommation de courant est comprise entre 55 et 105 mA, ce qui le rend \u00e9conome en \u00e9nergie et fiable.<\/p>\n<p>Le DSC HS2LCDWFP est parfait pour les particuliers et les entreprises \u00e0 la recherche d&#039;une solution de s\u00e9curit\u00e9 moderne et flexible.<\/p>","protected":false},"excerpt":{"rendered":"<p>DSC HS2LCDWFP est un clavier LCD enti\u00e8rement sans fil avec lecteur Prox int\u00e9gr\u00e9, prise en charge de l&#039;anglais et de cinq autres langues.<\/p>","protected":false},"featured_media":141643,"template":"","meta":{"_acf_changed":false},"product_brand":[],"product_cat":[3329,1322],"product_tag":[3311,3028,3029],"class_list":{"0":"post-57122","1":"product","2":"type-product","3":"status-publish","4":"has-post-thumbnail","6":"product_cat-knappsats-kod","7":"product_cat-dsc-larm-neo-power-hybridlarm","8":"product_tag-dsc-neo-svensk-manual","9":"product_tag-neo-knappsats-manoverpaneler","10":"product_tag-neo-dsc-knappsats-manoverpaneler","11":"product_shipping_class-postnord-varubrev","12":"pa_brands-4dsc","13":"pa_dsc-neo-hybridlarm-knappsatser","14":"tm-has-options","16":"first","17":"instock","18":"sale","19":"featured","20":"taxable","21":"shipping-taxable","22":"purchasable","23":"product-type-simple"},"acf":[],"_links":{"self":[{"href":"https:\/\/secureus.se\/fr\/wp-json\/wp\/v2\/product\/57122","targetHints":{"allow":["GET"]}}],"collection":[{"href":"https:\/\/secureus.se\/fr\/wp-json\/wp\/v2\/product"}],"about":[{"href":"https:\/\/secureus.se\/fr\/wp-json\/wp\/v2\/types\/product"}],"wp:featuredmedia":[{"embeddable":true,"href":"https:\/\/secureus.se\/fr\/wp-json\/wp\/v2\/media\/141643"}],"wp:attachment":[{"href":"https:\/\/secureus.se\/fr\/wp-json\/wp\/v2\/media?parent=57122"}],"wp:term":[{"taxonomy":"product_brand","embeddable":true,"href":"https:\/\/secureus.se\/fr\/wp-json\/wp\/v2\/product_brand?post=57122"},{"taxonomy":"product_cat","embeddable":true,"href":"https:\/\/secureus.se\/fr\/wp-json\/wp\/v2\/product_cat?post=57122"},{"taxonomy":"product_tag","embeddable":true,"href":"https:\/\/secureus.se\/fr\/wp-json\/wp\/v2\/product_tag?post=57122"}],"curies":[{"name":"wp","href":"https:\/\/api.w.org\/{rel}","templated":true}]}}