{"id":57155,"date":"2022-03-10T15:28:00","date_gmt":"2022-03-10T14:28:00","guid":{"rendered":"https:\/\/secureus.se\/produkt\/nyckelband-student-sakerhetsspanne-hummerklamma-i-metall-100-pack\/"},"modified":"2025-12-31T19:53:35","modified_gmt":"2025-12-31T18:53:35","slug":"nyckelband-student-sakerhetsspanne-hummerklamma-i-metall-100-pack","status":"publish","type":"product","link":"https:\/\/secureus.se\/fr\/nyckelband-student-sakerhetsspanne-hummerklamma-i-metall-100-pack\/","title":{"rendered":"Porte-cl\u00e9s \u00c9tudiant Noir Boucle de s\u00e9curit\u00e9 mousqueton en m\u00e9tal paquet de 100"},"content":{"rendered":"<div>\n<div id=\"Product-Description\">\n<p>Porte-cl\u00e9s 15mm &quot;\u00c9tudiant&quot; Boucle de s\u00e9curit\u00e9 &quot;mousqueton&quot; en m\u00e9tal (paquet de 100)<\/p>\n<p>Cordon de 15 mm avec texte blanc \u00ab\u00a0\u00c9TUDIANT\u00a0\u00bb<\/p>\n<\/div>\n<\/div>","protected":false},"excerpt":{"rendered":"<p>Porte-cl\u00e9s 15mm &quot;\u00c9tudiant&quot; Boucle de s\u00e9curit\u00e9 &quot;clip mousqueton&quot; en m\u00e9tal (paquet de 100) Porte-cl\u00e9s 15mm avec texte blanc fini &#039;\u00c9TUDIANT&#039;<\/p>","protected":false},"featured_media":145138,"template":"","meta":{"_acf_changed":false},"product_brand":[],"product_cat":[1875],"product_tag":[4360,2958,4349],"class_list":{"0":"post-57155","1":"product","2":"type-product","3":"status-publish","4":"has-post-thumbnail","6":"product_cat-nyckelband","7":"product_tag-15mm","8":"product_tag-stonehouse-produkt","9":"product_tag-svart-nyckelband","10":"product_shipping_class-tunga-paket","11":"pa_brands-stonehouse-security","12":"pa_farg-svart","13":"pa_farg-nyckelband-svart","14":"pa_rfid-tillbehor-nyckelband-halsband","15":"tm-no-options","17":"first","18":"instock","19":"sale","20":"featured","21":"taxable","22":"shipping-taxable","23":"purchasable","24":"product-type-simple"},"acf":[],"_links":{"self":[{"href":"https:\/\/secureus.se\/fr\/wp-json\/wp\/v2\/product\/57155","targetHints":{"allow":["GET"]}}],"collection":[{"href":"https:\/\/secureus.se\/fr\/wp-json\/wp\/v2\/product"}],"about":[{"href":"https:\/\/secureus.se\/fr\/wp-json\/wp\/v2\/types\/product"}],"wp:featuredmedia":[{"embeddable":true,"href":"https:\/\/secureus.se\/fr\/wp-json\/wp\/v2\/media\/145138"}],"wp:attachment":[{"href":"https:\/\/secureus.se\/fr\/wp-json\/wp\/v2\/media?parent=57155"}],"wp:term":[{"taxonomy":"product_brand","embeddable":true,"href":"https:\/\/secureus.se\/fr\/wp-json\/wp\/v2\/product_brand?post=57155"},{"taxonomy":"product_cat","embeddable":true,"href":"https:\/\/secureus.se\/fr\/wp-json\/wp\/v2\/product_cat?post=57155"},{"taxonomy":"product_tag","embeddable":true,"href":"https:\/\/secureus.se\/fr\/wp-json\/wp\/v2\/product_tag?post=57155"}],"curies":[{"name":"wp","href":"https:\/\/api.w.org\/{rel}","templated":true}]}}