{"id":57172,"date":"2022-03-10T15:28:00","date_gmt":"2022-03-10T14:28:00","guid":{"rendered":"https:\/\/secureus.se\/produkt\/jojo-mini-svart-med-extra-lang-trad-1-2-meter\/"},"modified":"2026-02-23T09:42:42","modified_gmt":"2026-02-23T08:42:42","slug":"jojo-mini-svart-med-extra-lang-trad-1-2-meter","status":"publish","type":"product","link":"https:\/\/secureus.se\/fr\/jojo-mini-svart-med-extra-lang-trad-1-2-meter\/","title":{"rendered":"Porte-cl\u00e9s yo-yo avec corde extra longue 1,2 m\u00e8tres \u2013 Noir"},"content":{"rendered":"<div>\n<div>\n<div>\n<p>Ce yo-yo flexible populaire est fabriqu\u00e9 en plastique ABS et est livr\u00e9 avec un porte-cl\u00e9s en m\u00e9tal.<\/p>\n<p>Mat\u00e9riau : plastique ABS<\/p>\n<p>Taille : 30 mm de diam\u00e8tre et 10 mm d&#039;\u00e9paisseur.<\/p>\n<p>Disponible en noir, jaune, blanc, bleu et vert.<\/p>\n<p>Cordon : NOTE 1,2 m\u00e8tre<\/p>\n<\/div>\n<\/div>\n<\/div>","protected":false},"excerpt":{"rendered":"<p>Ce yo-yo populaire et flexible est fabriqu\u00e9 en plastique ABS et est livr\u00e9 avec un porte-cl\u00e9s en m\u00e9tal. Mat\u00e9riau : plastique ABS. Dimensions : 30 mm de diam\u00e8tre et 10 mm d&#039;\u00e9paisseur. Disponible en noir,<\/p>","protected":false},"featured_media":147631,"template":"","meta":{"_acf_changed":false},"product_brand":[],"product_cat":[1676],"product_tag":[2958],"class_list":{"0":"post-57172","1":"product","2":"type-product","3":"status-publish","4":"has-post-thumbnail","6":"product_cat-jojos-och-nyckelringar","7":"product_tag-stonehouse-produkt","8":"product_shipping_class-postnord-varubrev","9":"pa_brands-stonehouse-security","10":"pa_farg-svart","11":"pa_rfid-tillbehor-jojo","12":"tm-no-options","14":"first","15":"instock","16":"sale","17":"featured","18":"taxable","19":"shipping-taxable","20":"purchasable","21":"product-type-simple"},"acf":[],"_links":{"self":[{"href":"https:\/\/secureus.se\/fr\/wp-json\/wp\/v2\/product\/57172","targetHints":{"allow":["GET"]}}],"collection":[{"href":"https:\/\/secureus.se\/fr\/wp-json\/wp\/v2\/product"}],"about":[{"href":"https:\/\/secureus.se\/fr\/wp-json\/wp\/v2\/types\/product"}],"wp:featuredmedia":[{"embeddable":true,"href":"https:\/\/secureus.se\/fr\/wp-json\/wp\/v2\/media\/147631"}],"wp:attachment":[{"href":"https:\/\/secureus.se\/fr\/wp-json\/wp\/v2\/media?parent=57172"}],"wp:term":[{"taxonomy":"product_brand","embeddable":true,"href":"https:\/\/secureus.se\/fr\/wp-json\/wp\/v2\/product_brand?post=57172"},{"taxonomy":"product_cat","embeddable":true,"href":"https:\/\/secureus.se\/fr\/wp-json\/wp\/v2\/product_cat?post=57172"},{"taxonomy":"product_tag","embeddable":true,"href":"https:\/\/secureus.se\/fr\/wp-json\/wp\/v2\/product_tag?post=57172"}],"curies":[{"name":"wp","href":"https:\/\/api.w.org\/{rel}","templated":true}]}}