{"id":57185,"date":"2022-03-10T15:27:00","date_gmt":"2022-03-10T14:27:00","guid":{"rendered":"https:\/\/secureus.se\/produkt\/nyckelband-20-mm-sakerhetsspanne-och-spanne-av-metall-100-pack-farg-rod\/"},"modified":"2025-12-31T19:49:12","modified_gmt":"2025-12-31T18:49:12","slug":"nyckelband-20-mm-sakerhetsspanne-och-spanne-av-metall-100-pack-farg-rod","status":"publish","type":"product","link":"https:\/\/secureus.se\/fr\/nyckelband-20-mm-sakerhetsspanne-och-spanne-av-metall-100-pack-farg-rod\/","title":{"rendered":"Porte-cl\u00e9s 20 mm Rouge Boucle de s\u00e9curit\u00e9 et boucle en m\u00e9tal paquet de 100"},"content":{"rendered":"<div>\n<div id=\"Product-Description\">\n<p>Longes plates en polyester de 20 mm avec rupture plate et clip de d\u00e9clenchement en m\u00e9tal \u2013 Paquet de 100<\/p>\n<p>Poids du produit : 1,20 kg<\/p>\n<\/div>\n<\/div>","protected":false},"excerpt":{"rendered":"<p>Longes plates en polyester de 20 mm avec rupture plate et clip de d\u00e9clenchement en m\u00e9tal \u2013 Paquet de 100 Poids du produit : 1,20 kg<\/p>","protected":false},"featured_media":145279,"template":"","meta":{"_acf_changed":false},"product_brand":[],"product_cat":[1875],"product_tag":[4359,4358,2958],"class_list":{"0":"post-57185","1":"product","2":"type-product","3":"status-publish","4":"has-post-thumbnail","6":"product_cat-nyckelband","7":"product_tag-20mm","8":"product_tag-roda-nyckelband","9":"product_tag-stonehouse-produkt","10":"product_shipping_class-tunga-paket","11":"pa_brands-stonehouse-security","12":"pa_farg-rod","13":"pa_farg-nyckelband-rod","14":"pa_rfid-tillbehor-nyckelband-halsband","15":"tm-no-options","17":"first","18":"instock","19":"sale","20":"featured","21":"taxable","22":"shipping-taxable","23":"purchasable","24":"product-type-simple"},"acf":[],"_links":{"self":[{"href":"https:\/\/secureus.se\/fr\/wp-json\/wp\/v2\/product\/57185","targetHints":{"allow":["GET"]}}],"collection":[{"href":"https:\/\/secureus.se\/fr\/wp-json\/wp\/v2\/product"}],"about":[{"href":"https:\/\/secureus.se\/fr\/wp-json\/wp\/v2\/types\/product"}],"wp:featuredmedia":[{"embeddable":true,"href":"https:\/\/secureus.se\/fr\/wp-json\/wp\/v2\/media\/145279"}],"wp:attachment":[{"href":"https:\/\/secureus.se\/fr\/wp-json\/wp\/v2\/media?parent=57185"}],"wp:term":[{"taxonomy":"product_brand","embeddable":true,"href":"https:\/\/secureus.se\/fr\/wp-json\/wp\/v2\/product_brand?post=57185"},{"taxonomy":"product_cat","embeddable":true,"href":"https:\/\/secureus.se\/fr\/wp-json\/wp\/v2\/product_cat?post=57185"},{"taxonomy":"product_tag","embeddable":true,"href":"https:\/\/secureus.se\/fr\/wp-json\/wp\/v2\/product_tag?post=57185"}],"curies":[{"name":"wp","href":"https:\/\/api.w.org\/{rel}","templated":true}]}}