{"id":57189,"date":"2022-03-10T15:27:00","date_gmt":"2022-03-10T14:27:00","guid":{"rendered":"https:\/\/secureus.se\/produkt\/nyckelband-eko-regnbage-med-j-klamma-i-plast-100-pack\/"},"modified":"2025-12-31T19:49:27","modified_gmt":"2025-12-31T18:49:27","slug":"nyckelband-eko-regnbage-med-j-klamma-i-plast-100-pack","status":"publish","type":"product","link":"https:\/\/secureus.se\/fr\/nyckelband-eko-regnbage-med-j-klamma-i-plast-100-pack\/","title":{"rendered":"Porte-cl\u00e9s Eco Rainbow avec J-clip en plastique, paquet de 100"},"content":{"rendered":"<div>\n<div id=\"Product-Description\">\n<p>Longes \u00ab\u00a0arc-en-ciel\u00a0\u00bb disponibles en \u00ab\u00a0fermoir mousqueton en m\u00e9tal\u00a0\u00bb ou en crochet en J en plastique.<\/p>\n<p>Ces rubans arc-en-ciel ont les m\u00eames couleurs que le drapeau de la Fiert\u00e9 et permettent \u00e0 vos clients de soutenir la communaut\u00e9 LGBT+, renfor\u00e7ant ainsi l&#039;\u00e9galit\u00e9 et la diversit\u00e9.<\/p>\n<p>Ces cordons sont fabriqu\u00e9s \u00e0 partir de rPET, un mat\u00e9riau fabriqu\u00e9 \u00e0 partir de bouteilles en plastique recycl\u00e9es, ce qui en fait une alternative plus \u00e9cologique au polyester.<\/p>\n<p>&nbsp;<\/p>\n<\/div>\n<\/div>","protected":false},"excerpt":{"rendered":"<p>Longes \u00ab\u00a0arc-en-ciel\u00a0\u00bb disponibles en \u00ab\u00a0fermoir mousqueton en m\u00e9tal\u00a0\u00bb ou en crochet en J en plastique. Ces rubans arc-en-ciel ont les m\u00eames couleurs que le drapeau de la Fiert\u00e9 et permettent \u00e0 vos clients de soutenir les LGBT+<\/p>","protected":false},"featured_media":145178,"template":"","meta":{"_acf_changed":false},"product_brand":[],"product_cat":[1875],"product_tag":[2958],"class_list":{"0":"post-57189","1":"product","2":"type-product","3":"status-publish","4":"has-post-thumbnail","6":"product_cat-nyckelband","7":"product_tag-stonehouse-produkt","8":"product_shipping_class-tunga-paket","9":"pa_brands-stonehouse-security","10":"pa_farg-regnbage","11":"pa_farg-nyckelband-regnbage","12":"pa_rfid-tillbehor-nyckelband-halsband","13":"tm-no-options","15":"first","16":"instock","17":"sale","18":"featured","19":"taxable","20":"shipping-taxable","21":"purchasable","22":"product-type-simple"},"acf":[],"_links":{"self":[{"href":"https:\/\/secureus.se\/fr\/wp-json\/wp\/v2\/product\/57189","targetHints":{"allow":["GET"]}}],"collection":[{"href":"https:\/\/secureus.se\/fr\/wp-json\/wp\/v2\/product"}],"about":[{"href":"https:\/\/secureus.se\/fr\/wp-json\/wp\/v2\/types\/product"}],"wp:featuredmedia":[{"embeddable":true,"href":"https:\/\/secureus.se\/fr\/wp-json\/wp\/v2\/media\/145178"}],"wp:attachment":[{"href":"https:\/\/secureus.se\/fr\/wp-json\/wp\/v2\/media?parent=57189"}],"wp:term":[{"taxonomy":"product_brand","embeddable":true,"href":"https:\/\/secureus.se\/fr\/wp-json\/wp\/v2\/product_brand?post=57189"},{"taxonomy":"product_cat","embeddable":true,"href":"https:\/\/secureus.se\/fr\/wp-json\/wp\/v2\/product_cat?post=57189"},{"taxonomy":"product_tag","embeddable":true,"href":"https:\/\/secureus.se\/fr\/wp-json\/wp\/v2\/product_tag?post=57189"}],"curies":[{"name":"wp","href":"https:\/\/api.w.org\/{rel}","templated":true}]}}