{"id":57220,"date":"2022-03-10T15:27:00","date_gmt":"2022-03-10T14:27:00","guid":{"rendered":"https:\/\/secureus.se\/produkt\/ensidig-eko-serie-id-korthallare-liggande-for-cr80-kort-100-pack-farg-svart\/"},"modified":"2026-01-02T12:20:29","modified_gmt":"2026-01-02T11:20:29","slug":"id-korthallare-passerkortshallare-svart-enkelsidig-liggande-100-pack","status":"publish","type":"product","link":"https:\/\/secureus.se\/fr\/id-korthallare-passerkortshallare-svart-enkelsidig-liggande-100-pack\/","title":{"rendered":"Porte-cartes pour cartes d&#039;acc\u00e8s \/ cartes d&#039;identit\u00e9 \u2013 Eko BioBadge CR80 Paysage, simple face, noir (paquet de 100)"},"content":{"rendered":"<div id=\"Product-Description\">\n<p>Nos porte-cartes d&#039;identit\u00e9 et porte-cartes d&#039;acc\u00e8s sont fabriqu\u00e9s en mati\u00e8re plastique Oxo-biod\u00e9gradable pour r\u00e9duire l&#039;impact environnemental. Le support simple face a un design horizontal et est id\u00e9al pour prot\u00e9ger les cartes d&#039;identit\u00e9 et les cartes d&#039;acc\u00e8s au standard CR80 (86 x 54 mm). Le dos moul\u00e9 emp\u00eache les cartes de se plier et de se fissurer, ce qui permet d&#039;\u00e9conomiser du temps et de l&#039;argent gr\u00e2ce \u00e0 moins de changements de cartes.<\/p>\n<ul>\n<li><strong>Conception \u00e9cologique\u00a0:<\/strong> Fabriqu\u00e9 en mati\u00e8re plastique oxo-biod\u00e9gradable.<\/li>\n<li><strong>Taille standard\u00a0:<\/strong> Convient \u00e0 toutes les cartes CR80 (86 x 54 mm).<\/li>\n<li><strong>Stockage s\u00e9curis\u00e9 :<\/strong> Prot\u00e8ge contre les flexions courtes et les fissures.<\/li>\n<li><strong>Vendu en paquet de 100\u00a0:<\/strong> Parfait pour les entreprises et les organisations.<\/li>\n<li><strong>R\u00e9duit l\u2019impact climatique\u00a0:<\/strong> Contribue \u00e0 une entreprise plus durable.<\/li>\n<\/ul>\n<p><strong>Parfait pour\u00a0:<\/strong><\/p>\n<ul>\n<li>Carte d&#039;identit\u00e9<\/li>\n<li>Carte d&#039;acc\u00e8s<\/li>\n<li>Balises de s\u00e9curit\u00e9<\/li>\n<\/ul>\n<p>Combinez avec le n\u00f4tre <strong>cordon<\/strong> pour une solution compl\u00e8te !<\/p>\n<\/div>","protected":false},"excerpt":{"rendered":"<p>Porte-carte d&#039;identit\u00e9 \u00e9cologique en mati\u00e8re plastique oxo-biod\u00e9gradable. Convient aux cartes d&#039;acc\u00e8s et aux cartes d&#039;identit\u00e9 au standard CR80. Conception horizontale avec protection contre la flexion et la fissuration. Parfait pour les entreprises qui souhaitent r\u00e9duire leur impact climatique. Vendu en paquet de 100.<\/p>","protected":false},"featured_media":145318,"template":"","meta":{"_acf_changed":false},"product_brand":[],"product_cat":[4886,1667],"product_tag":[4523,2847,4524,2958,4526],"class_list":{"0":"post-57220","1":"product","2":"type-product","3":"status-publish","4":"has-post-thumbnail","6":"product_cat-enkelsidig-liggande-korthallare","7":"product_cat-korthallare-passerkort-idkort","8":"product_tag-enkelsidig-korthallare","9":"product_tag-korthallare-liggande-eko","10":"product_tag-liggande-korthallare","11":"product_tag-stonehouse-produkt","12":"product_tag-svart-korthallare","13":"product_shipping_class-tunga-paket","14":"pa_brands-stonehouse-security","15":"pa_farg-svart","16":"pa_rfid-tillbehor-korthallare","17":"tm-no-options","19":"first","20":"instock","21":"sale","22":"taxable","23":"shipping-taxable","24":"purchasable","25":"product-type-simple"},"acf":[],"_links":{"self":[{"href":"https:\/\/secureus.se\/fr\/wp-json\/wp\/v2\/product\/57220","targetHints":{"allow":["GET"]}}],"collection":[{"href":"https:\/\/secureus.se\/fr\/wp-json\/wp\/v2\/product"}],"about":[{"href":"https:\/\/secureus.se\/fr\/wp-json\/wp\/v2\/types\/product"}],"wp:featuredmedia":[{"embeddable":true,"href":"https:\/\/secureus.se\/fr\/wp-json\/wp\/v2\/media\/145318"}],"wp:attachment":[{"href":"https:\/\/secureus.se\/fr\/wp-json\/wp\/v2\/media?parent=57220"}],"wp:term":[{"taxonomy":"product_brand","embeddable":true,"href":"https:\/\/secureus.se\/fr\/wp-json\/wp\/v2\/product_brand?post=57220"},{"taxonomy":"product_cat","embeddable":true,"href":"https:\/\/secureus.se\/fr\/wp-json\/wp\/v2\/product_cat?post=57220"},{"taxonomy":"product_tag","embeddable":true,"href":"https:\/\/secureus.se\/fr\/wp-json\/wp\/v2\/product_tag?post=57220"}],"curies":[{"name":"wp","href":"https:\/\/api.w.org\/{rel}","templated":true}]}}