{"id":57233,"date":"2022-03-10T15:27:00","date_gmt":"2022-03-10T14:27:00","guid":{"rendered":"https:\/\/secureus.se\/produkt\/nyckelband-bambu-sakerhetspanne-hummerklamma-i-metall-100-pack\/"},"modified":"2025-12-31T19:38:50","modified_gmt":"2025-12-31T18:38:50","slug":"nyckelband-bambu-sakerhetspanne-hummerklamma-i-metall-100-pack","status":"publish","type":"product","link":"https:\/\/secureus.se\/fr\/nyckelband-bambu-sakerhetspanne-hummerklamma-i-metall-100-pack\/","title":{"rendered":"Porte-cl\u00e9s Bambou blanc Boucle de s\u00e9curit\u00e9 mousqueton En m\u00e9tal Paquet de 100"},"content":{"rendered":"<div>\n<div id=\"Product-Description\">\n<p>Ces \u00ab cordons en bambou \u00bb blancs de haute qualit\u00e9 sont parfaits pour les d\u00e9tenteurs de cartes tout en aidant les organisations \u00e0 r\u00e9duire leur empreinte carbone.<\/p>\n<p>Les fibres de bambou sont biod\u00e9gradables 100%, ainsi lorsque le porte-cl\u00e9s n&#039;est plus n\u00e9cessaire, il se d\u00e9composera naturellement sans rejeter de r\u00e9sidus toxiques dans l&#039;atmosph\u00e8re.<\/p>\n<p>Ces porte-cl\u00e9s en bambou sont livr\u00e9s avec un fermoir mousqueton en m\u00e9tal et une boucle de s\u00e9curit\u00e9.<\/p>\n<\/div>\n<\/div>","protected":false},"excerpt":{"rendered":"<p>Ces \u00ab cordons en bambou \u00bb blancs de haute qualit\u00e9 sont parfaits pour les d\u00e9tenteurs de cartes tout en aidant les organisations \u00e0 r\u00e9duire leur empreinte carbone. Les fibres de bambou sont biod\u00e9gradables 100%, donc lorsque la longe n&#039;est plus n\u00e9cessaire, elle le sera.<\/p>","protected":false},"featured_media":145153,"template":"","meta":{"_acf_changed":false},"product_brand":[],"product_cat":[1875],"product_tag":[4348,2958,4356],"class_list":{"0":"post-57233","1":"product","2":"type-product","3":"status-publish","4":"has-post-thumbnail","6":"product_cat-nyckelband","7":"product_tag-10mm","8":"product_tag-stonehouse-produkt","9":"product_tag-vita-nyckelband","10":"product_shipping_class-tunga-paket","11":"pa_brands-stonehouse-security","12":"pa_farg-vit-bambu","13":"pa_farg-nyckelband-vit-bambu","14":"pa_rfid-tillbehor-nyckelband-halsband","15":"tm-no-options","17":"first","18":"instock","19":"sale","20":"featured","21":"taxable","22":"shipping-taxable","23":"purchasable","24":"product-type-simple"},"acf":[],"_links":{"self":[{"href":"https:\/\/secureus.se\/fr\/wp-json\/wp\/v2\/product\/57233","targetHints":{"allow":["GET"]}}],"collection":[{"href":"https:\/\/secureus.se\/fr\/wp-json\/wp\/v2\/product"}],"about":[{"href":"https:\/\/secureus.se\/fr\/wp-json\/wp\/v2\/types\/product"}],"wp:featuredmedia":[{"embeddable":true,"href":"https:\/\/secureus.se\/fr\/wp-json\/wp\/v2\/media\/145153"}],"wp:attachment":[{"href":"https:\/\/secureus.se\/fr\/wp-json\/wp\/v2\/media?parent=57233"}],"wp:term":[{"taxonomy":"product_brand","embeddable":true,"href":"https:\/\/secureus.se\/fr\/wp-json\/wp\/v2\/product_brand?post=57233"},{"taxonomy":"product_cat","embeddable":true,"href":"https:\/\/secureus.se\/fr\/wp-json\/wp\/v2\/product_cat?post=57233"},{"taxonomy":"product_tag","embeddable":true,"href":"https:\/\/secureus.se\/fr\/wp-json\/wp\/v2\/product_tag?post=57233"}],"curies":[{"name":"wp","href":"https:\/\/api.w.org\/{rel}","templated":true}]}}