{"id":57235,"date":"2022-03-10T15:27:00","date_gmt":"2022-03-10T14:27:00","guid":{"rendered":"https:\/\/secureus.se\/produkt\/ensidig-eko-serie-id-korthallare-liggande-for-cr80-kort-100-pack-farg-ljus-gron\/"},"modified":"2025-12-31T19:36:31","modified_gmt":"2025-12-31T18:36:31","slug":"ensidig-eko-serie-id-korthallare-liggande-for-cr80-kort-100-pack-farg-ljus-gron","status":"publish","type":"product","link":"https:\/\/secureus.se\/fr\/ensidig-eko-serie-id-korthallare-liggande-for-cr80-kort-100-pack-farg-ljus-gron\/","title":{"rendered":"Porte-cartes pour cartes d&#039;acc\u00e8s \/ cartes d&#039;identit\u00e9 \u2013 Eko BioBadge CR80 Paysage, simple face, vert (paquet de 100)"},"content":{"rendered":"<div>\n<div id=\"Product-Description\">\n<div>\n<p>Notre nouvelle gamme de porte-cartes d&#039;identit\u00e9 simple face \u00e9cologiquement d\u00e9gradables, fabriqu\u00e9s en plastique biod\u00e9gradable.<\/p>\n<p>Ces titulaires de cartes jouent un r\u00f4le important en nous aidant tous \u00e0 r\u00e9duire notre empreinte carbone.<\/p>\n<p>La conception des bords moul\u00e9s r\u00e9duit le stress sur les cartes et les fissures, ce qui entra\u00eene moins d&#039;\u00e9missions de cartes, ce qui permet \u00e0 vos clients d&#039;\u00e9conomiser du temps et de l&#039;argent.<\/p>\n<p>86 mm x 54 mm<\/p>\n<p>Convient au format de cr\u00e9dit standard CR80<\/p>\n<p>Vendu en paquet de 100<\/p>\n<\/div>\n<\/div>\n<\/div>","protected":false},"excerpt":{"rendered":"<p>Notre nouvelle gamme de porte-cartes d&#039;identit\u00e9 biod\u00e9gradables \u00e0 simple face, fabriqu\u00e9s en plastique biod\u00e9gradable, joue un r\u00f4le important en nous aidant tous \u00e0 r\u00e9duire notre empreinte carbone.<\/p>","protected":false},"featured_media":145634,"template":"","meta":{"_acf_changed":false},"product_brand":[],"product_cat":[4886,1667],"product_tag":[2847],"class_list":{"0":"post-57235","1":"product","2":"type-product","3":"status-publish","4":"has-post-thumbnail","6":"product_cat-enkelsidig-liggande-korthallare","7":"product_cat-korthallare-passerkort-idkort","8":"product_tag-korthallare-liggande-eko","9":"product_shipping_class-tunga-paket","10":"pa_brands-stonehouse-security","11":"pa_farg-gron","12":"pa_rfid-tillbehor-korthallare","13":"tm-no-options","15":"first","16":"instock","17":"sale","18":"taxable","19":"shipping-taxable","20":"purchasable","21":"product-type-simple"},"acf":[],"_links":{"self":[{"href":"https:\/\/secureus.se\/fr\/wp-json\/wp\/v2\/product\/57235","targetHints":{"allow":["GET"]}}],"collection":[{"href":"https:\/\/secureus.se\/fr\/wp-json\/wp\/v2\/product"}],"about":[{"href":"https:\/\/secureus.se\/fr\/wp-json\/wp\/v2\/types\/product"}],"wp:featuredmedia":[{"embeddable":true,"href":"https:\/\/secureus.se\/fr\/wp-json\/wp\/v2\/media\/145634"}],"wp:attachment":[{"href":"https:\/\/secureus.se\/fr\/wp-json\/wp\/v2\/media?parent=57235"}],"wp:term":[{"taxonomy":"product_brand","embeddable":true,"href":"https:\/\/secureus.se\/fr\/wp-json\/wp\/v2\/product_brand?post=57235"},{"taxonomy":"product_cat","embeddable":true,"href":"https:\/\/secureus.se\/fr\/wp-json\/wp\/v2\/product_cat?post=57235"},{"taxonomy":"product_tag","embeddable":true,"href":"https:\/\/secureus.se\/fr\/wp-json\/wp\/v2\/product_tag?post=57235"}],"curies":[{"name":"wp","href":"https:\/\/api.w.org\/{rel}","templated":true}]}}