{"id":57236,"date":"2022-03-10T15:27:00","date_gmt":"2022-03-10T14:27:00","guid":{"rendered":"https:\/\/secureus.se\/produkt\/dubbelsidig-eko-serie-id-korthallare-staende-for-cr80-kort-100-pack-farg-svart\/"},"modified":"2026-02-17T13:21:13","modified_gmt":"2026-02-17T12:21:13","slug":"id-korthallare-passerkortshallare-svart-dubbel-staende-100-pack","status":"publish","type":"product","link":"https:\/\/secureus.se\/fr\/id-korthallare-passerkortshallare-svart-dubbel-staende-100-pack\/","title":{"rendered":"Porte-cartes pour cartes d&#039;acc\u00e8s \/ cartes d&#039;identit\u00e9 \u2013 Eko BioBadge CR80 Vertical, Double face, Noir (paquet de 100)"},"content":{"rendered":"<div id=\"Product-Description\">\n<p>Le porte-carte d&#039;identit\u00e9 noir double face au format portrait est con\u00e7u pour r\u00e9pondre \u00e0 la fois aux besoins de durabilit\u00e9 et de s\u00e9curit\u00e9. Fabriqu\u00e9 \u00e0 partir de plastique oxo-d\u00e9gradable, il contribue \u00e0 r\u00e9duire l&#039;empreinte carbone, tout en offrant une qualit\u00e9 robuste et fiable.<\/p>\n<ul>\n<li><strong>Vendu en paquet de 100<\/strong><\/li>\n<li><strong>Mesure:<\/strong> 86x54mm<\/li>\n<li><strong>Convient aux cartes de taille CR80 standard<\/strong><\/li>\n<li><strong>Double conception pour afficher et prot\u00e9ger les deux c\u00f4t\u00e9s de la carte<\/strong><\/li>\n<li>Les bords moul\u00e9s emp\u00eachent les cartes de se plier et de se fissurer, r\u00e9duisant ainsi le besoin de remplacer les cartes.<\/li>\n<\/ul>\n<p>Parfait pour une utilisation sur les lieux de travail, lors d&#039;\u00e9v\u00e9nements et autres contextes professionnels. La conception durable allie style et fonctionnalit\u00e9 pour garantir que vos cartes d&#039;acc\u00e8s, cartes d&#039;identit\u00e9 et autres cartes importantes restent s\u00e9curis\u00e9es et facilement accessibles.<\/p>\n<p><strong>Commandez d\u00e8s aujourd&#039;hui votre porte-cartes noir double face et faites un choix durable !<\/strong><\/p>\n<\/div>","protected":false},"excerpt":{"rendered":"<p>Porte-carte d&#039;identit\u00e9 noir double face au format portrait, en plastique oxo-d\u00e9gradable. Convient aux cartes standard au format CR80 (86x54 mm). Livr\u00e9 en paquets de 100.<\/p>","protected":false},"featured_media":145492,"template":"","meta":{"_acf_changed":false},"product_brand":[],"product_cat":[4887,1667],"product_tag":[4528,2869,2851,2958,4526],"class_list":{"0":"post-57236","1":"product","2":"type-product","3":"status-publish","4":"has-post-thumbnail","6":"product_cat-dubbelsidig-staende-korthallare","7":"product_cat-korthallare-passerkort-idkort","8":"product_tag-dubbelsidig-korthallare","9":"product_tag-korthallare-staende","10":"product_tag-korthallare-staende-eko","11":"product_tag-stonehouse-produkt","12":"product_tag-svart-korthallare","13":"product_shipping_class-tunga-paket","14":"pa_brands-stonehouse-security","15":"pa_farg-svart","16":"pa_rfid-tillbehor-korthallare","17":"tm-no-options","19":"first","20":"instock","21":"sale","22":"taxable","23":"shipping-taxable","24":"purchasable","25":"product-type-simple"},"acf":[],"_links":{"self":[{"href":"https:\/\/secureus.se\/fr\/wp-json\/wp\/v2\/product\/57236","targetHints":{"allow":["GET"]}}],"collection":[{"href":"https:\/\/secureus.se\/fr\/wp-json\/wp\/v2\/product"}],"about":[{"href":"https:\/\/secureus.se\/fr\/wp-json\/wp\/v2\/types\/product"}],"wp:featuredmedia":[{"embeddable":true,"href":"https:\/\/secureus.se\/fr\/wp-json\/wp\/v2\/media\/145492"}],"wp:attachment":[{"href":"https:\/\/secureus.se\/fr\/wp-json\/wp\/v2\/media?parent=57236"}],"wp:term":[{"taxonomy":"product_brand","embeddable":true,"href":"https:\/\/secureus.se\/fr\/wp-json\/wp\/v2\/product_brand?post=57236"},{"taxonomy":"product_cat","embeddable":true,"href":"https:\/\/secureus.se\/fr\/wp-json\/wp\/v2\/product_cat?post=57236"},{"taxonomy":"product_tag","embeddable":true,"href":"https:\/\/secureus.se\/fr\/wp-json\/wp\/v2\/product_tag?post=57236"}],"curies":[{"name":"wp","href":"https:\/\/api.w.org\/{rel}","templated":true}]}}