{"id":57237,"date":"2022-03-10T15:27:00","date_gmt":"2022-03-10T14:27:00","guid":{"rendered":"https:\/\/secureus.se\/produkt\/nyckelband-20-mm-sakerhetsspanne-och-spanne-av-metall-100-pack-farg-svart\/"},"modified":"2026-01-02T12:13:15","modified_gmt":"2026-01-02T11:13:15","slug":"nyckelband-20mm-svart-sakerhetsspanne-metallklamma-100-pack","status":"publish","type":"product","link":"https:\/\/secureus.se\/fr\/nyckelband-20mm-svart-sakerhetsspanne-metallklamma-100-pack\/","title":{"rendered":"Porte-cl\u00e9s 20 mm Noir - Boucle de s\u00e9curit\u00e9 et Clip en m\u00e9tal - Paquet de 100"},"content":{"rendered":"<div id=\"Product-Description\">\n<p>Ces porte-cl\u00e9s durables sont fabriqu\u00e9s \u00e0 partir de PET recycl\u00e9 et ont une largeur de 20 mm et une longueur de 90 cm. Avec leur construction robuste et leur boucle de s\u00e9curit\u00e9 plate, ils sont id\u00e9aux pour une utilisation s\u00fbre et confortable dans les environnements de travail et lors d&#039;\u00e9v\u00e9nements. La boucle m\u00e9tallique int\u00e9gr\u00e9e permet de fixer facilement et d&#039;afficher clairement des cartes d&#039;identit\u00e9, des porte-cl\u00e9s ou d&#039;autres objets.<\/p>\n<p><strong>Caract\u00e9ristiques et avantages\u00a0:<\/strong><\/p>\n<ul>\n<li><strong>Mat\u00e9riau r\u00e9sistant :<\/strong> Mat\u00e9riau PET recycl\u00e9 qui allie respect de l&#039;environnement et longue dur\u00e9e de vie.<\/li>\n<li><strong>Boucle de s\u00e9curit\u00e9\u00a0:<\/strong> Pour une utilisation s\u00fbre et un retrait facile en cas de besoin.<\/li>\n<li><strong>Pince en m\u00e9tal :<\/strong> Clip de d\u00e9clenchement en m\u00e9tal durable pour maintenir les objets en place.<\/li>\n<li><strong>Utilisations personnalis\u00e9es\u00a0:<\/strong> Parfait pour les cartes d&#039;identit\u00e9, les cartes de visite, les porte-cl\u00e9s, les cl\u00e9s USB et les t\u00e9l\u00e9phones portables.<\/li>\n<\/ul>\n<p><strong>Caract\u00e9ristiques:<\/strong><\/p>\n<ul>\n<li><strong>Largeur:<\/strong> 20 millim\u00e8tres<\/li>\n<li><strong>Longueur:<\/strong> 90 cm<\/li>\n<li><strong>Couleurs:<\/strong> Noir (\u00e9galement disponible en rouge, bleu et blanc)<\/li>\n<li><strong>Conditionnement:<\/strong> Vendu par lot de 100<\/li>\n<\/ul>\n<p>Ces cordons sont indispensables pour les entreprises, les \u00e9coles et les \u00e9v\u00e9nements o\u00f9 la s\u00e9curit\u00e9 et une identification facile sont une priorit\u00e9. Commandez d\u00e8s aujourd&#039;hui pour offrir \u00e0 vos collaborateurs ou invit\u00e9s une solution pratique et fiable !<\/p>\n<\/div>","protected":false},"excerpt":{"rendered":"<p>Porte-cl\u00e9s 20 mm en PET recycl\u00e9 durable avec boucle de s\u00e9curit\u00e9 et clip en m\u00e9tal. Parfait pour les cartes d&#039;identit\u00e9, les porte-cl\u00e9s et les cl\u00e9s USB. Vendu en paquet de 100 et 20 mm \u00e9galement disponible en rouge, bleu et blanc.<\/p>","protected":false},"featured_media":145162,"template":"","meta":{"_acf_changed":false},"product_brand":[],"product_cat":[1875],"product_tag":[4359,2958,4349],"class_list":{"0":"post-57237","1":"product","2":"type-product","3":"status-publish","4":"has-post-thumbnail","6":"product_cat-nyckelband","7":"product_tag-20mm","8":"product_tag-stonehouse-produkt","9":"product_tag-svart-nyckelband","10":"product_shipping_class-tunga-paket","11":"pa_brands-stonehouse-security","12":"pa_farg-svart","13":"pa_farg-nyckelband-svart","14":"pa_rfid-tillbehor-nyckelband-halsband","15":"tm-no-options","17":"first","18":"instock","19":"sale","20":"featured","21":"taxable","22":"shipping-taxable","23":"purchasable","24":"product-type-simple"},"acf":[],"_links":{"self":[{"href":"https:\/\/secureus.se\/fr\/wp-json\/wp\/v2\/product\/57237","targetHints":{"allow":["GET"]}}],"collection":[{"href":"https:\/\/secureus.se\/fr\/wp-json\/wp\/v2\/product"}],"about":[{"href":"https:\/\/secureus.se\/fr\/wp-json\/wp\/v2\/types\/product"}],"wp:featuredmedia":[{"embeddable":true,"href":"https:\/\/secureus.se\/fr\/wp-json\/wp\/v2\/media\/145162"}],"wp:attachment":[{"href":"https:\/\/secureus.se\/fr\/wp-json\/wp\/v2\/media?parent=57237"}],"wp:term":[{"taxonomy":"product_brand","embeddable":true,"href":"https:\/\/secureus.se\/fr\/wp-json\/wp\/v2\/product_brand?post=57237"},{"taxonomy":"product_cat","embeddable":true,"href":"https:\/\/secureus.se\/fr\/wp-json\/wp\/v2\/product_cat?post=57237"},{"taxonomy":"product_tag","embeddable":true,"href":"https:\/\/secureus.se\/fr\/wp-json\/wp\/v2\/product_tag?post=57237"}],"curies":[{"name":"wp","href":"https:\/\/api.w.org\/{rel}","templated":true}]}}