{"id":57242,"date":"2022-03-10T15:27:00","date_gmt":"2022-03-10T14:27:00","guid":{"rendered":"https:\/\/secureus.se\/produkt\/ensidig-eko-serie-id-korthallare-staende-for-cr80-kort-100-pack-farg-genomskinlig\/"},"modified":"2026-01-20T14:36:48","modified_gmt":"2026-01-20T13:36:48","slug":"id-korthallare-passerkortshallare-transparent-enkel-staende-100-pack","status":"publish","type":"product","link":"https:\/\/secureus.se\/fr\/id-korthallare-passerkortshallare-transparent-enkel-staende-100-pack\/","title":{"rendered":"Porte-cartes pour cartes d&#039;acc\u00e8s \/ cartes d&#039;identit\u00e9 \u2013 Eko BioBadge CR80 Vertical, simple face, transparent (paquet de 100)"},"content":{"rendered":"<p>Notre porte-carte d&#039;identit\u00e9 transparent simple face au format portrait allie fonctionnalit\u00e9 et conscience environnementale. Fabriqu\u00e9 \u00e0 partir de plastique oxo-d\u00e9gradable, ce porte-cartes offre une solution durable et fiable pour afficher clairement les cartes d&#039;identit\u00e9 et les cartes d&#039;acc\u00e8s.<\/p>\n<ul>\n<li><strong>Vendu en paquet de 100<\/strong><\/li>\n<li><strong>Mesure:<\/strong> 86x54mm<\/li>\n<li><strong>Convient aux cartes de taille CR80 standard<\/strong><\/li>\n<li><strong>Conception simple face pour une pr\u00e9sentation optimale des cartes<\/strong><\/li>\n<li>Les bords moul\u00e9s emp\u00eachent les courbures et les fissures<\/li>\n<\/ul>\n<p>Parfait pour une utilisation dans les environnements de travail, les \u00e9v\u00e9nements et autres lieux o\u00f9 une identification s\u00e9curis\u00e9e est requise. Un choix pratique et \u00e9cologique pour votre organisation.<\/p>\n<p><strong>Choisissez d\u00e8s aujourd\u2019hui une alternative fiable et respectueuse de l\u2019environnement pour vos d\u00e9tenteurs de cartes d\u2019identit\u00e9 !<\/strong><\/p>","protected":false},"excerpt":{"rendered":"<p>Porte-carte d&#039;identit\u00e9 transparent simple face au format portrait, en plastique oxo-d\u00e9gradable. Convient aux cartes standard au format CR80 (86 \u00d7 54 mm). Livr\u00e9 en paquets de 100.<\/p>","protected":false},"featured_media":145184,"template":"","meta":{"_acf_changed":false},"product_brand":[],"product_cat":[4888,1667],"product_tag":[4523,2869,2851,4525],"class_list":{"0":"post-57242","1":"product","2":"type-product","3":"status-publish","4":"has-post-thumbnail","6":"product_cat-enkelsidig-staende-korthallare","7":"product_cat-korthallare-passerkort-idkort","8":"product_tag-enkelsidig-korthallare","9":"product_tag-korthallare-staende","10":"product_tag-korthallare-staende-eko","11":"product_tag-transparent-korthallare","12":"product_shipping_class-tunga-paket","13":"pa_brands-stonehouse-security","14":"pa_farg-transparent","15":"pa_rfid-tillbehor-korthallare","16":"tm-no-options","18":"first","19":"instock","20":"sale","21":"taxable","22":"shipping-taxable","23":"purchasable","24":"product-type-simple"},"acf":[],"_links":{"self":[{"href":"https:\/\/secureus.se\/fr\/wp-json\/wp\/v2\/product\/57242","targetHints":{"allow":["GET"]}}],"collection":[{"href":"https:\/\/secureus.se\/fr\/wp-json\/wp\/v2\/product"}],"about":[{"href":"https:\/\/secureus.se\/fr\/wp-json\/wp\/v2\/types\/product"}],"wp:featuredmedia":[{"embeddable":true,"href":"https:\/\/secureus.se\/fr\/wp-json\/wp\/v2\/media\/145184"}],"wp:attachment":[{"href":"https:\/\/secureus.se\/fr\/wp-json\/wp\/v2\/media?parent=57242"}],"wp:term":[{"taxonomy":"product_brand","embeddable":true,"href":"https:\/\/secureus.se\/fr\/wp-json\/wp\/v2\/product_brand?post=57242"},{"taxonomy":"product_cat","embeddable":true,"href":"https:\/\/secureus.se\/fr\/wp-json\/wp\/v2\/product_cat?post=57242"},{"taxonomy":"product_tag","embeddable":true,"href":"https:\/\/secureus.se\/fr\/wp-json\/wp\/v2\/product_tag?post=57242"}],"curies":[{"name":"wp","href":"https:\/\/api.w.org\/{rel}","templated":true}]}}