{"id":57260,"date":"2022-03-10T15:26:00","date_gmt":"2022-03-10T14:26:00","guid":{"rendered":"https:\/\/secureus.se\/produkt\/nyckelband-eko-15-mm-med-jojo-50-pack-farg-navy-bla\/"},"modified":"2026-02-23T09:43:24","modified_gmt":"2026-02-23T08:43:24","slug":"nyckelband-eko-15-mm-med-jojo-50-pack-farg-navy-bla","status":"publish","type":"product","link":"https:\/\/secureus.se\/fr\/nyckelband-eko-15-mm-med-jojo-50-pack-farg-navy-bla\/","title":{"rendered":"Porte-cl\u00e9s Eco Blue - Marine 15 mm avec yo-yo paquet de 50"},"content":{"rendered":"<p>Porte-cl\u00e9s 15 mm PET avec yoyo qui est un choix pour vous qui souhaitez r\u00e9duire notre empreinte carbone sur l&#039;environnement.<\/p>\n<p>Les porte-cl\u00e9s sont fabriqu\u00e9s \u00e0 partir de bouteilles en plastique recycl\u00e9es, ce qui en fait une alternative plus \u00e9cologique au polyester.<\/p>\n<p>Convient pour le contr\u00f4le d&#039;acc\u00e8s<\/p>\n<p>Emball\u00e9 dans des sacs de f\u00e9cule de ma\u00efs sans PVC<\/p>\n<p>&nbsp;<\/p>","protected":false},"excerpt":{"rendered":"<p>Porte-cl\u00e9s 15 mm PET avec yo-yo qui est un choix pour vous qui souhaitez r\u00e9duire notre empreinte carbone sur l&#039;environnement. Les porte-cl\u00e9s sont fabriqu\u00e9s \u00e0 partir de bouteilles en plastique recycl\u00e9es, ce qui en fait un<\/p>","protected":false},"featured_media":145656,"template":"","meta":{"_acf_changed":false},"product_brand":[],"product_cat":[1676,2902,1875],"product_tag":[],"class_list":{"0":"post-57260","1":"product","2":"type-product","3":"status-publish","4":"has-post-thumbnail","6":"product_cat-jojos-och-nyckelringar","7":"product_cat-jojo-yoyo-med-nyckelband-jojo-yoyo","8":"product_cat-nyckelband","9":"product_shipping_class-tunga-paket","10":"pa_brands-stonehouse-security","11":"pa_farg-bla","12":"pa_farg-nyckelband-navybla","13":"pa_rfid-tillbehor-nyckelband-halsband","14":"tm-no-options","16":"first","17":"instock","18":"sale","19":"featured","20":"taxable","21":"shipping-taxable","22":"purchasable","23":"product-type-simple"},"acf":[],"_links":{"self":[{"href":"https:\/\/secureus.se\/fr\/wp-json\/wp\/v2\/product\/57260","targetHints":{"allow":["GET"]}}],"collection":[{"href":"https:\/\/secureus.se\/fr\/wp-json\/wp\/v2\/product"}],"about":[{"href":"https:\/\/secureus.se\/fr\/wp-json\/wp\/v2\/types\/product"}],"wp:featuredmedia":[{"embeddable":true,"href":"https:\/\/secureus.se\/fr\/wp-json\/wp\/v2\/media\/145656"}],"wp:attachment":[{"href":"https:\/\/secureus.se\/fr\/wp-json\/wp\/v2\/media?parent=57260"}],"wp:term":[{"taxonomy":"product_brand","embeddable":true,"href":"https:\/\/secureus.se\/fr\/wp-json\/wp\/v2\/product_brand?post=57260"},{"taxonomy":"product_cat","embeddable":true,"href":"https:\/\/secureus.se\/fr\/wp-json\/wp\/v2\/product_cat?post=57260"},{"taxonomy":"product_tag","embeddable":true,"href":"https:\/\/secureus.se\/fr\/wp-json\/wp\/v2\/product_tag?post=57260"}],"curies":[{"name":"wp","href":"https:\/\/api.w.org\/{rel}","templated":true}]}}