{"id":57261,"date":"2022-03-10T15:26:00","date_gmt":"2022-03-10T14:26:00","guid":{"rendered":"https:\/\/secureus.se\/produkt\/jojo-mini-svart\/"},"modified":"2026-04-02T17:26:28","modified_gmt":"2026-04-02T15:26:28","slug":"utdragbar-nyckelring-jojo-abs-30mm-flera-farger","status":"publish","type":"product","link":"https:\/\/secureus.se\/fr\/utdragbar-nyckelring-jojo-abs-30mm-flera-farger\/","title":{"rendered":"Porte-cl\u00e9s r\u00e9tractable avec yoyo et clip \u2013 Noir 30mm"},"content":{"rendered":"<p>Ce yo-yo flexible populaire est fabriqu\u00e9 en plastique ABS durable et est livr\u00e9 avec un porte-cl\u00e9s en m\u00e9tal. Avec une taille de 30 mm de diam\u00e8tre et 10 mm d&#039;\u00e9paisseur, il est compact mais robuste, parfait pour un usage quotidien. \u00c9quip\u00e9 d&#039;un cordon durable de 60 cm, il offre \u00e0 la fois commodit\u00e9 et fonctionnalit\u00e9.<\/p>\n<h4>Caract\u00e9ristiques et avantages\u00a0:<\/h4>\n<ul>\n<li><strong>Conception durable\u00a0:<\/strong> Fabriqu\u00e9 en plastique ABS r\u00e9sistant pour une utilisation durable.<\/li>\n<li><strong>Clip de ceinture solide\u00a0:<\/strong> Dispositif de fixation stable pour une fixation s\u00e9curis\u00e9e aux ceintures, poches ou sacs.<\/li>\n<li><strong>Porte-cl\u00e9s en m\u00e9tal solide :<\/strong> Porte-cl\u00e9s en m\u00e9tal robuste pour une durabilit\u00e9 accrue.<\/li>\n<li><strong>Plusieurs choix de couleurs :<\/strong> Disponible en noir, jaune, blanc, bleu et vert pour s&#039;adapter \u00e0 votre style et \u00e0 vos besoins.<\/li>\n<li><strong>Longueur de cha\u00eene longue\u00a0:<\/strong> Equip\u00e9 d&#039;un cordon en nylon de 60 cm de long pour un acc\u00e8s facile.<\/li>\n<\/ul>\n<h4>Domaines d&#039;utilisation :<\/h4>\n<ul>\n<li><strong>Personnel de bureau\u00a0:<\/strong> Parfait pour garder les cl\u00e9s ou les cartes d&#039;identit\u00e9 facilement accessibles.<\/li>\n<li><strong>Personnel de s\u00e9curit\u00e9\u00a0:<\/strong> Id\u00e9al pour transporter du mat\u00e9riel de s\u00e9curit\u00e9 ou des cl\u00e9s.<\/li>\n<li><strong>Personnel de l&#039;\u00e9v\u00e9nement\u00a0:<\/strong> Pratique pour garder les cartes d&#039;identit\u00e9 ou les cartes d&#039;acc\u00e8s visibles et facilement accessibles.<\/li>\n<li><strong>Utilisation quotidienne :<\/strong> Une solution pratique pour tous ceux qui ont besoin d&#039;un acc\u00e8s rapide et facile \u00e0 leurs cl\u00e9s ou cartes.<\/li>\n<\/ul>\n<h4>Sp\u00e9cification technique :<\/h4>\n<ul>\n<li><strong>Mat\u00e9riel:<\/strong> Plastique ABS<\/li>\n<li><strong>Taille:<\/strong> 30 mm de diam\u00e8tre, 10 mm d&#039;\u00e9paisseur<\/li>\n<li><strong>Longueur du cordon\u00a0:<\/strong> 60 cm<\/li>\n<li><strong>Peinture:<\/strong> Noir, jaune, blanc, bleu, vert<\/li>\n<\/ul>\n<h3>Avantages du porte-cl\u00e9s extensible :<\/h3>\n<ul>\n<li>Installation simple et directe<\/li>\n<li>Aucun per\u00e7age requis<\/li>\n<li>Installation rapide<\/li>\n<li>Id\u00e9al pour les toits solides comme le b\u00e9ton, o\u00f9 le per\u00e7age peut \u00eatre difficile ou ind\u00e9sirable<\/li>\n<\/ul>","protected":false},"excerpt":{"rendered":"<p>Ce porte-cl\u00e9s coulissant pratique avec yoyo en plastique ABS est parfait pour un acc\u00e8s facile et s\u00e9curis\u00e9 \u00e0 vos cl\u00e9s ou cartes d&#039;identit\u00e9. Il est livr\u00e9 avec un porte-cl\u00e9s en m\u00e9tal et un clip robuste pour une fixation s\u00e9curis\u00e9e.<\/p>","protected":false},"featured_media":147641,"template":"","meta":{"_acf_changed":false},"product_brand":[],"product_cat":[1676,2901,1324],"product_tag":[2416,2958],"class_list":{"0":"post-57261","1":"product","2":"type-product","3":"status-publish","4":"has-post-thumbnail","6":"product_cat-jojos-och-nyckelringar","7":"product_cat-jojo-yoyo-alltid-i-lager","8":"product_cat-outlet","9":"product_tag-rel-rfid-tillbehor","10":"product_tag-stonehouse-produkt","11":"product_shipping_class-postnord-varubrev","12":"pa_brands-stonehouse-security","13":"pa_farg-svart","14":"pa_rfid-tillbehor-jojo","15":"tm-no-options","17":"first","18":"instock","19":"sale","20":"featured","21":"taxable","22":"shipping-taxable","23":"purchasable","24":"product-type-simple"},"acf":[],"_links":{"self":[{"href":"https:\/\/secureus.se\/fr\/wp-json\/wp\/v2\/product\/57261","targetHints":{"allow":["GET"]}}],"collection":[{"href":"https:\/\/secureus.se\/fr\/wp-json\/wp\/v2\/product"}],"about":[{"href":"https:\/\/secureus.se\/fr\/wp-json\/wp\/v2\/types\/product"}],"wp:featuredmedia":[{"embeddable":true,"href":"https:\/\/secureus.se\/fr\/wp-json\/wp\/v2\/media\/147641"}],"wp:attachment":[{"href":"https:\/\/secureus.se\/fr\/wp-json\/wp\/v2\/media?parent=57261"}],"wp:term":[{"taxonomy":"product_brand","embeddable":true,"href":"https:\/\/secureus.se\/fr\/wp-json\/wp\/v2\/product_brand?post=57261"},{"taxonomy":"product_cat","embeddable":true,"href":"https:\/\/secureus.se\/fr\/wp-json\/wp\/v2\/product_cat?post=57261"},{"taxonomy":"product_tag","embeddable":true,"href":"https:\/\/secureus.se\/fr\/wp-json\/wp\/v2\/product_tag?post=57261"}],"curies":[{"name":"wp","href":"https:\/\/api.w.org\/{rel}","templated":true}]}}