{"id":57263,"date":"2022-03-10T15:26:00","date_gmt":"2022-03-10T14:26:00","guid":{"rendered":"https:\/\/secureus.se\/produkt\/nyckelband-eko-10-mm-sakerhetsspanne-hummerklamma-i-metall-100-pack-farg-navy-bla\/"},"modified":"2026-01-02T12:12:04","modified_gmt":"2026-01-02T11:12:04","slug":"nyckelband-10mm-marinbla-metallklamma-100-pack","status":"publish","type":"product","link":"https:\/\/secureus.se\/fr\/nyckelband-10mm-marinbla-metallklamma-100-pack\/","title":{"rendered":"Porte-cl\u00e9s 10 mm Bleu Marine Eco - Mousqueton en m\u00e9tal et boucle de s\u00e9curit\u00e9 - Paquet de 100"},"content":{"rendered":"<p>Ces cordons bleu marine d&#039;une largeur de 10 mm sont le choix optimal pour une solution professionnelle et durable. Fabriqu\u00e9s \u00e0 partir d&#039;un mat\u00e9riau PET recycl\u00e9 robuste, ils combinent un profil respectueux de l&#039;environnement avec une fonctionnalit\u00e9 \u00e9lev\u00e9e. La longueur standard de 90 cm (longueur de chute de 45 cm pour les adultes) les rend confortables \u00e0 utiliser dans de nombreux contextes diff\u00e9rents, des lieux de travail et des \u00e9coles aux \u00e9v\u00e9nements et conf\u00e9rences.<\/p>\n<ul>\n<li><strong>Mat\u00e9riaux recycl\u00e9s\u00a0:<\/strong> Fabriqu\u00e9 en mat\u00e9riau PET durable et respectueux de l&#039;environnement.<\/li>\n<li><strong>Pince \u00e0 homard en m\u00e9tal\u00a0:<\/strong> Parfait pour s\u00e9curiser les cartes d&#039;identit\u00e9, les porte-cl\u00e9s ou les cartes d&#039;acc\u00e8s.<\/li>\n<li><strong>Boucle de s\u00e9curit\u00e9\u00a0:<\/strong> Pour une lib\u00e9ration s\u00fbre et rapide en cas de besoin.<\/li>\n<li><strong>Domaines d&#039;utilisation flexibles\u00a0:<\/strong> Excellent pour afficher des cartes d&#039;identit\u00e9, des cartes de visite, des porte-cl\u00e9s, des cl\u00e9s USB et des t\u00e9l\u00e9phones portables.<\/li>\n<li><strong>Couleurs disponibles\u00a0:<\/strong> \u00c9galement disponible en noir, bleu clair, vert, orange, rose, rouge, blanc et jaune.<\/li>\n<\/ul>\n<p><strong>Caract\u00e9ristiques:<\/strong><\/p>\n<ul>\n<li><strong>Largeur:<\/strong> 10 millim\u00e8tres<\/li>\n<li><strong>Longueur:<\/strong> 90 cm (longueur de chute de 45 cm)<\/li>\n<li><strong>Mat\u00e9riel:<\/strong> Mat\u00e9riau PET recycl\u00e9<\/li>\n<li><strong>Conditionnement:<\/strong> 100 pi\u00e8ces par paquet<\/li>\n<\/ul>\n<p>Ces cordons bleu marine offrent \u00e0 la fois style et durabilit\u00e9, ce qui les rend id\u00e9aux pour les organisations \u00e0 la recherche de produits de haute qualit\u00e9 et respectueux de l&#039;environnement.<\/p>","protected":false},"excerpt":{"rendered":"<p>Longes bleu marine durables d&#039;une largeur de 10 mm, fabriqu\u00e9es \u00e0 partir de mat\u00e9riau PET recycl\u00e9. Equip\u00e9 d&#039;un fermoir mousqueton en m\u00e9tal et d&#039;une boucle de s\u00e9curit\u00e9. Vendu en paquet de 100.<\/p>","protected":false},"featured_media":145642,"template":"","meta":{"_acf_changed":false},"product_brand":[],"product_cat":[1875],"product_tag":[4348,4352],"class_list":{"0":"post-57263","1":"product","2":"type-product","3":"status-publish","4":"has-post-thumbnail","6":"product_cat-nyckelband","7":"product_tag-10mm","8":"product_tag-blaa-nyckelband","9":"product_shipping_class-tunga-paket","10":"pa_brands-stonehouse-security","11":"pa_farg-bla-navy","12":"pa_farg-nyckelband-navybla","13":"pa_rfid-tillbehor-nyckelband-halsband","14":"tm-no-options","16":"first","17":"instock","18":"sale","19":"featured","20":"taxable","21":"shipping-taxable","22":"purchasable","23":"product-type-simple"},"acf":[],"_links":{"self":[{"href":"https:\/\/secureus.se\/fr\/wp-json\/wp\/v2\/product\/57263","targetHints":{"allow":["GET"]}}],"collection":[{"href":"https:\/\/secureus.se\/fr\/wp-json\/wp\/v2\/product"}],"about":[{"href":"https:\/\/secureus.se\/fr\/wp-json\/wp\/v2\/types\/product"}],"wp:featuredmedia":[{"embeddable":true,"href":"https:\/\/secureus.se\/fr\/wp-json\/wp\/v2\/media\/145642"}],"wp:attachment":[{"href":"https:\/\/secureus.se\/fr\/wp-json\/wp\/v2\/media?parent=57263"}],"wp:term":[{"taxonomy":"product_brand","embeddable":true,"href":"https:\/\/secureus.se\/fr\/wp-json\/wp\/v2\/product_brand?post=57263"},{"taxonomy":"product_cat","embeddable":true,"href":"https:\/\/secureus.se\/fr\/wp-json\/wp\/v2\/product_cat?post=57263"},{"taxonomy":"product_tag","embeddable":true,"href":"https:\/\/secureus.se\/fr\/wp-json\/wp\/v2\/product_tag?post=57263"}],"curies":[{"name":"wp","href":"https:\/\/api.w.org\/{rel}","templated":true}]}}