{"id":57285,"date":"2022-03-10T15:26:00","date_gmt":"2022-03-10T14:26:00","guid":{"rendered":"https:\/\/secureus.se\/produkt\/nyckelband-eko-10-mm-sakerhetsspanne-hummerklamma-i-metall-100-pack-farg-gron\/"},"modified":"2026-02-19T14:34:53","modified_gmt":"2026-02-19T13:34:53","slug":"nyckelband-10mm-morkgron-metallklamma-100-pack","status":"publish","type":"product","link":"https:\/\/secureus.se\/fr\/nyckelband-10mm-morkgron-metallklamma-100-pack\/","title":{"rendered":"Porte-cl\u00e9s 10 mm Vert Fonc\u00e9 - Mousqueton en M\u00e9tal et Boucle de S\u00e9curit\u00e9 - Paquet de 100"},"content":{"rendered":"<p>Ces cordons vert fonc\u00e9 de 10 mm de large allient durabilit\u00e9 et design pratique pour un usage professionnel et personnel. Fabriqu\u00e9s \u00e0 partir de PET recycl\u00e9, ils constituent une alternative respectueuse de l\u2019environnement tout en offrant une durabilit\u00e9 et une fiabilit\u00e9 \u00e9lev\u00e9es.<\/p>\n<ul>\n<li><strong>Mat\u00e9riaux durables\u00a0:<\/strong> Fabriqu\u00e9 \u00e0 partir de PET recycl\u00e9 pour une solution respectueuse de l&#039;environnement.<\/li>\n<li><strong>Pince \u00e0 homard en m\u00e9tal\u00a0:<\/strong> S\u00fbr et durable pour attacher des cartes d&#039;identit\u00e9, des porte-cl\u00e9s ou des cartes d&#039;acc\u00e8s.<\/li>\n<li><strong>Boucle de s\u00e9curit\u00e9\u00a0:<\/strong> Permet une lib\u00e9ration rapide en cas de besoin et augmente la s\u00e9curit\u00e9 de l&#039;utilisateur.<\/li>\n<li><strong>Design \u00e9l\u00e9gant :<\/strong> La couleur vert fonc\u00e9 donne un look professionnel et se combine facilement avec des uniformes ou des v\u00eatements de travail.<\/li>\n<li><strong>Domaines d&#039;utilisation polyvalents\u00a0:<\/strong> Parfait pour les cartes d&#039;identit\u00e9, les cartes de visite, les porte-cl\u00e9s, les cl\u00e9s USB et les t\u00e9l\u00e9phones portables.<\/li>\n<\/ul>\n<p><strong>Caract\u00e9ristiques:<\/strong><\/p>\n<ul>\n<li><strong>Largeur:<\/strong> 10 millim\u00e8tres<\/li>\n<li><strong>Longueur:<\/strong> 90 cm (longueur de chute de 45 cm)<\/li>\n<li><strong>Mat\u00e9riel:<\/strong> Mat\u00e9riau PET recycl\u00e9<\/li>\n<li><strong>Peinture:<\/strong> Vert fonc\u00e9<\/li>\n<li><strong>Conditionnement:<\/strong> 100 pi\u00e8ces par paquet<\/li>\n<\/ul>\n<p>Ces cordons vert fonc\u00e9 sont \u00e0 la fois fonctionnels et durables et sont parfaits pour les affaires, les \u00e9v\u00e9nements ou un usage quotidien. Avec leur design \u00e9l\u00e9gant et leurs mat\u00e9riaux de haute qualit\u00e9, ils constituent un excellent choix pour tous les besoins.<\/p>","protected":false},"excerpt":{"rendered":"<p>Longes vert fonc\u00e9 durables de 10 mm de largeur, fabriqu\u00e9es \u00e0 partir de mat\u00e9riau PET recycl\u00e9. Equip\u00e9 d&#039;un fermoir mousqueton en m\u00e9tal et d&#039;une boucle de s\u00e9curit\u00e9. Vendu en paquet de 100.<\/p>","protected":false},"featured_media":145570,"template":"","meta":{"_acf_changed":false},"product_brand":[],"product_cat":[1875],"product_tag":[4348,4350],"class_list":{"0":"post-57285","1":"product","2":"type-product","3":"status-publish","4":"has-post-thumbnail","6":"product_cat-nyckelband","7":"product_tag-10mm","8":"product_tag-grona-nyckelband","9":"product_shipping_class-tunga-paket","10":"pa_brands-stonehouse-security","11":"pa_farg-gron","12":"pa_farg-nyckelband-gron","13":"pa_rfid-tillbehor-nyckelband-halsband","14":"tm-no-options","16":"first","17":"instock","18":"sale","19":"featured","20":"taxable","21":"shipping-taxable","22":"purchasable","23":"product-type-simple"},"acf":[],"_links":{"self":[{"href":"https:\/\/secureus.se\/fr\/wp-json\/wp\/v2\/product\/57285","targetHints":{"allow":["GET"]}}],"collection":[{"href":"https:\/\/secureus.se\/fr\/wp-json\/wp\/v2\/product"}],"about":[{"href":"https:\/\/secureus.se\/fr\/wp-json\/wp\/v2\/types\/product"}],"wp:featuredmedia":[{"embeddable":true,"href":"https:\/\/secureus.se\/fr\/wp-json\/wp\/v2\/media\/145570"}],"wp:attachment":[{"href":"https:\/\/secureus.se\/fr\/wp-json\/wp\/v2\/media?parent=57285"}],"wp:term":[{"taxonomy":"product_brand","embeddable":true,"href":"https:\/\/secureus.se\/fr\/wp-json\/wp\/v2\/product_brand?post=57285"},{"taxonomy":"product_cat","embeddable":true,"href":"https:\/\/secureus.se\/fr\/wp-json\/wp\/v2\/product_cat?post=57285"},{"taxonomy":"product_tag","embeddable":true,"href":"https:\/\/secureus.se\/fr\/wp-json\/wp\/v2\/product_tag?post=57285"}],"curies":[{"name":"wp","href":"https:\/\/api.w.org\/{rel}","templated":true}]}}