{"id":57291,"date":"2022-03-10T15:26:00","date_gmt":"2022-03-10T14:26:00","guid":{"rendered":"https:\/\/secureus.se\/produkt\/nyckelband-eko-10-mm-sakerhetsspanne-hummerklamma-i-metall-100-pack-farg-bla\/"},"modified":"2025-12-31T19:37:30","modified_gmt":"2025-12-31T18:37:30","slug":"nyckelband-10mm-ljusbla-metallklamma-100-pack","status":"publish","type":"product","link":"https:\/\/secureus.se\/fr\/nyckelband-10mm-ljusbla-metallklamma-100-pack\/","title":{"rendered":"Porte-cl\u00e9s 10 mm Bleu Clair Eco - Mousqueton en M\u00e9tal et Boucle de S\u00e9curit\u00e9 - Paquet de 100"},"content":{"rendered":"<p>Ces cordons bleu clair de 10 mm de large sont le choix parfait pour leur durabilit\u00e9 et leur praticit\u00e9. Fabriqu\u00e9s \u00e0 partir de mat\u00e9riau PET recycl\u00e9 durable, ils allient conscience environnementale et fonctionnalit\u00e9. Avec une longueur standard de 90 cm (longueur de chute de 45 cm pour les adultes) et une boucle de s\u00e9curit\u00e9, ils sont con\u00e7us pour s&#039;adapter \u00e0 une vari\u00e9t\u00e9 d&#039;utilisations telles que les lieux de travail, les \u00e9v\u00e9nements et les \u00e9coles.<\/p>\n<ul>\n<li><strong>Mat\u00e9riaux recycl\u00e9s\u00a0:<\/strong> Mat\u00e9riau PET durable et respectueux de l&#039;environnement.<\/li>\n<li><strong>Pince \u00e0 homard en m\u00e9tal\u00a0:<\/strong> S\u00fbr et robuste pour les cartes d&#039;identit\u00e9, les porte-cl\u00e9s ou les cartes d&#039;acc\u00e8s.<\/li>\n<li><strong>Boucle de s\u00e9curit\u00e9\u00a0:<\/strong> Facile \u00e0 d\u00e9tacher pour plus de s\u00e9curit\u00e9 et de commodit\u00e9.<\/li>\n<li><strong>Domaines d&#039;utilisation :<\/strong> Parfait pour les cartes d&#039;identit\u00e9, les cartes de visite, les porte-cl\u00e9s, les cl\u00e9s USB et les t\u00e9l\u00e9phones portables.<\/li>\n<li><strong>Couleurs:<\/strong> \u00c9galement disponible dans d&#039;autres couleurs comme le noir, le bleu, le vert, l&#039;orange, le rose, le rouge, le blanc et le jaune.<\/li>\n<\/ul>\n<p><strong>Caract\u00e9ristiques:<\/strong><\/p>\n<ul>\n<li><strong>Largeur:<\/strong> 10 millim\u00e8tres<\/li>\n<li><strong>Longueur:<\/strong> 90 cm (longueur de chute de 45 cm)<\/li>\n<li><strong>Mat\u00e9riel:<\/strong> Mat\u00e9riau PET recycl\u00e9<\/li>\n<li><strong>Conditionnement:<\/strong> 100 pi\u00e8ces par paquet<\/li>\n<\/ul>\n<p>Ces cordons bleu clair offrent une combinaison de style et de fonctionnalit\u00e9, ce qui en fait un choix parfait pour les organisations qui privil\u00e9gient la qualit\u00e9 et la durabilit\u00e9.<\/p>","protected":false},"excerpt":{"rendered":"<p>Cordons bleu clair durables de 10 mm de largeur avec fermoir mousqueton en m\u00e9tal et boucle de s\u00e9curit\u00e9. Fabriqu\u00e9 \u00e0 partir de PET recycl\u00e9 et vendu en paquets de 100.<\/p>","protected":false},"featured_media":145290,"template":"","meta":{"_acf_changed":false},"product_brand":[],"product_cat":[1875],"product_tag":[4348,4352],"class_list":{"0":"post-57291","1":"product","2":"type-product","3":"status-publish","4":"has-post-thumbnail","6":"product_cat-nyckelband","7":"product_tag-10mm","8":"product_tag-blaa-nyckelband","9":"product_shipping_class-tunga-paket","10":"pa_brands-stonehouse-security","11":"pa_farg-bla","12":"pa_farg-nyckelband-bla","13":"pa_rfid-tillbehor-nyckelband-halsband","14":"tm-no-options","16":"first","17":"instock","18":"sale","19":"featured","20":"taxable","21":"shipping-taxable","22":"purchasable","23":"product-type-simple"},"acf":[],"_links":{"self":[{"href":"https:\/\/secureus.se\/fr\/wp-json\/wp\/v2\/product\/57291","targetHints":{"allow":["GET"]}}],"collection":[{"href":"https:\/\/secureus.se\/fr\/wp-json\/wp\/v2\/product"}],"about":[{"href":"https:\/\/secureus.se\/fr\/wp-json\/wp\/v2\/types\/product"}],"wp:featuredmedia":[{"embeddable":true,"href":"https:\/\/secureus.se\/fr\/wp-json\/wp\/v2\/media\/145290"}],"wp:attachment":[{"href":"https:\/\/secureus.se\/fr\/wp-json\/wp\/v2\/media?parent=57291"}],"wp:term":[{"taxonomy":"product_brand","embeddable":true,"href":"https:\/\/secureus.se\/fr\/wp-json\/wp\/v2\/product_brand?post=57291"},{"taxonomy":"product_cat","embeddable":true,"href":"https:\/\/secureus.se\/fr\/wp-json\/wp\/v2\/product_cat?post=57291"},{"taxonomy":"product_tag","embeddable":true,"href":"https:\/\/secureus.se\/fr\/wp-json\/wp\/v2\/product_tag?post=57291"}],"curies":[{"name":"wp","href":"https:\/\/api.w.org\/{rel}","templated":true}]}}