{"id":57293,"date":"2022-03-10T15:26:00","date_gmt":"2022-03-10T14:26:00","guid":{"rendered":"https:\/\/secureus.se\/produkt\/jojo-zink-abs-med-modern-design-svart\/"},"modified":"2026-04-22T13:24:17","modified_gmt":"2026-04-22T11:24:17","slug":"utdragbar-nyckelring-jojo-zink-abs-modern-design-svart","status":"publish","type":"product","link":"https:\/\/secureus.se\/fr\/utdragbar-nyckelring-jojo-zink-abs-modern-design-svart\/","title":{"rendered":"Porte-cl\u00e9s r\u00e9tractable avec cordon Yo-Yo et clip \u2013 Design moderne \u2013 Noir"},"content":{"rendered":"<div>\n<p><strong>Porte-cl\u00e9s r\u00e9tractable avec Jojo - Zinc\/ABS, Design Moderne, Noir<\/strong><\/p>\n<p>Ce porte-cl\u00e9s yo-yo extensible moderne est parfait pour un acc\u00e8s s\u00fbr et facile \u00e0 vos cl\u00e9s ou cartes d&#039;identit\u00e9. Fabriqu\u00e9 en zinc et plastique ABS de haute qualit\u00e9, il offre un design robuste et \u00e9l\u00e9gant. Equip\u00e9 d&#039;un dispositif de fixation stable et de clips, il se fixe facilement aux ceintures, poches ou sacs.<\/p>\n<h4><strong>Caract\u00e9ristiques et avantages<\/strong><\/h4>\n<ul>\n<li><strong>Conception durable\u00a0:<\/strong> Fabriqu\u00e9 en zinc et plastique ABS pour une durabilit\u00e9 durable.<\/li>\n<li><strong>Dispositif de fixation stable\u00a0:<\/strong> Clips pour une fixation s\u00e9curis\u00e9e aux ceintures, poches ou sacs.<\/li>\n<li><strong>Yo-yo r\u00e9tractable\u00a0:<\/strong> Cordon en nylon de 70 cm de long pour un acc\u00e8s facile et rapide.<\/li>\n<li><strong>Moderne et \u00e9l\u00e9gant :<\/strong> Couleur noire et design moderne qui convient aussi bien aux environnements professionnels que quotidiens.<\/li>\n<li><strong>Personnalisable\u00a0:<\/strong> \u00c9galement disponible en rouge.<\/li>\n<\/ul>\n<h4><strong>Domaines d&#039;utilisation<\/strong><\/h4>\n<ul>\n<li><strong>Personnel de bureau\u00a0:<\/strong> Parfait pour garder les cl\u00e9s ou les cartes d&#039;identit\u00e9 facilement accessibles.<\/li>\n<li><strong>Personnel de s\u00e9curit\u00e9\u00a0:<\/strong> Assez robuste pour transporter du mat\u00e9riel de s\u00e9curit\u00e9 ou des cl\u00e9s.<\/li>\n<li><strong>Personnel de l&#039;\u00e9v\u00e9nement\u00a0:<\/strong> Id\u00e9al pour garder les cartes d&#039;identit\u00e9 ou les cartes d&#039;acc\u00e8s visibles et facilement accessibles.<\/li>\n<li><strong>Utilisation quotidienne :<\/strong> Une solution pratique pour tous ceux qui ont besoin d&#039;un acc\u00e8s rapide et facile \u00e0 leurs cl\u00e9s ou cartes.<\/li>\n<\/ul>\n<h4><strong>Sp\u00e9cification technique<\/strong><\/h4>\n<ul>\n<li><strong>Taille:<\/strong> 33\u00d752 millim\u00e8tres<\/li>\n<li><strong>Longueur du cordon\u00a0:<\/strong> 70 cm<\/li>\n<li><strong>Mat\u00e9riel:<\/strong> Zinc\/ABS<\/li>\n<li><strong>Peinture:<\/strong> Noir (\u00e9galement disponible en rouge)<\/li>\n<\/ul>\n<\/div>","protected":false},"excerpt":{"rendered":"<p>Porte-cl\u00e9s extensible avec yoyo en plastique Zinc\/ABS de haute qualit\u00e9, id\u00e9al pour un acc\u00e8s facile et s\u00fbr aux cl\u00e9s ou aux cartes d&#039;identit\u00e9. Design noir \u00e9l\u00e9gant avec clip stable pour une fixation facile.<\/p>","protected":false},"featured_media":147650,"template":"","meta":{"_acf_changed":false},"product_brand":[],"product_cat":[1676,2901,1324],"product_tag":[2958],"class_list":{"0":"post-57293","1":"product","2":"type-product","3":"status-publish","4":"has-post-thumbnail","6":"product_cat-jojos-och-nyckelringar","7":"product_cat-jojo-yoyo-alltid-i-lager","8":"product_cat-outlet","9":"product_tag-stonehouse-produkt","10":"product_shipping_class-postnord-varubrev","11":"pa_brands-stonehouse-security","12":"pa_farg-svart","13":"pa_rfid-tillbehor-jojo","14":"tm-no-options","16":"first","17":"onbackorder","18":"sale","19":"featured","20":"taxable","21":"shipping-taxable","22":"purchasable","23":"product-type-simple"},"acf":[],"_links":{"self":[{"href":"https:\/\/secureus.se\/fr\/wp-json\/wp\/v2\/product\/57293","targetHints":{"allow":["GET"]}}],"collection":[{"href":"https:\/\/secureus.se\/fr\/wp-json\/wp\/v2\/product"}],"about":[{"href":"https:\/\/secureus.se\/fr\/wp-json\/wp\/v2\/types\/product"}],"wp:featuredmedia":[{"embeddable":true,"href":"https:\/\/secureus.se\/fr\/wp-json\/wp\/v2\/media\/147650"}],"wp:attachment":[{"href":"https:\/\/secureus.se\/fr\/wp-json\/wp\/v2\/media?parent=57293"}],"wp:term":[{"taxonomy":"product_brand","embeddable":true,"href":"https:\/\/secureus.se\/fr\/wp-json\/wp\/v2\/product_brand?post=57293"},{"taxonomy":"product_cat","embeddable":true,"href":"https:\/\/secureus.se\/fr\/wp-json\/wp\/v2\/product_cat?post=57293"},{"taxonomy":"product_tag","embeddable":true,"href":"https:\/\/secureus.se\/fr\/wp-json\/wp\/v2\/product_tag?post=57293"}],"curies":[{"name":"wp","href":"https:\/\/api.w.org\/{rel}","templated":true}]}}