{"id":57295,"date":"2022-03-10T15:26:00","date_gmt":"2022-03-10T14:26:00","guid":{"rendered":"https:\/\/secureus.se\/produkt\/nyckelband-eko-10-mm-sakerhetsspanne-hummerklamma-i-metall-100-pack-farg-orange\/"},"modified":"2026-01-02T12:11:16","modified_gmt":"2026-01-02T11:11:16","slug":"nyckelband-10mm-orange-metallklamma-100-pack","status":"publish","type":"product","link":"https:\/\/secureus.se\/fr\/nyckelband-10mm-orange-metallklamma-100-pack\/","title":{"rendered":"Porte-cl\u00e9s 10 mm Orange Eco - Mati\u00e8re Recycl\u00e9e - Clip m\u00e9tal - Paquet de 100"},"content":{"rendered":"<p>Ces cordons orange d&#039;une largeur de 10 mm offrent un \u00e9quilibre parfait entre fonctionnalit\u00e9 et durabilit\u00e9. Fabriqu\u00e9s \u00e0 partir d\u2019un mat\u00e9riau PET recycl\u00e9 robuste, ils sont \u00e0 la fois respectueux de l\u2019environnement et fiables. Mesurant 90 cm de longueur (longueur de chute de 45 cm pour les adultes) et \u00e9quip\u00e9s d&#039;une boucle de s\u00e9curit\u00e9 ainsi que d&#039;un fermoir mousqueton en m\u00e9tal durable, ces cordons sont id\u00e9aux pour une vari\u00e9t\u00e9 d&#039;utilisations.<\/p>\n<ul>\n<li><strong>Mat\u00e9riaux recycl\u00e9s\u00a0:<\/strong> Fabriqu\u00e9 en mat\u00e9riau PET durable et respectueux de l&#039;environnement.<\/li>\n<li><strong>Pince \u00e0 homard en m\u00e9tal\u00a0:<\/strong> Fournit une fixation s\u00e9curis\u00e9e pour les cartes d&#039;identit\u00e9, les porte-cl\u00e9s ou les cartes d&#039;acc\u00e8s.<\/li>\n<li><strong>Boucle de s\u00e9curit\u00e9\u00a0:<\/strong> Pour une lib\u00e9ration facile et rapide en cas de besoin.<\/li>\n<li><strong>Couleur et visibilit\u00e9\u00a0:<\/strong> La couleur orange rend les porte-cl\u00e9s faciles \u00e0 voir et \u00e0 identifier.<\/li>\n<li><strong>Domaines d&#039;utilisation flexibles\u00a0:<\/strong> Parfait pour les cartes d&#039;identit\u00e9, les cartes de visite, les porte-cl\u00e9s, les cl\u00e9s USB et les t\u00e9l\u00e9phones portables.<\/li>\n<\/ul>\n<p><strong>Caract\u00e9ristiques:<\/strong><\/p>\n<ul>\n<li><strong>Largeur:<\/strong> 10 millim\u00e8tres<\/li>\n<li><strong>Longueur:<\/strong> 90 cm (longueur de chute de 45 cm)<\/li>\n<li><strong>Mat\u00e9riel:<\/strong> Mat\u00e9riau PET recycl\u00e9<\/li>\n<li><strong>Conditionnement:<\/strong> 100 pi\u00e8ces par paquet<\/li>\n<\/ul>\n<p>Alliant durabilit\u00e9 et style, ces cordons orange sont un excellent choix pour tous ceux qui recherchent une solution fiable et \u00e9cologique pour transporter leurs cartes d&#039;identit\u00e9 ou leurs porte-cl\u00e9s.<\/p>","protected":false},"excerpt":{"rendered":"<p>Longes orange durables d&#039;une largeur de 10 mm, fabriqu\u00e9es \u00e0 partir de mat\u00e9riau PET recycl\u00e9. Equip\u00e9 d&#039;un fermoir mousqueton en m\u00e9tal et d&#039;une boucle de s\u00e9curit\u00e9. Vendu en paquet de 100.<\/p>","protected":false},"featured_media":145577,"template":"","meta":{"_acf_changed":false},"product_brand":[],"product_cat":[1875],"product_tag":[4348,4353],"class_list":{"0":"post-57295","1":"product","2":"type-product","3":"status-publish","4":"has-post-thumbnail","6":"product_cat-nyckelband","7":"product_tag-10mm","8":"product_tag-orange-nyckelband","9":"product_shipping_class-tunga-paket","10":"pa_brands-stonehouse-security","11":"pa_farg-orange","12":"pa_farg-nyckelband-orange","13":"pa_rfid-tillbehor-nyckelband-halsband","14":"tm-no-options","16":"first","17":"instock","18":"sale","19":"featured","20":"taxable","21":"shipping-taxable","22":"purchasable","23":"product-type-simple"},"acf":[],"_links":{"self":[{"href":"https:\/\/secureus.se\/fr\/wp-json\/wp\/v2\/product\/57295","targetHints":{"allow":["GET"]}}],"collection":[{"href":"https:\/\/secureus.se\/fr\/wp-json\/wp\/v2\/product"}],"about":[{"href":"https:\/\/secureus.se\/fr\/wp-json\/wp\/v2\/types\/product"}],"wp:featuredmedia":[{"embeddable":true,"href":"https:\/\/secureus.se\/fr\/wp-json\/wp\/v2\/media\/145577"}],"wp:attachment":[{"href":"https:\/\/secureus.se\/fr\/wp-json\/wp\/v2\/media?parent=57295"}],"wp:term":[{"taxonomy":"product_brand","embeddable":true,"href":"https:\/\/secureus.se\/fr\/wp-json\/wp\/v2\/product_brand?post=57295"},{"taxonomy":"product_cat","embeddable":true,"href":"https:\/\/secureus.se\/fr\/wp-json\/wp\/v2\/product_cat?post=57295"},{"taxonomy":"product_tag","embeddable":true,"href":"https:\/\/secureus.se\/fr\/wp-json\/wp\/v2\/product_tag?post=57295"}],"curies":[{"name":"wp","href":"https:\/\/api.w.org\/{rel}","templated":true}]}}