{"id":57298,"date":"2022-03-10T15:26:00","date_gmt":"2022-03-10T14:26:00","guid":{"rendered":"https:\/\/secureus.se\/produkt\/nyckelring-vit-10-pack\/"},"modified":"2025-12-31T19:46:18","modified_gmt":"2025-12-31T18:46:18","slug":"nyckelbricka-vit","status":"publish","type":"product","link":"https:\/\/secureus.se\/fr\/nyckelbricka-vit\/","title":{"rendered":"Porte-cl\u00e9s Blanc"},"content":{"rendered":"<div>\n<h4>Plateau \u00e0 cl\u00e9s de couleur blanche pour un rangement simple et organis\u00e9 des cl\u00e9s<\/h4>\n<p>Ces balises \u00e0 touches blanches facilitent l&#039;organisation et la recherche des bonnes cl\u00e9s ou balises. Chaque porte-cl\u00e9s est \u00e9quip\u00e9 d&#039;un plateau en plastique et d&#039;un porte-cl\u00e9s robuste, ce qui les rend parfaits pour un usage personnel et professionnel.<\/p>\n<h3>Caract\u00e9ristiques et avantages<\/h3>\n<ul>\n<li><strong>Identification claire<\/strong>: Couleur rouge qui permet de trouver facilement et d&#039;identifier rapidement la bonne cl\u00e9.<\/li>\n<li><strong>Construction durable<\/strong>: Fabriqu\u00e9 avec un plateau en plastique robuste et un porte-cl\u00e9s solide pour une utilisation \u00e0 long terme.<\/li>\n<li><strong>Utilisation polyvalente<\/strong>: Parfait pour organiser les cl\u00e9s, les \u00e9tiquettes et autres petits objets.<\/li>\n<li><strong>Facile \u00e0 utiliser<\/strong>: Facile \u00e0 monter et \u00e0 utiliser pour garder vos cl\u00e9s ou \u00e9tiquettes bien en place.<\/li>\n<\/ul>\n<h3>Caract\u00e9ristiques<\/h3>\n<ul>\n<li><strong>Peinture<\/strong>: Rouge<\/li>\n<li><strong>Mat\u00e9riel<\/strong>: Plastique et m\u00e9tal<\/li>\n<li><strong>Domaines d&#039;utilisation<\/strong>: Cl\u00e9s, tags, petits objets<\/li>\n<\/ul>\n<h3>Domaines d&#039;utilisation<\/h3>\n<ul>\n<li><strong>Maison et bureau<\/strong>: Id\u00e9al pour organiser les cl\u00e9s \u00e0 la maison ou au bureau.<\/li>\n<li><strong>\u00c9coles et institutions<\/strong>: Parfait pour garder les cl\u00e9s et les \u00e9tiquettes organis\u00e9es dans les \u00e9coles et autres institutions.<\/li>\n<li><strong>Entreprise et entrep\u00f4t<\/strong>: Utilis\u00e9 pour \u00e9tiqueter et organiser les cl\u00e9s et les \u00e9tiquettes dans les entreprises et les entrep\u00f4ts.<\/li>\n<\/ul>\n<\/div>\n<div class=\"addthis_toolbox\"><\/div>","protected":false},"excerpt":{"rendered":"<p><strong>Porte-cl\u00e9s Blanc<\/strong><\/p>\n<p>Organisez et trouvez facilement vos cl\u00e9s avec ces porte-cl\u00e9s noirs. Parfait pour un usage personnel et professionnel.<\/p>","protected":false},"featured_media":145410,"template":"","meta":{"_acf_changed":false},"product_brand":[],"product_cat":[1895],"product_tag":[2958],"class_list":{"0":"post-57298","1":"product","2":"type-product","3":"status-publish","4":"has-post-thumbnail","6":"product_cat-nyckelbrickor","7":"product_tag-stonehouse-produkt","8":"product_shipping_class-postnord-varubrev","9":"pa_brands-stonehouse-security","10":"pa_farg-vit","11":"pa_rfid-tillbehor-nyckelringar","12":"tm-no-options","14":"first","15":"instock","16":"sale","17":"featured","18":"taxable","19":"shipping-taxable","20":"purchasable","21":"product-type-simple"},"acf":[],"_links":{"self":[{"href":"https:\/\/secureus.se\/fr\/wp-json\/wp\/v2\/product\/57298","targetHints":{"allow":["GET"]}}],"collection":[{"href":"https:\/\/secureus.se\/fr\/wp-json\/wp\/v2\/product"}],"about":[{"href":"https:\/\/secureus.se\/fr\/wp-json\/wp\/v2\/types\/product"}],"wp:featuredmedia":[{"embeddable":true,"href":"https:\/\/secureus.se\/fr\/wp-json\/wp\/v2\/media\/145410"}],"wp:attachment":[{"href":"https:\/\/secureus.se\/fr\/wp-json\/wp\/v2\/media?parent=57298"}],"wp:term":[{"taxonomy":"product_brand","embeddable":true,"href":"https:\/\/secureus.se\/fr\/wp-json\/wp\/v2\/product_brand?post=57298"},{"taxonomy":"product_cat","embeddable":true,"href":"https:\/\/secureus.se\/fr\/wp-json\/wp\/v2\/product_cat?post=57298"},{"taxonomy":"product_tag","embeddable":true,"href":"https:\/\/secureus.se\/fr\/wp-json\/wp\/v2\/product_tag?post=57298"}],"curies":[{"name":"wp","href":"https:\/\/api.w.org\/{rel}","templated":true}]}}