{"id":57299,"date":"2022-03-10T15:26:00","date_gmt":"2022-03-10T14:26:00","guid":{"rendered":"https:\/\/secureus.se\/produkt\/nyckelband-eko-10-mm-sakerhetsspanne-hummerklamma-i-metall-100-pack-farg-rosa\/"},"modified":"2025-12-31T19:40:19","modified_gmt":"2025-12-31T18:40:19","slug":"nyckelband-eko-10-mm-sakerhetsspanne-hummerklamma-i-metall-100-pack-farg-rosa","status":"publish","type":"product","link":"https:\/\/secureus.se\/fr\/nyckelband-eko-10-mm-sakerhetsspanne-hummerklamma-i-metall-100-pack-farg-rosa\/","title":{"rendered":"Porte-cl\u00e9s Eco Rose 10 mm Boucle de s\u00e9curit\u00e9 fermoir mousqueton paquet de 100"},"content":{"rendered":"<p>Bracelet polyester rouge Deluxe 10 mm avec boucle de s\u00e9curit\u00e9 &quot;clip mousqueton&quot; en m\u00e9tal.<\/p>\n<p>Livr\u00e9 par paquet de 100 cl\u00e9s<\/p>\n<p>La boucle de s\u00e9curit\u00e9 offre une s\u00e9curit\u00e9 accrue en se desserrant lorsqu&#039;elle est tir\u00e9e ou coinc\u00e9e, par ex. machinerie.<\/p>\n<p>Le cordon peut \u00eatre facilement rattach\u00e9 une fois d\u00e9tach\u00e9.<\/p>\n<p>Parfait pour afficher des cartes d&#039;identit\u00e9, des cartes de visiteur ou pour attacher d&#039;autres objets tels que des t\u00e9l\u00e9phones portables, des sifflets, des cl\u00e9s USB, etc.<\/p>","protected":false},"excerpt":{"rendered":"<p>Bracelet de luxe en polyester rouge de 10 mm avec fermeture \u00e0 boucle de s\u00e9curit\u00e9 \u00ab pince \u00e0 homard \u00bb en m\u00e9tal. Fourni en paquets de 100 cl\u00e9s. La boucle de s\u00e9curit\u00e9 offre une s\u00e9curit\u00e9 accrue en se desserrant lorsqu&#039;elle est tir\u00e9e ou coinc\u00e9e.<\/p>","protected":false},"featured_media":145297,"template":"","meta":{"_acf_changed":false},"product_brand":[],"product_cat":[1875],"product_tag":[4348,4354],"class_list":{"0":"post-57299","1":"product","2":"type-product","3":"status-publish","4":"has-post-thumbnail","6":"product_cat-nyckelband","7":"product_tag-10mm","8":"product_tag-rosa-nyckelband","9":"product_shipping_class-tunga-paket","10":"pa_brands-stonehouse-security","11":"pa_farg-rosa","12":"pa_farg-nyckelband-rosa","13":"pa_rfid-tillbehor-nyckelband-halsband","14":"tm-no-options","16":"first","17":"instock","18":"sale","19":"featured","20":"taxable","21":"shipping-taxable","22":"purchasable","23":"product-type-simple"},"acf":[],"_links":{"self":[{"href":"https:\/\/secureus.se\/fr\/wp-json\/wp\/v2\/product\/57299","targetHints":{"allow":["GET"]}}],"collection":[{"href":"https:\/\/secureus.se\/fr\/wp-json\/wp\/v2\/product"}],"about":[{"href":"https:\/\/secureus.se\/fr\/wp-json\/wp\/v2\/types\/product"}],"wp:featuredmedia":[{"embeddable":true,"href":"https:\/\/secureus.se\/fr\/wp-json\/wp\/v2\/media\/145297"}],"wp:attachment":[{"href":"https:\/\/secureus.se\/fr\/wp-json\/wp\/v2\/media?parent=57299"}],"wp:term":[{"taxonomy":"product_brand","embeddable":true,"href":"https:\/\/secureus.se\/fr\/wp-json\/wp\/v2\/product_brand?post=57299"},{"taxonomy":"product_cat","embeddable":true,"href":"https:\/\/secureus.se\/fr\/wp-json\/wp\/v2\/product_cat?post=57299"},{"taxonomy":"product_tag","embeddable":true,"href":"https:\/\/secureus.se\/fr\/wp-json\/wp\/v2\/product_tag?post=57299"}],"curies":[{"name":"wp","href":"https:\/\/api.w.org\/{rel}","templated":true}]}}