{"id":57365,"date":"2022-03-10T15:15:00","date_gmt":"2022-03-10T14:15:00","guid":{"rendered":"https:\/\/secureus.se\/produkt\/2-vags-tradlos-lumin8-utomhus-siren-orange-wicomm-pro-och-agility\/"},"modified":"2026-01-30T08:07:36","modified_gmt":"2026-01-30T07:07:36","slug":"risco-siren-2-vags-lumin8-utomhus-105db","status":"publish","type":"product","link":"https:\/\/secureus.se\/fr\/risco-siren-2-vags-lumin8-utomhus-105db\/","title":{"rendered":"Sir\u00e8ne Risco LUMIN8 bidirectionnelle \u2013 Ext\u00e9rieure 105 dB"},"content":{"rendered":"<h1>Sir\u00e8ne Risco LUMIN8 bidirectionnelle \u2013 Ext\u00e9rieure 105 dB<\/h1>\n<p data-start=\"441\" data-end=\"848\">La sir\u00e8ne ext\u00e9rieure sans fil Risco LUMIN8 RWS401 est une solution de s\u00e9curit\u00e9 puissante con\u00e7ue pour fournir un avertissement sonore et visuel lorsqu&#039;une alarme est d\u00e9clench\u00e9e.<\/p>\n<p data-start=\"441\" data-end=\"848\">Avec un niveau sonore de 105 dB et une puissante lumi\u00e8re stroboscopique, cette sir\u00e8ne fournit un avertissement clair et audible dans tous les environnements ext\u00e9rieurs.<\/p>\n<p data-start=\"441\" data-end=\"848\">Il s&#039;agit d&#039;une sir\u00e8ne enti\u00e8rement aliment\u00e9e par batterie et sans fil qui offre une installation facile sans avoir besoin de c\u00e2bles externes ou d&#039;installations compliqu\u00e9es.<\/p>\n<p data-start=\"850\" data-end=\"1233\">La sir\u00e8ne est con\u00e7ue pour \u00eatre enti\u00e8rement surveill\u00e9e et offre de nombreuses fonctionnalit\u00e9s qui am\u00e9liorent la s\u00e9curit\u00e9 et l&#039;exp\u00e9rience utilisateur.<\/p>\n<p data-start=\"850\" data-end=\"1233\">Il comprend une fonction de pr\u00e9-alarme qui s&#039;active pendant le compte \u00e0 rebours du d\u00e9lai d&#039;entr\u00e9e et envoie une alarme si la sir\u00e8ne est vandalis\u00e9e pendant ce temps.<\/p>\n<p data-start=\"850\" data-end=\"1233\">Cela permet \u00e0 la sir\u00e8ne d&#039;agir ind\u00e9pendamment du panneau de contr\u00f4le, am\u00e9liorant ainsi la s\u00e9curit\u00e9 globale du syst\u00e8me.<\/p>\n<p data-start=\"1235\" data-end=\"1552\">Une autre caract\u00e9ristique cl\u00e9 de la sir\u00e8ne LUMIN8 est sa communication sans fil bidirectionnelle, qui lui permet d&#039;\u00eatre enti\u00e8rement int\u00e9gr\u00e9e aux syst\u00e8mes de s\u00e9curit\u00e9 RISCO tels qu&#039;Agility\u2122 et WisDom.<\/p>\n<p data-start=\"1235\" data-end=\"1552\">Cela garantit que la sir\u00e8ne peut \u00eatre programm\u00e9e \u00e0 distance et effectuer des autotests pour garantir qu&#039;elle est en parfait \u00e9tat de fonctionnement.<\/p>\n<p data-start=\"1554\" data-end=\"1973\">La sir\u00e8ne est \u00e9galement con\u00e7ue pour fournir divers messages audio lors de l&#039;armement ou du d\u00e9sarmement du syst\u00e8me, y compris un message de 4 cris pour indiquer que l&#039;alarme a \u00e9t\u00e9 d\u00e9clench\u00e9e.<\/p>\n<p data-start=\"1554\" data-end=\"1973\">Il s\u2019agit d\u2019une fonctionnalit\u00e9 importante pour identifier rapidement si une effraction a eu lieu ou si le syst\u00e8me a \u00e9t\u00e9 sabot\u00e9.<\/p>\n<p data-start=\"1554\" data-end=\"1973\">Il dispose \u00e9galement d&#039;une alarme anti-sabotage locale qui se d\u00e9clenche apr\u00e8s le d\u00e9lai d&#039;entr\u00e9e, offrant une protection suppl\u00e9mentaire \u00e0 l&#039;installation.<\/p>\n<p data-start=\"1975\" data-end=\"2176\">Avec une plage de temp\u00e9rature de -25\u00b0C \u00e0 60\u00b0C, cette sir\u00e8ne est suffisamment durable pour \u00eatre utilis\u00e9e dans diverses conditions m\u00e9t\u00e9orologiques et poss\u00e8de un indice de protection IP44, ce qui la rend r\u00e9sistante \u00e0 l&#039;eau et prot\u00e9g\u00e9e contre la poussi\u00e8re et la salet\u00e9.<\/p>\n<p data-start=\"2178\" data-end=\"2208\"><strong data-start=\"2178\" data-end=\"2206\">Caract\u00e9ristiques principales :<\/strong><\/p>\n<ul data-start=\"2209\" data-end=\"2877\">\n<li data-start=\"2209\" data-end=\"2276\">\n<p data-start=\"2211\" data-end=\"2276\"><strong data-start=\"2211\" data-end=\"2235\">Enti\u00e8rement aliment\u00e9 par batterie :<\/strong> Utilise 5 piles au lithium CR123, 3 V<\/p>\n<\/li>\n<li data-start=\"2277\" data-end=\"2329\">\n<p data-start=\"2279\" data-end=\"2329\"><strong data-start=\"2279\" data-end=\"2292\">Niveau sonore :<\/strong> 105 dB \u00e0 1 m\u00e8tre (volume r\u00e9glable)<\/p>\n<\/li>\n<li data-start=\"2330\" data-end=\"2432\">\n<p data-start=\"2332\" data-end=\"2432\"><strong data-start=\"2332\" data-end=\"2357\">Indicateurs visuels :<\/strong> Lentille en polycarbonate avec lumi\u00e8re stroboscopique, fr\u00e9quence de flash de 60 fois par minute<\/p>\n<\/li>\n<li data-start=\"2433\" data-end=\"2513\">\n<p data-start=\"2435\" data-end=\"2513\"><strong data-start=\"2435\" data-end=\"2454\">Indication d&#039;alarme :<\/strong> Comprend une indication de sabotage et une indication de batterie faible<\/p>\n<\/li>\n<li data-start=\"2514\" data-end=\"2576\">\n<p data-start=\"2516\" data-end=\"2576\"><strong data-start=\"2516\" data-end=\"2535\">Compatibilit\u00e9:<\/strong> RISCO Agility\u2122, syst\u00e8me de s\u00e9curit\u00e9 WisDom<\/p>\n<\/li>\n<li data-start=\"2577\" data-end=\"2645\">\n<p data-start=\"2579\" data-end=\"2645\"><strong data-start=\"2579\" data-end=\"2599\">Fonction de pr\u00e9-alarme :<\/strong> Alarme anti-vandalisme pendant le d\u00e9lai d&#039;entr\u00e9e<\/p>\n<\/li>\n<li data-start=\"2646\" data-end=\"2690\">\n<p data-start=\"2648\" data-end=\"2690\"><strong data-start=\"2648\" data-end=\"2672\">Plage de temp\u00e9rature\u00a0:<\/strong> -25\u00b0C \u00e0 60\u00b0C<\/p>\n<\/li>\n<li data-start=\"2691\" data-end=\"2747\">\n<p data-start=\"2693\" data-end=\"2747\"><strong data-start=\"2693\" data-end=\"2710\">Indice IP\u00a0:<\/strong> IP44 \u2013 r\u00e9sistant \u00e0 l&#039;eau et \u00e0 la poussi\u00e8re<\/p>\n<\/li>\n<li data-start=\"2748\" data-end=\"2822\">\n<p data-start=\"2750\" data-end=\"2822\"><strong data-start=\"2750\" data-end=\"2767\">Installation:<\/strong> Installation sans fil facile avec un c\u00e2blage minimal<\/p>\n<\/li>\n<li data-start=\"2823\" data-end=\"2877\">\n<p data-start=\"2825\" data-end=\"2877\"><strong data-start=\"2825\" data-end=\"2840\">Autonomie de la batterie\u00a0:<\/strong> Jusqu&#039;\u00e0 3 ans selon l&#039;utilisation<\/p>\n<\/li>\n<\/ul>\n<p data-start=\"2879\" data-end=\"2910\"><strong data-start=\"2879\" data-end=\"2908\">Sp\u00e9cifications techniques\u00a0:<\/strong><\/p>\n<ul data-start=\"2911\" data-end=\"3153\">\n<li data-start=\"2911\" data-end=\"2945\">\n<p data-start=\"2913\" data-end=\"2945\"><strong data-start=\"2913\" data-end=\"2925\">Taille:<\/strong> 273 x 230 x 64 mm<\/p>\n<\/li>\n<li data-start=\"2946\" data-end=\"2986\">\n<p data-start=\"2948\" data-end=\"2986\"><strong data-start=\"2948\" data-end=\"2957\">Poids:<\/strong> 1 kg (piles comprises)<\/p>\n<\/li>\n<li data-start=\"2987\" data-end=\"3012\">\n<p data-start=\"2989\" data-end=\"3012\"><strong data-start=\"2989\" data-end=\"3002\">Fr\u00e9quence:<\/strong> 868 MHz<\/p>\n<\/li>\n<li data-start=\"3013\" data-end=\"3062\">\n<p data-start=\"3015\" data-end=\"3062\"><strong data-start=\"3015\" data-end=\"3030\">Type de batterie\u00a0:<\/strong> 5 piles au lithium CR123, 3 V<\/p>\n<\/li>\n<li data-start=\"3063\" data-end=\"3111\">\n<p data-start=\"3065\" data-end=\"3111\"><strong data-start=\"3065\" data-end=\"3084\">Classe de s\u00e9curit\u00e9 :<\/strong> Classe IV pour une utilisation en ext\u00e9rieur<\/p>\n<\/li>\n<li data-start=\"3112\" data-end=\"3153\">\n<p data-start=\"3114\" data-end=\"3153\"><strong data-start=\"3114\" data-end=\"3137\">Temp\u00e9rature de stockage :<\/strong> -20\u00b0C \u00e0 60\u00b0C<\/p>\n<\/li>\n<\/ul>\n<p data-start=\"3155\" data-end=\"3437\">Le Risco LUMIN8 RWS401 est la solution parfaite pour la s\u00e9curit\u00e9 dans les environnements ext\u00e9rieurs et offre \u00e0 la fois un niveau sonore \u00e9lev\u00e9 et un avertissement visible en cas d&#039;alarme.<\/p>\n<p data-start=\"3155\" data-end=\"3437\">Avec sa communication sans fil bidirectionnelle et son installation facile, cette sir\u00e8ne est \u00e0 la fois flexible et fiable pour tous les types d&#039;installations de s\u00e9curit\u00e9.<\/p>","protected":false},"excerpt":{"rendered":"<p>La Risco LUMIN8 RWS401 est une sir\u00e8ne ext\u00e9rieure sans fil aliment\u00e9e par batterie avec un niveau sonore de 105 dB et une lumi\u00e8re stroboscopique pour une grande visibilit\u00e9.<\/p>\n<p>Con\u00e7u pour Agility WiComm Pro, il est parfait pour une installation rapide et flexible dans n&#039;importe quel environnement ext\u00e9rieur.<\/p>","protected":false},"featured_media":145316,"template":"","meta":{"_acf_changed":false},"product_brand":[],"product_cat":[2731,3190],"product_tag":[3152,2266,2262,2420,3070],"class_list":{"0":"post-57365","1":"product","2":"type-product","3":"status-publish","4":"has-post-thumbnail","6":"product_cat-risco-larm","7":"product_cat-sirener-risco-larm","8":"product_tag-cr123-tillbehor","9":"product_tag-larmdon-blixtljus-blixtljus-i-samma-enhet","10":"product_tag-larmdon-siren-utomhus","11":"product_tag-rel-larmdonblixt","12":"product_tag-wicomm-pro-siren","13":"product_shipping_class-postnord-varubrev","14":"pa_brands-4risco","15":"pa_risco-produkter-agility-3","16":"pa_risco-produkter-agility-4","17":"pa_wicomm-pro-kategorier-sinerer","18":"tm-no-options","20":"first","21":"instock","22":"sale","23":"featured","24":"taxable","25":"shipping-taxable","26":"purchasable","27":"product-type-simple"},"acf":[],"_links":{"self":[{"href":"https:\/\/secureus.se\/fr\/wp-json\/wp\/v2\/product\/57365","targetHints":{"allow":["GET"]}}],"collection":[{"href":"https:\/\/secureus.se\/fr\/wp-json\/wp\/v2\/product"}],"about":[{"href":"https:\/\/secureus.se\/fr\/wp-json\/wp\/v2\/types\/product"}],"wp:featuredmedia":[{"embeddable":true,"href":"https:\/\/secureus.se\/fr\/wp-json\/wp\/v2\/media\/145316"}],"wp:attachment":[{"href":"https:\/\/secureus.se\/fr\/wp-json\/wp\/v2\/media?parent=57365"}],"wp:term":[{"taxonomy":"product_brand","embeddable":true,"href":"https:\/\/secureus.se\/fr\/wp-json\/wp\/v2\/product_brand?post=57365"},{"taxonomy":"product_cat","embeddable":true,"href":"https:\/\/secureus.se\/fr\/wp-json\/wp\/v2\/product_cat?post=57365"},{"taxonomy":"product_tag","embeddable":true,"href":"https:\/\/secureus.se\/fr\/wp-json\/wp\/v2\/product_tag?post=57365"}],"curies":[{"name":"wp","href":"https:\/\/api.w.org\/{rel}","templated":true}]}}