{"id":57366,"date":"2022-03-10T15:15:00","date_gmt":"2022-03-10T14:15:00","guid":{"rendered":"https:\/\/secureus.se\/produkt\/2-vags-tradlos-panda-keyfob-fjarrkontroll-agililty4-och-wicomm-pro\/"},"modified":"2026-03-14T12:52:33","modified_gmt":"2026-03-14T11:52:33","slug":"risco-fjarrkontroll-2-vags","status":"publish","type":"product","link":"https:\/\/secureus.se\/fr\/risco-fjarrkontroll-2-vags\/","title":{"rendered":"T\u00e9l\u00e9commande Risco 2 voies"},"content":{"rendered":"<h1>T\u00e9l\u00e9commande Risco 2 voies<\/h1>\n<p data-start=\"478\" data-end=\"845\">La t\u00e9l\u00e9commande bidirectionnelle RISCO Panda (mod. RWX332KF800B) est la derni\u00e8re innovation du groupe RISCO, con\u00e7ue pour offrir un maximum de confort et de s\u00e9curit\u00e9 aux utilisateurs des syst\u00e8mes d&#039;intrusion RISCO.<\/p>\n<p data-start=\"478\" data-end=\"845\">La t\u00e9l\u00e9commande combine un design moderne et \u00e9pur\u00e9 avec une communication sans fil bidirectionnelle avanc\u00e9e, ce qui en fait un excellent choix pour les maisons et les petits bureaux.<\/p>\n<p data-start=\"847\" data-end=\"1241\">La t\u00e9l\u00e9commande bidirectionnelle Panda est particuli\u00e8rement conviviale et facile \u00e0 configurer.<\/p>\n<p data-start=\"847\" data-end=\"1241\">Il est compatible avec tous les syst\u00e8mes de s\u00e9curit\u00e9 sans fil et hybrides RISCO et offre aux utilisateurs un moyen pratique de contr\u00f4ler leurs syst\u00e8mes d&#039;alarme et de s\u00e9curit\u00e9.<\/p>\n<p data-start=\"847\" data-end=\"1241\">La t\u00e9l\u00e9commande est \u00e9quip\u00e9e de grandes touches, ce qui facilite son utilisation pour armer et d\u00e9sarmer le syst\u00e8me, ainsi que pour envoyer des alarmes de panique.<\/p>\n<p data-start=\"1243\" data-end=\"1561\">L\u2019une des fonctionnalit\u00e9s les plus pratiques de la t\u00e9l\u00e9commande Panda est sa communication sans fil bidirectionnelle.<\/p>\n<p data-start=\"1243\" data-end=\"1561\">Lorsqu&#039;une commande est envoy\u00e9e au panneau, l&#039;utilisateur re\u00e7oit un \u00e9tat de confirmation via la LED de la t\u00e9l\u00e9commande.<\/p>\n<p data-start=\"1243\" data-end=\"1561\">Cela rassure et confirme que la commande a \u00e9t\u00e9 re\u00e7ue et trait\u00e9e par le syst\u00e8me de s\u00e9curit\u00e9.<\/p>\n<p data-start=\"1563\" data-end=\"1831\">La t\u00e9l\u00e9commande est \u00e9galement facile \u00e0 transporter, car elle peut \u00eatre mont\u00e9e sur une cha\u00eene ou port\u00e9e en pendentif, ce qui la rend pratique pour une utilisation quotidienne.<\/p>\n<p data-start=\"1563\" data-end=\"1831\">Gr\u00e2ce au remplacement facile de la batterie, l&#039;utilisateur peut facilement entretenir l&#039;appareil sans avoir \u00e0 se soucier des temps d&#039;arr\u00eat ou des difficult\u00e9s.<\/p>\n<p data-start=\"1833\" data-end=\"1863\"><strong data-start=\"1833\" data-end=\"1861\">Caract\u00e9ristiques principales :<\/strong><\/p>\n<ul data-start=\"1864\" data-end=\"2462\">\n<li data-start=\"1864\" data-end=\"1938\">\n<p data-start=\"1866\" data-end=\"1938\"><strong data-start=\"1866\" data-end=\"1900\">Communication sans fil bidirectionnelle :<\/strong> Re\u00e7oit le statut de confirmation du syst\u00e8me<\/p>\n<\/li>\n<li data-start=\"1939\" data-end=\"2022\">\n<p data-start=\"1941\" data-end=\"2022\"><strong data-start=\"1941\" data-end=\"1962\">Facilit\u00e9 d&#039;utilisation :<\/strong> Grandes touches pour une utilisation rapide et facile du syst\u00e8me<\/p>\n<\/li>\n<li data-start=\"2023\" data-end=\"2099\">\n<p data-start=\"2025\" data-end=\"2099\"><strong data-start=\"2025\" data-end=\"2043\">Contr\u00f4le de panique :<\/strong> Possibilit\u00e9 d&#039;envoyer des alarmes de panique au syst\u00e8me de s\u00e9curit\u00e9<\/p>\n<\/li>\n<li data-start=\"2100\" data-end=\"2166\">\n<p data-start=\"2102\" data-end=\"2166\"><strong data-start=\"2102\" data-end=\"2113\">Portable:<\/strong> Peut \u00eatre mont\u00e9 sur une cha\u00eene ou port\u00e9 en pendentif<\/p>\n<\/li>\n<li data-start=\"2167\" data-end=\"2251\">\n<p data-start=\"2169\" data-end=\"2251\"><strong data-start=\"2169\" data-end=\"2188\">Compatibilit\u00e9:<\/strong> Fonctionne avec tous les syst\u00e8mes d&#039;intrusion sans fil et hybrides RISCO<\/p>\n<\/li>\n<li data-start=\"2252\" data-end=\"2320\">\n<p data-start=\"2254\" data-end=\"2320\"><strong data-start=\"2254\" data-end=\"2270\">Remplacement de la batterie :<\/strong> Batterie facile \u00e0 remplacer pour une utilisation \u00e0 long terme<\/p>\n<\/li>\n<li data-start=\"2321\" data-end=\"2407\">\n<p data-start=\"2323\" data-end=\"2407\"><strong data-start=\"2323\" data-end=\"2344\">Indicateur LED :<\/strong> Confirme l&#039;\u00e9tat de chaque commande envoy\u00e9e au panneau<\/p>\n<\/li>\n<li data-start=\"2408\" data-end=\"2462\">\n<p data-start=\"2410\" data-end=\"2462\"><strong data-start=\"2410\" data-end=\"2421\">Conception:<\/strong> Moderne et compact pour une utilisation pratique<\/p>\n<\/li>\n<\/ul>\n<p data-start=\"2464\" data-end=\"2495\"><strong data-start=\"2464\" data-end=\"2493\">Sp\u00e9cifications techniques\u00a0:<\/strong><\/p>\n<ul data-start=\"2496\" data-end=\"2714\">\n<li data-start=\"2496\" data-end=\"2521\">\n<p data-start=\"2498\" data-end=\"2521\"><strong data-start=\"2498\" data-end=\"2511\">Fr\u00e9quence:<\/strong> 868 MHz<\/p>\n<\/li>\n<li data-start=\"2522\" data-end=\"2581\">\n<p data-start=\"2524\" data-end=\"2581\"><strong data-start=\"2524\" data-end=\"2545\">Alimentation\u00a0:<\/strong> Fonctionne sur batterie (remplacement facile des piles)<\/p>\n<\/li>\n<li data-start=\"2582\" data-end=\"2649\">\n<p data-start=\"2584\" data-end=\"2649\"><strong data-start=\"2584\" data-end=\"2603\">Compatibilit\u00e9:<\/strong> Agility\u2122, WiComm Pro et autres syst\u00e8mes RISCO<\/p>\n<\/li>\n<li data-start=\"2650\" data-end=\"2714\">\n<p data-start=\"2652\" data-end=\"2714\"><strong data-start=\"2652\" data-end=\"2665\">Fonction:<\/strong> Alarme activ\u00e9e\/d\u00e9sactiv\u00e9e, alarme panique, \u00e9tat de confirmation bidirectionnel<\/p>\n<\/li>\n<\/ul>\n<p data-start=\"2716\" data-end=\"2980\">Cette t\u00e9l\u00e9commande bidirectionnelle Panda est un accessoire parfait pour les utilisateurs \u00e0 la recherche d&#039;un contr\u00f4le simple mais efficace de leurs syst\u00e8mes de s\u00e9curit\u00e9.<\/p>\n<p data-start=\"2716\" data-end=\"2980\">Avec ses fonctionnalit\u00e9s conviviales et sa communication fiable, il offre une solution s\u00e9curis\u00e9e et flexible pour une utilisation quotidienne.<\/p>\n<p><a href=\"https:\/\/www.riscogroup.com\/products\/product\/52708\" target=\"_blank\" rel=\"noopener\">Ici, vous pouvez en savoir plus sur WiCom Pro sur le site Web de Risco Group\u00a0<\/a><\/p>\n<p><iframe title=\"Wicomm Smart Hub \u00c9tats-Unis\" width=\"1170\" height=\"658\" src=\"https:\/\/www.youtube.com\/embed\/5PHoH2dRjEs?feature=oembed\" frameborder=\"0\" allow=\"accelerometer; autoplay; clipboard-write; encrypted-media; gyroscope; picture-in-picture; web-share\" referrerpolicy=\"strict-origin-when-cross-origin\" allowfullscreen><\/iframe><\/p>","protected":false},"excerpt":{"rendered":"<p>La t\u00e9l\u00e9commande bidirectionnelle Risco Panda est une t\u00e9l\u00e9commande \u00e0 cl\u00e9 sans fil compacte et moderne qui offre aux utilisateurs un acc\u00e8s facile \u00e0 leurs syst\u00e8mes de s\u00e9curit\u00e9.<\/p>\n<p>Il est facile \u00e0 configurer et \u00e0 utiliser avec les syst\u00e8mes d&#039;intrusion hybrides et sans fil de RISCO.<\/p>\n<p>Confirmation de l&#039;\u00e9tat via LED et communication bidirectionnelle pour une s\u00e9curit\u00e9 accrue.<\/p>","protected":false},"featured_media":145660,"template":"","meta":{"_acf_changed":false},"product_brand":[],"product_cat":[2731,4881],"product_tag":[],"class_list":{"0":"post-57366","1":"product","2":"type-product","3":"status-publish","4":"has-post-thumbnail","6":"product_cat-risco-larm","7":"product_cat-overfallslarm-fjarrkontroll","8":"product_shipping_class-postnord-varubrev","9":"pa_brands-4risco","10":"pa_risco-produkter-agility-4","11":"pa_wicomm-pro-kategorier-manoverpaneler-knappar","12":"tm-no-options","14":"first","15":"instock","16":"sale","17":"featured","18":"taxable","19":"shipping-taxable","20":"purchasable","21":"product-type-simple"},"acf":[],"_links":{"self":[{"href":"https:\/\/secureus.se\/fr\/wp-json\/wp\/v2\/product\/57366","targetHints":{"allow":["GET"]}}],"collection":[{"href":"https:\/\/secureus.se\/fr\/wp-json\/wp\/v2\/product"}],"about":[{"href":"https:\/\/secureus.se\/fr\/wp-json\/wp\/v2\/types\/product"}],"wp:featuredmedia":[{"embeddable":true,"href":"https:\/\/secureus.se\/fr\/wp-json\/wp\/v2\/media\/145660"}],"wp:attachment":[{"href":"https:\/\/secureus.se\/fr\/wp-json\/wp\/v2\/media?parent=57366"}],"wp:term":[{"taxonomy":"product_brand","embeddable":true,"href":"https:\/\/secureus.se\/fr\/wp-json\/wp\/v2\/product_brand?post=57366"},{"taxonomy":"product_cat","embeddable":true,"href":"https:\/\/secureus.se\/fr\/wp-json\/wp\/v2\/product_cat?post=57366"},{"taxonomy":"product_tag","embeddable":true,"href":"https:\/\/secureus.se\/fr\/wp-json\/wp\/v2\/product_tag?post=57366"}],"curies":[{"name":"wp","href":"https:\/\/api.w.org\/{rel}","templated":true}]}}