{"id":57368,"date":"2022-03-10T15:15:00","date_gmt":"2022-03-10T14:15:00","guid":{"rendered":"https:\/\/secureus.se\/produkt\/2-vags-tradlos-slim-magnetkontakt-agility4-wicomm-pro\/"},"modified":"2026-01-30T08:07:41","modified_gmt":"2026-01-30T07:07:41","slug":"risco-slim-magnetkontakt-2-vags","status":"publish","type":"product","link":"https:\/\/secureus.se\/fr\/risco-slim-magnetkontakt-2-vags\/","title":{"rendered":"Interrupteur magn\u00e9tique Risco Slim 2 voies"},"content":{"rendered":"<h1>Interrupteur magn\u00e9tique Risco Slim 2 voies<\/h1>\n<p data-start=\"433\" data-end=\"783\">Le contact magn\u00e9tique mince \u00e0 2 voies Risco (mod\u00e8le RWX780868M3B) est un contact de porte et de fen\u00eatre sans fil parfait pour une utilisation dans les environnements r\u00e9sidentiels et commerciaux.<\/p>\n<p data-start=\"433\" data-end=\"783\">Con\u00e7u pour fournir une protection p\u00e9rim\u00e9trique sans fil, il offre des performances am\u00e9lior\u00e9es avec une sensibilit\u00e9 \u00e9lev\u00e9e, ce qui le rend id\u00e9al pour la surveillance des fen\u00eatres et des portes dans divers syst\u00e8mes de s\u00e9curit\u00e9.<\/p>\n<p data-start=\"785\" data-end=\"1182\">Ce contact magn\u00e9tique est \u00e9quip\u00e9 d&#039;une communication sans fil bidirectionnelle, ce qui signifie qu&#039;il transmet non seulement des informations au syst\u00e8me mais re\u00e7oit \u00e9galement des confirmations, ce qui am\u00e9liore la s\u00e9curit\u00e9 et r\u00e9duit le risque d&#039;interf\u00e9rence avec d&#039;autres appareils sans fil.<\/p>\n<p data-start=\"785\" data-end=\"1182\">Gr\u00e2ce \u00e0 cette fonction, l&#039;utilisateur re\u00e7oit une confirmation via des LED lorsque le syst\u00e8me a re\u00e7u une commande, ce qui offre une s\u00e9curit\u00e9 et une s\u00fbret\u00e9 accrues.<\/p>\n<p data-start=\"1184\" data-end=\"1513\">L&#039;interrupteur magn\u00e9tique mince \u00e0 2 voies Risco est facile \u00e0 installer et peut \u00eatre rapidement fix\u00e9 au mur \u00e0 l&#039;aide d&#039;un simple support de montage.<\/p>\n<p data-start=\"1184\" data-end=\"1513\">Il est \u00e9galement con\u00e7u pour \u00eatre facile \u00e0 entretenir avec un simple remplacement de batterie, ce qui en fait une option conviviale pour les nouvelles installations et les mises \u00e0 niveau des syst\u00e8mes existants.<\/p>\n<p data-start=\"1515\" data-end=\"1876\">Le contact magn\u00e9tique utilise une batterie au lithium standard de 3 V et fonctionne parfaitement avec les syst\u00e8mes sans fil bidirectionnels de RISCO, notamment Agility\u2122, LightSYS et WiComm PRO.<\/p>\n<p data-start=\"1515\" data-end=\"1876\">Pour plus de flexibilit\u00e9, il peut \u00e9galement \u00eatre utilis\u00e9 pour se connecter \u00e0 d&#039;autres capteurs filaires ou contacts magn\u00e9tiques via une entr\u00e9e de zonage suppl\u00e9mentaire, ce qui le rend parfait pour les solutions de s\u00e9curit\u00e9 personnalis\u00e9es.<\/p>\n<p data-start=\"1878\" data-end=\"1908\"><strong data-start=\"1878\" data-end=\"1906\">Caract\u00e9ristiques principales :<\/strong><\/p>\n<ul data-start=\"1909\" data-end=\"2531\">\n<li data-start=\"1909\" data-end=\"1993\">\n<p data-start=\"1911\" data-end=\"1993\"><strong data-start=\"1911\" data-end=\"1944\">Communication sans fil bidirectionnelle :<\/strong> Pour une s\u00e9curit\u00e9 accrue et moins d&#039;interf\u00e9rences sans fil<\/p>\n<\/li>\n<li data-start=\"1994\" data-end=\"2064\">\n<p data-start=\"1996\" data-end=\"2064\"><strong data-start=\"1996\" data-end=\"2015\">Compatibilit\u00e9:<\/strong> Fonctionne avec Agility\u2122, LightSYS et WiComm PRO<\/p>\n<\/li>\n<li data-start=\"2065\" data-end=\"2170\">\n<p data-start=\"2067\" data-end=\"2170\"><strong data-start=\"2067\" data-end=\"2090\">Installation facile :<\/strong> Mont\u00e9 avec un montage mural simple et une programmation facile via une configuration \u00e0 distance<\/p>\n<\/li>\n<li data-start=\"2171\" data-end=\"2252\">\n<p data-start=\"2173\" data-end=\"2252\"><strong data-start=\"2173\" data-end=\"2199\">Sensibilit\u00e9 am\u00e9lior\u00e9e :<\/strong> Augmente la capacit\u00e9 de d\u00e9tection des portes et des fen\u00eatres<\/p>\n<\/li>\n<li data-start=\"2253\" data-end=\"2307\">\n<p data-start=\"2255\" data-end=\"2307\"><strong data-start=\"2255\" data-end=\"2267\">Batterie:<\/strong> 1 pile au lithium 3 V, facile \u00e0 remplacer<\/p>\n<\/li>\n<li data-start=\"2308\" data-end=\"2325\">\n<p data-start=\"2310\" data-end=\"2325\"><strong data-start=\"2310\" data-end=\"2319\">Peinture:<\/strong> Blanc<\/p>\n<\/li>\n<li data-start=\"2326\" data-end=\"2410\">\n<p data-start=\"2328\" data-end=\"2410\"><strong data-start=\"2328\" data-end=\"2342\">Entr\u00e9e de zonage :<\/strong> Peut \u00eatre connect\u00e9 \u00e0 d&#039;autres capteurs filaires pour une flexibilit\u00e9 accrue<\/p>\n<\/li>\n<li data-start=\"2411\" data-end=\"2484\">\n<p data-start=\"2413\" data-end=\"2484\"><strong data-start=\"2413\" data-end=\"2425\">Taille:<\/strong> Conception compacte pour une installation facile dans les espaces restreints<\/p>\n<\/li>\n<li data-start=\"2485\" data-end=\"2531\">\n<p data-start=\"2487\" data-end=\"2531\"><strong data-start=\"2487\" data-end=\"2516\">Num\u00e9ro d&#039;article du fournisseur :<\/strong> RWX780868M3B<\/p>\n<\/li>\n<\/ul>\n<p data-start=\"2533\" data-end=\"2564\"><strong data-start=\"2533\" data-end=\"2562\">Sp\u00e9cifications techniques\u00a0:<\/strong><\/p>\n<ul data-start=\"2565\" data-end=\"2824\">\n<li data-start=\"2565\" data-end=\"2590\">\n<p data-start=\"2567\" data-end=\"2590\"><strong data-start=\"2567\" data-end=\"2580\">Fr\u00e9quence:<\/strong> 868 MHz<\/p>\n<\/li>\n<li data-start=\"2591\" data-end=\"2633\">\n<p data-start=\"2593\" data-end=\"2633\"><strong data-start=\"2593\" data-end=\"2614\">Alimentation\u00a0:<\/strong> Batterie au lithium 3V<\/p>\n<\/li>\n<li data-start=\"2634\" data-end=\"2680\">\n<p data-start=\"2636\" data-end=\"2680\"><strong data-start=\"2636\" data-end=\"2650\">Entr\u00e9e de zonage :<\/strong> Oui, pour les capteurs filaires<\/p>\n<\/li>\n<li data-start=\"2681\" data-end=\"2726\">\n<p data-start=\"2683\" data-end=\"2726\"><strong data-start=\"2683\" data-end=\"2707\">Plage de temp\u00e9rature\u00a0:<\/strong> -10\u00b0C \u00e0 +40\u00b0C<\/p>\n<\/li>\n<li data-start=\"2727\" data-end=\"2771\">\n<p data-start=\"2729\" data-end=\"2771\"><strong data-start=\"2729\" data-end=\"2745\">Dimensions:<\/strong> Conception compacte et fine<\/p>\n<\/li>\n<li data-start=\"2772\" data-end=\"2824\">\n<p data-start=\"2774\" data-end=\"2824\"><strong data-start=\"2774\" data-end=\"2783\">Poids:<\/strong> L\u00e9ger et flexible pour une installation facile<\/p>\n<\/li>\n<\/ul>\n<p data-start=\"2826\" data-end=\"3093\">Le contact magn\u00e9tique mince \u00e0 2 voies Risco est la solution parfaite pour les utilisateurs \u00e0 la recherche d&#039;une solution de s\u00e9curit\u00e9 sans fil hautes performances pour la protection des portes et des fen\u00eatres.<\/p>\n<p data-start=\"2826\" data-end=\"3093\">Cet appareil offre \u00e0 la fois une s\u00e9curit\u00e9 \u00e9lev\u00e9e et une installation facile et fonctionne de mani\u00e8re transparente avec les syst\u00e8mes avanc\u00e9s de RISCO.<\/p>\n<div class=\"field field-name-field-product-description field-type-text-long field-label-hidden\">\n<div class=\"field-items\">\n<p><a href=\"https:\/\/www.riscogroup.com\/products\/product\/52708\" target=\"_blank\" rel=\"noopener\">Ici, vous pouvez en savoir plus sur WiCom Pro sur le site Web de Risco Group\u00a0<\/a><\/p>\n<p><iframe title=\"Wicomm Smart Hub \u00c9tats-Unis\" width=\"1170\" height=\"658\" src=\"https:\/\/www.youtube.com\/embed\/5PHoH2dRjEs?feature=oembed\" frameborder=\"0\" allow=\"accelerometer; autoplay; clipboard-write; encrypted-media; gyroscope; picture-in-picture; web-share\" referrerpolicy=\"strict-origin-when-cross-origin\" allowfullscreen><\/iframe><\/p>\n<\/div>\n<\/div>","protected":false},"excerpt":{"rendered":"<p>Le contact magn\u00e9tique mince sans fil bidirectionnel Risco est un contact de porte\/fen\u00eatre mince avec une fr\u00e9quence de 868 MHz, con\u00e7u pour offrir une s\u00e9curit\u00e9 \u00e9lev\u00e9e dans les applications r\u00e9sidentielles et commerciales.<\/p>\n<p>Il est compatible avec Agility, LightSYS et WiComm PRO, et offre une installation et un remplacement de batterie faciles.<\/p>","protected":false},"featured_media":145453,"template":"","meta":{"_acf_changed":false},"product_brand":[],"product_cat":[2731,3188],"product_tag":[],"class_list":{"0":"post-57368","1":"product","2":"type-product","3":"status-publish","4":"has-post-thumbnail","6":"product_cat-risco-larm","7":"product_cat-larmenheter-risco-larm","8":"product_shipping_class-postnord-varubrev","9":"pa_brands-4risco","10":"pa_risco-produkter-agility-4","11":"pa_wicomm-pro-kategorier-magnetkontakter","12":"tm-no-options","14":"first","15":"instock","16":"sale","17":"featured","18":"taxable","19":"shipping-taxable","20":"purchasable","21":"product-type-simple"},"acf":[],"_links":{"self":[{"href":"https:\/\/secureus.se\/fr\/wp-json\/wp\/v2\/product\/57368","targetHints":{"allow":["GET"]}}],"collection":[{"href":"https:\/\/secureus.se\/fr\/wp-json\/wp\/v2\/product"}],"about":[{"href":"https:\/\/secureus.se\/fr\/wp-json\/wp\/v2\/types\/product"}],"wp:featuredmedia":[{"embeddable":true,"href":"https:\/\/secureus.se\/fr\/wp-json\/wp\/v2\/media\/145453"}],"wp:attachment":[{"href":"https:\/\/secureus.se\/fr\/wp-json\/wp\/v2\/media?parent=57368"}],"wp:term":[{"taxonomy":"product_brand","embeddable":true,"href":"https:\/\/secureus.se\/fr\/wp-json\/wp\/v2\/product_brand?post=57368"},{"taxonomy":"product_cat","embeddable":true,"href":"https:\/\/secureus.se\/fr\/wp-json\/wp\/v2\/product_cat?post=57368"},{"taxonomy":"product_tag","embeddable":true,"href":"https:\/\/secureus.se\/fr\/wp-json\/wp\/v2\/product_tag?post=57368"}],"curies":[{"name":"wp","href":"https:\/\/api.w.org\/{rel}","templated":true}]}}