{"id":57371,"date":"2022-03-10T15:15:00","date_gmt":"2022-03-10T14:15:00","guid":{"rendered":"https:\/\/secureus.se\/produkt\/wicomm-pro-plug-in-4g-gsm-gprs-module\/"},"modified":"2026-05-04T10:15:13","modified_gmt":"2026-05-04T08:15:13","slug":"4g-modul-wicomm-pro","status":"publish","type":"product","link":"https:\/\/secureus.se\/fr\/4g-modul-wicomm-pro\/","title":{"rendered":"Module Risco 4G \u2013 WiComm Pro"},"content":{"rendered":"<h1>Module 4G WiComm Pro - Risco<\/h1>\n<p data-start=\"473\" data-end=\"817\">Le module Risco 4G WiComm Pro (mod. RW332G400EUA) est une solution puissante pour assurer la communication dans les syst\u00e8mes de s\u00e9curit\u00e9.<\/p>\n<p data-start=\"473\" data-end=\"817\">Il fonctionne comme un module enfichable interne qui s&#039;int\u00e8gre facilement dans votre syst\u00e8me WiComm Pro, permettant au syst\u00e8me de communiquer via le r\u00e9seau 4G GSM\/GPRS pour une transmission fiable et rapide des alarmes et des informations d&#039;\u00e9tat.<\/p>\n<p data-start=\"819\" data-end=\"1157\">Ce module est programmable en tant que communication principale ou de secours.<\/p>\n<p data-start=\"819\" data-end=\"1157\">Si le r\u00e9seau IP principal rencontre des probl\u00e8mes ou tombe en panne, le module 4G peut prendre le relais et garantir que le syst\u00e8me de s\u00e9curit\u00e9 continue de fonctionner correctement.<\/p>\n<p data-start=\"819\" data-end=\"1157\">Cela offre une s\u00e9curit\u00e9 suppl\u00e9mentaire aux utilisateurs et rend la solution de s\u00e9curit\u00e9 plus robuste et fiable.<\/p>\n<p data-start=\"1159\" data-end=\"1501\">Le module 4G permet \u00e9galement la communication avec le Risco Cloud, permettant au syst\u00e8me d&#039;\u00eatre connect\u00e9 aux smartphones, tablettes et ordinateurs pour une surveillance et un contr\u00f4le \u00e0 distance.<\/p>\n<p data-start=\"1159\" data-end=\"1501\">Gr\u00e2ce \u00e0 Risco Cloud, les utilisateurs peuvent recevoir des alertes, des informations sur l&#039;\u00e9tat du syst\u00e8me et une programmation \u00e0 distance, ce qui permet de g\u00e9rer le syst\u00e8me depuis presque n&#039;importe o\u00f9.<\/p>\n<p data-start=\"1503\" data-end=\"1923\">En cas d&#039;alarme, des alertes peuvent \u00eatre envoy\u00e9es et re\u00e7ues via des protocoles classiques tels que SIA, Contact ID ou SIA IP, et les utilisateurs re\u00e7oivent des notifications d&#039;alarme par SMS, permettant de r\u00e9agir rapidement \u00e0 tout incident.<\/p>\n<p data-start=\"1503\" data-end=\"1923\">De plus, le module permet la programmation et la maintenance \u00e0 distance des installations via les services Risco Cloud, permettant aux techniciens d&#039;effectuer des mises \u00e0 jour et des d\u00e9pannages sans avoir \u00e0 \u00eatre sur place.<\/p>\n<p data-start=\"1925\" data-end=\"2126\">Le module est livr\u00e9 avec une antenne PCB en bo\u00eetier en plastique et est con\u00e7u pour \u00eatre facile \u00e0 installer et \u00e0 configurer, ce qui en fait une solution pratique pour tous les utilisateurs du syst\u00e8me WiComm Pro.<\/p>\n<p data-start=\"2128\" data-end=\"2158\"><strong data-start=\"2128\" data-end=\"2156\">Caract\u00e9ristiques principales :<\/strong><\/p>\n<ul data-start=\"2159\" data-end=\"3057\">\n<li data-start=\"2159\" data-end=\"2272\">\n<p data-start=\"2161\" data-end=\"2272\"><strong data-start=\"2161\" data-end=\"2198\">Communication principale ou de secours :<\/strong> Peut \u00eatre utilis\u00e9 comme communication principale ou comme secours en cas de panne du r\u00e9seau IP<\/p>\n<\/li>\n<li data-start=\"2273\" data-end=\"2392\">\n<p data-start=\"2275\" data-end=\"2392\"><strong data-start=\"2275\" data-end=\"2317\">Communication via le r\u00e9seau 4G GSM\/GPRS :<\/strong> Assure une transmission rapide et fiable des alarmes et des informations d&#039;\u00e9tat<\/p>\n<\/li>\n<li data-start=\"2393\" data-end=\"2521\">\n<p data-start=\"2395\" data-end=\"2521\"><strong data-start=\"2395\" data-end=\"2422\">Compatible avec Risco Cloud :<\/strong> Permet la connexion aux smartphones, tablettes et ordinateurs pour la surveillance et le contr\u00f4le \u00e0 distance<\/p>\n<\/li>\n<li data-start=\"2522\" data-end=\"2656\">\n<p data-start=\"2524\" data-end=\"2656\"><strong data-start=\"2524\" data-end=\"2542\">Prise en charge du protocole\u00a0:<\/strong> Prend en charge les protocoles classiques tels que SIA, Contact ID et SIA IP pour envoyer des alertes aux centres de surveillance \u00e0 distance<\/p>\n<\/li>\n<li data-start=\"2657\" data-end=\"2735\">\n<p data-start=\"2659\" data-end=\"2735\"><strong data-start=\"2659\" data-end=\"2677\">Alertes SMS :<\/strong> Envoie et re\u00e7oit des alertes et l&#039;\u00e9tat du syst\u00e8me par SMS<\/p>\n<\/li>\n<li data-start=\"2736\" data-end=\"2857\">\n<p data-start=\"2738\" data-end=\"2857\"><strong data-start=\"2738\" data-end=\"2775\">Programmation et maintenance \u00e0 distance :<\/strong> Permet une programmation \u00e0 distance et une maintenance du syst\u00e8me faciles via les services Risco Cloud<\/p>\n<\/li>\n<li data-start=\"2858\" data-end=\"2930\">\n<p data-start=\"2860\" data-end=\"2930\"><strong data-start=\"2860\" data-end=\"2883\">Installation facile :<\/strong> Module enfichable avec antenne PCB pour bo\u00eetier en plastique<\/p>\n<\/li>\n<li data-start=\"2931\" data-end=\"3057\">\n<p data-start=\"2933\" data-end=\"3057\"><strong data-start=\"2933\" data-end=\"2952\">Compatibilit\u00e9:<\/strong> Utilis\u00e9 avec les syst\u00e8mes WiComm Pro et compatible avec tous les syst\u00e8mes Risco prenant en charge la communication GSM\/GPRS<\/p>\n<\/li>\n<\/ul>\n<p data-start=\"3059\" data-end=\"3090\"><strong data-start=\"3059\" data-end=\"3088\">Sp\u00e9cifications techniques\u00a0:<\/strong><\/p>\n<ul data-start=\"3091\" data-end=\"3528\">\n<li data-start=\"3091\" data-end=\"3134\">\n<p data-start=\"3093\" data-end=\"3134\"><strong data-start=\"3093\" data-end=\"3106\">Fonction:<\/strong> Communication 4G GSM\/GPRS<\/p>\n<\/li>\n<li data-start=\"3135\" data-end=\"3177\">\n<p data-start=\"3137\" data-end=\"3177\"><strong data-start=\"3137\" data-end=\"3151\">Protocole:<\/strong> SIA, ID de contact, IP SIA<\/p>\n<\/li>\n<li data-start=\"3178\" data-end=\"3270\">\n<p data-start=\"3180\" data-end=\"3270\"><strong data-start=\"3180\" data-end=\"3199\">Compatibilit\u00e9:<\/strong> WiComm Pro et autres syst\u00e8mes Risco prenant en charge la communication GSM\/GPRS<\/p>\n<\/li>\n<li data-start=\"3271\" data-end=\"3353\">\n<p data-start=\"3273\" data-end=\"3353\"><strong data-start=\"3273\" data-end=\"3294\">Surveillance \u00e0 distance :<\/strong> Via Risco Cloud pour smartphones, tablettes et ordinateurs<\/p>\n<\/li>\n<li data-start=\"3354\" data-end=\"3437\">\n<p data-start=\"3356\" data-end=\"3437\"><strong data-start=\"3356\" data-end=\"3377\">Alimentation\u00a0:<\/strong> Ne n\u00e9cessite aucune alimentation externe (aliment\u00e9 par le syst\u00e8me)<\/p>\n<\/li>\n<li data-start=\"3438\" data-end=\"3480\">\n<p data-start=\"3440\" data-end=\"3480\"><strong data-start=\"3440\" data-end=\"3451\">Antenne:<\/strong> Antenne PCB pour bo\u00eetier en plastique<\/p>\n<\/li>\n<li data-start=\"3481\" data-end=\"3528\">\n<p data-start=\"3483\" data-end=\"3528\"><strong data-start=\"3483\" data-end=\"3513\">Num\u00e9ro d&#039;article du fournisseur\u00a0:<\/strong> RW332G400EUA<\/p>\n<\/li>\n<\/ul>\n<p data-start=\"3530\" data-end=\"3713\">Le module Risco 4G WiComm Pro est la solution parfaite pour assurer une communication et une surveillance continues de votre syst\u00e8me de s\u00e9curit\u00e9, m\u00eame dans les environnements r\u00e9seau les plus difficiles.<\/p>\n<p><a href=\"https:\/\/www.riscogroup.com\/\" target=\"_blank\" rel=\"noopener\"><strong><span class=\"ui-provider a b c d e f g h i j k l m n o p q r s t u v w x y z ab ac ae af ag ah ai aj ak\" dir=\"ltr\">Ici vous pouvez en savoir plus sur ce produit\u00a0:<\/span> Module 4G WiComm Pro - Risco<\/strong><\/a><\/p>\n<p><a href=\"https:\/\/www.riscogroup.com\/products\/product\/52708\" target=\"_blank\" rel=\"noopener\">Ici, vous pouvez en savoir plus sur WiCom Pro sur le site Web de Risco Group\u00a0<\/a><\/p>\n<p><iframe title=\"Wicomm Smart Hub \u00c9tats-Unis\" width=\"1170\" height=\"658\" src=\"https:\/\/www.youtube.com\/embed\/5PHoH2dRjEs?feature=oembed\" frameborder=\"0\" allow=\"accelerometer; autoplay; clipboard-write; encrypted-media; gyroscope; picture-in-picture; web-share\" referrerpolicy=\"strict-origin-when-cross-origin\" allowfullscreen><\/iframe><\/p>","protected":false},"excerpt":{"rendered":"<p>Le module Risco 4G WiComm Pro est un module GSM\/GPRS enfichable qui permet la communication via le r\u00e9seau 4G pour le syst\u00e8me WiComm Pro.<\/p>\n<p>Il prend en charge plusieurs canaux de communication IP et fonctionne \u00e0 la fois comme communication principale et de secours.<\/p>\n<p>Il est con\u00e7u pour garantir que le syst\u00e8me est toujours connect\u00e9, m\u00eame en cas de panne du r\u00e9seau IP.<\/p>\n<p>&nbsp;<\/p>","protected":false},"featured_media":145666,"template":"","meta":{"_acf_changed":false},"product_brand":[],"product_cat":[2731,4879],"product_tag":[2426],"class_list":{"0":"post-57371","1":"product","2":"type-product","3":"status-publish","4":"has-post-thumbnail","6":"product_cat-risco-larm","7":"product_cat-wicomm-pro","8":"product_tag-rel-risco","9":"product_shipping_class-postnord-varubrev","10":"pa_brands-4risco","11":"pa_wicomm-pro-kategorier-gsm-ip-moduler","12":"tm-no-options","14":"first","15":"onbackorder","16":"sale","17":"featured","18":"taxable","19":"shipping-taxable","20":"purchasable","21":"product-type-simple"},"acf":[],"_links":{"self":[{"href":"https:\/\/secureus.se\/fr\/wp-json\/wp\/v2\/product\/57371","targetHints":{"allow":["GET"]}}],"collection":[{"href":"https:\/\/secureus.se\/fr\/wp-json\/wp\/v2\/product"}],"about":[{"href":"https:\/\/secureus.se\/fr\/wp-json\/wp\/v2\/types\/product"}],"wp:featuredmedia":[{"embeddable":true,"href":"https:\/\/secureus.se\/fr\/wp-json\/wp\/v2\/media\/145666"}],"wp:attachment":[{"href":"https:\/\/secureus.se\/fr\/wp-json\/wp\/v2\/media?parent=57371"}],"wp:term":[{"taxonomy":"product_brand","embeddable":true,"href":"https:\/\/secureus.se\/fr\/wp-json\/wp\/v2\/product_brand?post=57371"},{"taxonomy":"product_cat","embeddable":true,"href":"https:\/\/secureus.se\/fr\/wp-json\/wp\/v2\/product_cat?post=57371"},{"taxonomy":"product_tag","embeddable":true,"href":"https:\/\/secureus.se\/fr\/wp-json\/wp\/v2\/product_tag?post=57371"}],"curies":[{"name":"wp","href":"https:\/\/api.w.org\/{rel}","templated":true}]}}