{"id":57373,"date":"2022-03-10T15:15:00","date_gmt":"2022-03-10T14:15:00","guid":{"rendered":"https:\/\/secureus.se\/produkt\/wifi-ip-modul-kommunikationsmodul-agility4-wicomm-pro\/"},"modified":"2026-02-12T10:44:17","modified_gmt":"2026-02-12T09:44:17","slug":"ip-modul-wicomm-pro-risco","status":"publish","type":"product","link":"https:\/\/secureus.se\/fr\/ip-modul-wicomm-pro-risco\/","title":{"rendered":"Module IP\/Ethernet Risco - WiComm Pro"},"content":{"rendered":"<h1>Module IP WiComm Pro Module de communication Wifi<\/h1>\n<p data-start=\"440\" data-end=\"748\">Le module IP Risco WiComm Pro (mod. RW332IP0000A) est un module de communication WiFi puissant et flexible qui permet au panneau de contr\u00f4le WiComm Pro de communiquer via les r\u00e9seaux TCP\/IP.<\/p>\n<p data-start=\"440\" data-end=\"748\">Ce module enfichable est con\u00e7u pour \u00eatre facilement int\u00e9gr\u00e9 au syst\u00e8me, ce qui rend l&#039;installation rapide et sans tracas.<\/p>\n<p data-start=\"750\" data-end=\"1115\">Ce module IP prend en charge la communication multicanal et offre la possibilit\u00e9 de solutions de communication principales et de secours pour la communication IP ou PSTN.<\/p>\n<p data-start=\"750\" data-end=\"1115\">Si le syst\u00e8me de communication principal (par exemple IP ou PSTN) tombe en panne, le module prend le relais et garantit que le syst\u00e8me continue de fonctionner sans interruption, offrant ainsi une s\u00e9curit\u00e9 et une fiabilit\u00e9 \u00e9lev\u00e9es \u00e0 l&#039;utilisateur.<\/p>\n<p data-start=\"1117\" data-end=\"1454\">L\u2019un des grands avantages de ce module est qu\u2019il permet l\u2019acc\u00e8s \u00e0 distance au panneau de contr\u00f4le via le logiciel de configuration de Risco, permettant aux utilisateurs ou aux installateurs de g\u00e9rer et de configurer le syst\u00e8me \u00e0 distance.<\/p>\n<p data-start=\"1117\" data-end=\"1454\">Cela facilite \u00e0 la fois l\u2019installation et la maintenance et r\u00e9duit le besoin de visites physiques sur le site d\u2019installation.<\/p>\n<p data-start=\"1456\" data-end=\"1674\">Le module IP Risco WiComm Pro est compatible avec le panneau de contr\u00f4le WiComm Pro et constitue un excellent choix pour les utilisateurs qui souhaitent am\u00e9liorer leur solution de communication et gagner en flexibilit\u00e9 dans la gestion de leur syst\u00e8me de s\u00e9curit\u00e9.<\/p>\n<p data-start=\"1676\" data-end=\"1706\"><strong data-start=\"1676\" data-end=\"1704\">Caract\u00e9ristiques principales :<\/strong><\/p>\n<ul data-start=\"1707\" data-end=\"2292\">\n<li data-start=\"1707\" data-end=\"1793\">\n<p data-start=\"1709\" data-end=\"1793\"><strong data-start=\"1709\" data-end=\"1726\">Acc\u00e8s \u00e0 distance:<\/strong> Permet l&#039;acc\u00e8s \u00e0 distance au panneau via le programme de configuration<\/p>\n<\/li>\n<li data-start=\"1794\" data-end=\"1919\">\n<p data-start=\"1796\" data-end=\"1919\"><strong data-start=\"1796\" data-end=\"1834\">Communication principale ou de secours :<\/strong> Utilis\u00e9 comme communication principale ou comme secours pour la communication IP ou PSTN<\/p>\n<\/li>\n<li data-start=\"1920\" data-end=\"2009\">\n<p data-start=\"1922\" data-end=\"2009\"><strong data-start=\"1922\" data-end=\"1950\">Communication multicanal :<\/strong> Prise en charge de la communication multicanal pour une utilisation flexible<\/p>\n<\/li>\n<li data-start=\"2010\" data-end=\"2102\">\n<p data-start=\"2012\" data-end=\"2102\"><strong data-start=\"2012\" data-end=\"2035\">Installation facile :<\/strong> Module enfichable qui se connecte directement au panneau de contr\u00f4le WiComm Pro<\/p>\n<\/li>\n<li data-start=\"2103\" data-end=\"2172\">\n<p data-start=\"2105\" data-end=\"2172\"><strong data-start=\"2105\" data-end=\"2124\">Compatibilit\u00e9:<\/strong> Fonctionne avec le panneau de contr\u00f4le WiComm Pro Grade 2<\/p>\n<\/li>\n<li data-start=\"2173\" data-end=\"2292\">\n<p data-start=\"2175\" data-end=\"2292\"><strong data-start=\"2175\" data-end=\"2204\">Fonctionnement via le r\u00e9seau TCP\/IP :<\/strong> Permet la communication sur les r\u00e9seaux TCP\/IP pour une s\u00e9curit\u00e9 et une fiabilit\u00e9 am\u00e9lior\u00e9es<\/p>\n<\/li>\n<\/ul>\n<p data-start=\"2294\" data-end=\"2325\"><strong data-start=\"2294\" data-end=\"2323\">Sp\u00e9cifications techniques\u00a0:<\/strong><\/p>\n<ul data-start=\"2326\" data-end=\"2681\">\n<li data-start=\"2326\" data-end=\"2365\">\n<p data-start=\"2328\" data-end=\"2365\"><strong data-start=\"2328\" data-end=\"2356\">Protocole de communication\u00a0:<\/strong> TCP\/IP<\/p>\n<\/li>\n<li data-start=\"2366\" data-end=\"2422\">\n<p data-start=\"2368\" data-end=\"2422\"><strong data-start=\"2368\" data-end=\"2387\">Compatibilit\u00e9:<\/strong> Panneau de contr\u00f4le WiComm Pro Grade 2<\/p>\n<\/li>\n<li data-start=\"2423\" data-end=\"2477\">\n<p data-start=\"2425\" data-end=\"2477\"><strong data-start=\"2425\" data-end=\"2442\">Acc\u00e8s \u00e0 distance:<\/strong> Oui, via le programme de configuration<\/p>\n<\/li>\n<li data-start=\"2478\" data-end=\"2558\">\n<p data-start=\"2480\" data-end=\"2558\"><strong data-start=\"2480\" data-end=\"2499\">Fonction de sauvegarde :<\/strong> Peut \u00eatre utilis\u00e9 comme sauvegarde pour la communication IP ou PSTN<\/p>\n<\/li>\n<li data-start=\"2559\" data-end=\"2635\">\n<p data-start=\"2561\" data-end=\"2635\"><strong data-start=\"2561\" data-end=\"2578\">Installation:<\/strong> Plug-in, facile \u00e0 installer directement dans le panneau de contr\u00f4le<\/p>\n<\/li>\n<li data-start=\"2636\" data-end=\"2681\">\n<p data-start=\"2638\" data-end=\"2681\"><strong data-start=\"2638\" data-end=\"2668\">Num\u00e9ro d&#039;article du fournisseur\u00a0:<\/strong> RW332IP0000A<\/p>\n<\/li>\n<\/ul>\n<p data-start=\"2683\" data-end=\"2939\">Le module IP Risco WiComm Pro offre un moyen fiable et flexible de g\u00e9rer les communications de votre syst\u00e8me de s\u00e9curit\u00e9 et, gr\u00e2ce \u00e0 sa capacit\u00e9 \u00e0 offrir des solutions d&#039;acc\u00e8s \u00e0 distance et de sauvegarde, il constitue un excellent choix pour les utilisateurs \u00e0 la recherche d&#039;une solution s\u00e9curis\u00e9e et flexible.<\/p>\n<p><a href=\"https:\/\/www.riscogroup.com\/\" target=\"_blank\" rel=\"noopener\"><span style=\"text-decoration: underline\"><strong>Risco Group est un leader en mati\u00e8re de s\u00e9curit\u00e9 sans fil - Ici vous pouvez en savoir plus sur Risco\u00a0<\/strong><\/span><\/a><\/p>","protected":false},"excerpt":{"rendered":"<p data-start=\"138\" data-end=\"406\">Le module IP Risco WiComm Pro est un module de communication WiFi enfichable qui permet la communication via les r\u00e9seaux TCP\/IP.<\/p>\n<p data-start=\"138\" data-end=\"406\">Il est facile \u00e0 installer, se connecte directement au panneau de contr\u00f4le WiComm Pro et fonctionne comme communication principale ou de secours pour les r\u00e9seaux IP ou PSTN.<\/p>","protected":false},"featured_media":145335,"template":"","meta":{"_acf_changed":false},"product_brand":[],"product_cat":[2731,4879],"product_tag":[2426],"class_list":{"0":"post-57373","1":"product","2":"type-product","3":"status-publish","4":"has-post-thumbnail","6":"product_cat-risco-larm","7":"product_cat-wicomm-pro","8":"product_tag-rel-risco","9":"product_shipping_class-postnord-varubrev","10":"pa_brands-4risco","11":"pa_risco-produkter-agility-4","12":"pa_wicomm-pro-kategorier-gsm-ip-moduler","13":"tm-no-options","15":"first","16":"instock","17":"featured","18":"taxable","19":"shipping-taxable","20":"purchasable","21":"product-type-simple"},"acf":[],"_links":{"self":[{"href":"https:\/\/secureus.se\/fr\/wp-json\/wp\/v2\/product\/57373","targetHints":{"allow":["GET"]}}],"collection":[{"href":"https:\/\/secureus.se\/fr\/wp-json\/wp\/v2\/product"}],"about":[{"href":"https:\/\/secureus.se\/fr\/wp-json\/wp\/v2\/types\/product"}],"wp:featuredmedia":[{"embeddable":true,"href":"https:\/\/secureus.se\/fr\/wp-json\/wp\/v2\/media\/145335"}],"wp:attachment":[{"href":"https:\/\/secureus.se\/fr\/wp-json\/wp\/v2\/media?parent=57373"}],"wp:term":[{"taxonomy":"product_brand","embeddable":true,"href":"https:\/\/secureus.se\/fr\/wp-json\/wp\/v2\/product_brand?post=57373"},{"taxonomy":"product_cat","embeddable":true,"href":"https:\/\/secureus.se\/fr\/wp-json\/wp\/v2\/product_cat?post=57373"},{"taxonomy":"product_tag","embeddable":true,"href":"https:\/\/secureus.se\/fr\/wp-json\/wp\/v2\/product_tag?post=57373"}],"curies":[{"name":"wp","href":"https:\/\/api.w.org\/{rel}","templated":true}]}}