{"id":57378,"date":"2022-03-10T15:13:00","date_gmt":"2022-03-10T14:13:00","guid":{"rendered":"https:\/\/secureus.se\/produkt\/msr100-usb-magnetlasare\/"},"modified":"2025-12-31T19:43:09","modified_gmt":"2025-12-31T18:43:09","slug":"rfid-lasare-msr100-usb-magnetlasare","status":"publish","type":"product","link":"https:\/\/secureus.se\/fr\/rfid-lasare-msr100-usb-magnetlasare\/","title":{"rendered":"Lecteur RFID Lecteur magn\u00e9tique MSR100 USB"},"content":{"rendered":"<div class=\"tab-content\">\n<div id=\"Product-Description\" class=\"tab-pane product-description fade in active\">\n<p>Ce produit a une exp\u00e9dition obligatoire.<\/p>\n<p>Lecteur de carte magn\u00e9tique USB Plug and Play<\/p>\n<p>Interface USB vers le tampon du clavier, lit les 3 pistes \u00e0 bande magn\u00e9tique.<\/p>\n<p>ISO 7811, 12, 13 pour la lecture des types de cartes magn\u00e9tiques de cartes de cr\u00e9dit, de cartes cadeaux, de fid\u00e9lit\u00e9 et d&#039;adh\u00e9sion. Peut \u00eatre utilis\u00e9 pour le point de vente, la collecte de donn\u00e9es, le contr\u00f4le d&#039;acc\u00e8s, entre autres.<\/p>\n<p>Dimensions (LxlxP) \u2013 100 x 34 x 30 mm.<\/p>\n<p>Dur\u00e9e de vie de la t\u00eate environ 300 000 passages. Lire la confirmation avec LED et bip. Poids 108g.<\/p>\n<p>Aucun logiciel n&#039;est livr\u00e9 avec ce lecteur.<\/p>\n<\/div>\n<\/div>","protected":false},"excerpt":{"rendered":"<p>Ce produit a une exp\u00e9dition obligatoire.<\/p>\n<p>Lecteur de carte magn\u00e9tique USB Plug and Play<\/p>\n<p>Interface USB vers le tampon du clavier, lit les 3 pistes \u00e0 bande magn\u00e9tique.<\/p>\n<p>ISO 7811, 12, 13 pour la lecture des types de cartes magn\u00e9tiques de cartes de cr\u00e9dit, de cartes cadeaux, de fid\u00e9lit\u00e9 et d&#039;adh\u00e9sion. Peut \u00eatre utilis\u00e9 pour le point de vente, la collecte de donn\u00e9es, le contr\u00f4le d&#039;acc\u00e8s, entre autres.<\/p>\n<p>Dimensions (LxlxP) \u2013 100 x 34 x 30 mm.<\/p>\n<p>Dur\u00e9e de vie de la t\u00eate environ 300 000 passages. Lire la confirmation avec LED et bip. Poids 108g.<\/p>\n<p>Aucun logiciel n&#039;est livr\u00e9 avec ce lecteur.<\/p>","protected":false},"featured_media":145350,"template":"","meta":{"_acf_changed":false},"product_brand":[],"product_cat":[1743],"product_tag":[],"class_list":{"0":"post-57378","1":"product","2":"type-product","3":"status-publish","4":"has-post-thumbnail","6":"product_cat-rfid-lasare","7":"product_shipping_class-postnord-varubrev","8":"pa_brands-elatec","9":"tm-no-options","11":"first","12":"instock","13":"sale","14":"featured","15":"taxable","16":"shipping-taxable","17":"purchasable","18":"product-type-simple"},"acf":[],"_links":{"self":[{"href":"https:\/\/secureus.se\/fr\/wp-json\/wp\/v2\/product\/57378","targetHints":{"allow":["GET"]}}],"collection":[{"href":"https:\/\/secureus.se\/fr\/wp-json\/wp\/v2\/product"}],"about":[{"href":"https:\/\/secureus.se\/fr\/wp-json\/wp\/v2\/types\/product"}],"wp:featuredmedia":[{"embeddable":true,"href":"https:\/\/secureus.se\/fr\/wp-json\/wp\/v2\/media\/145350"}],"wp:attachment":[{"href":"https:\/\/secureus.se\/fr\/wp-json\/wp\/v2\/media?parent=57378"}],"wp:term":[{"taxonomy":"product_brand","embeddable":true,"href":"https:\/\/secureus.se\/fr\/wp-json\/wp\/v2\/product_brand?post=57378"},{"taxonomy":"product_cat","embeddable":true,"href":"https:\/\/secureus.se\/fr\/wp-json\/wp\/v2\/product_cat?post=57378"},{"taxonomy":"product_tag","embeddable":true,"href":"https:\/\/secureus.se\/fr\/wp-json\/wp\/v2\/product_tag?post=57378"}],"curies":[{"name":"wp","href":"https:\/\/api.w.org\/{rel}","templated":true}]}}