{"id":57388,"date":"2022-03-10T15:13:00","date_gmt":"2022-03-10T14:13:00","guid":{"rendered":"https:\/\/secureus.se\/produkt\/elatec-twn4-multitech-2-hf-13-56-mhz-mifare-programmerad-for-system-kod-endast-lasare-med-uid-chip-kod\/"},"modified":"2026-04-17T12:58:50","modified_gmt":"2026-04-17T10:58:50","slug":"rfid-lasare-elatec-twn4-multitech-2-hf-13-56-mhz-mifare-programmerad-for-system-kod-endast-lasare-med-uid-chip-kod","status":"publish","type":"product","link":"https:\/\/secureus.se\/fr\/rfid-lasare-elatec-twn4-multitech-2-hf-13-56-mhz-mifare-programmerad-for-system-kod-endast-lasare-med-uid-chip-kod\/","title":{"rendered":"Lecteur RFID Elatec TWN4 Multitech 2 HF (13,56 Mhz Mifare)"},"content":{"rendered":"<p>Lecteurs de table de haute qualit\u00e9 de la soci\u00e9t\u00e9 allemande Elatec, leader en technologie de lecture.<\/p>\n<p>Voici nos mod\u00e8les s\u00e9lectionn\u00e9s parmi les mod\u00e8les flexibles et populaires d&#039;Elatech et nous les programmons tous selon vos souhaits.<\/p>\n<p>Vous pouvez choisir sous le produit respectif si vous souhaitez programmer par exemple ASSA ARX, Bewator, Aptus, Axema VAKA et bien d&#039;autres.<\/p>\n<p>Si vous souhaitez une sortie ou une fonction diff\u00e9rente, par exemple pour une imprimante\/un ordinateur, nous vous aiderons \u00e9galement.<\/p>\n<p>Ces lecteurs remplacent les mod\u00e8les pr\u00e9c\u00e9dents (TWN3) et constituent un choix pour beaucoup de nos clients.<\/p>\n<p>Si vous avez besoin de volumes plus importants ou si vous achetez de mani\u00e8re continue, nous pouvons constituer pour vous un stock avec appel.<\/p>\n<p>Nous avons des prix inf\u00e9rieurs \u00e0 ceux auxquels vous pouvez vous attendre pour ces produits\u00a0!<\/p>\n<p>TWN4 g\u00e8re les \u00e9l\u00e9ments suivants\u00a0:<\/p>\n<p>Mifare 13,56 MHz \/ ISO14443A\u00a0:<\/p>\n<p>Lisez dans la fiche technique les techniques que le lecteur peut g\u00e9rer.<\/p>","protected":false},"excerpt":{"rendered":"<p>Lecteurs de table de haute qualit\u00e9 de la soci\u00e9t\u00e9 allemande Elatec, leader en technologie de lecture. Voici nos mod\u00e8les s\u00e9lectionn\u00e9s parmi les mod\u00e8les flexibles et populaires d&#039;Elatech et nous les programmons tous selon vos souhaits. Tu peux<\/p>","protected":false},"featured_media":145672,"template":"","meta":{"_acf_changed":false},"product_brand":[],"product_cat":[1743],"product_tag":[],"class_list":{"0":"post-57388","1":"product","2":"type-product","3":"status-publish","4":"has-post-thumbnail","6":"product_cat-rfid-lasare","7":"product_shipping_class-postnord-varubrev","8":"pa_access-lasare-mifare-mifare-mfd-aptus-9-siffror","9":"pa_access-lasare-mifare-mifare-mfr-axema-vaka-13-siffror","10":"pa_access-lasare-mifare-chippets-uid-kod","11":"pa_access-lasare-mifare-mifare-mfd-assa-10-siffror","12":"pa_access-lasare-mifare-mifare-rco-9-siffror","13":"pa_bordlasare-val-av-typ-mifare-teknik","14":"pa_brands-elatec","15":"pa_farg-2893","16":"pa_farg-2892","17":"pa_farg-nyckelband-2897","18":"tm-has-options","20":"first","21":"instock","22":"sale","23":"featured","24":"taxable","25":"shipping-taxable","26":"purchasable","27":"product-type-simple"},"acf":[],"_links":{"self":[{"href":"https:\/\/secureus.se\/fr\/wp-json\/wp\/v2\/product\/57388","targetHints":{"allow":["GET"]}}],"collection":[{"href":"https:\/\/secureus.se\/fr\/wp-json\/wp\/v2\/product"}],"about":[{"href":"https:\/\/secureus.se\/fr\/wp-json\/wp\/v2\/types\/product"}],"wp:featuredmedia":[{"embeddable":true,"href":"https:\/\/secureus.se\/fr\/wp-json\/wp\/v2\/media\/145672"}],"wp:attachment":[{"href":"https:\/\/secureus.se\/fr\/wp-json\/wp\/v2\/media?parent=57388"}],"wp:term":[{"taxonomy":"product_brand","embeddable":true,"href":"https:\/\/secureus.se\/fr\/wp-json\/wp\/v2\/product_brand?post=57388"},{"taxonomy":"product_cat","embeddable":true,"href":"https:\/\/secureus.se\/fr\/wp-json\/wp\/v2\/product_cat?post=57388"},{"taxonomy":"product_tag","embeddable":true,"href":"https:\/\/secureus.se\/fr\/wp-json\/wp\/v2\/product_tag?post=57388"}],"curies":[{"name":"wp","href":"https:\/\/api.w.org\/{rel}","templated":true}]}}