{"id":57394,"date":"2022-03-10T15:13:00","date_gmt":"2022-03-10T14:13:00","guid":{"rendered":"https:\/\/secureus.se\/produkt\/elatec-twn4-multitech-kombi-programmerad-for-system-kod-endast-lasare-med-uid-chipkod\/"},"modified":"2026-03-23T10:32:45","modified_gmt":"2026-03-23T09:32:45","slug":"rfid-lasare-elatec-twn4-multitech-kombi-programmerad-for-system-kod-endast-lasare-med-uid-chipkod","status":"publish","type":"product","link":"https:\/\/secureus.se\/fr\/rfid-lasare-elatec-twn4-multitech-kombi-programmerad-for-system-kod-endast-lasare-med-uid-chipkod\/","title":{"rendered":"Lecteur RFID Elatec TWN4 Multitech Combi LF + HF + NFC"},"content":{"rendered":"<p>Voici nos mod\u00e8les s\u00e9lectionn\u00e9s parmi les mod\u00e8les flexibles et populaires d&#039;Elatech et nous les programmons tous selon vos souhaits.<\/p>\n<p>Si vous souhaitez une sortie ou une fonction diff\u00e9rente, par exemple pour une imprimante\/un ordinateur, nous vous aiderons \u00e9galement.<\/p>\n<p>Ces lecteurs remplacent les mod\u00e8les pr\u00e9c\u00e9dents (TWN3) et constituent un choix pour beaucoup de nos clients.<\/p>\n<p>Si vous avez besoin de volumes plus importants ou si vous achetez de mani\u00e8re continue, nous pouvons constituer pour vous un stock avec appel.<\/p>\n<p>Nous avons des prix inf\u00e9rieurs \u00e0 ceux auxquels vous pouvez vous attendre pour ces produits\u00a0!<\/p>\n<p>TWN4 g\u00e8re les \u00e9l\u00e9ments suivants\u00a0:<\/p>\n<p>125 kHz \/ 134,2 kHz<\/p>\n<p>13,56 MHz\/ISO14443A<\/p>\n<p>Lisez dans la fiche technique quelles techniques le lecteur peut ma\u00eetriser.<\/p>","protected":false},"excerpt":{"rendered":"<p><span class=\"ui-provider a b c d e f g h i j k l m n o p q r s t u v w x y z ab ac ae af ag ah ai aj ak\" dir=\"ltr\">Lecteur combin\u00e9 qui g\u00e8re \u00e0 la fois EM + Mifare + NFC.<\/span><\/p>","protected":false},"featured_media":145344,"template":"","meta":{"_acf_changed":false},"product_brand":[],"product_cat":[1743],"product_tag":[],"class_list":{"0":"post-57394","1":"product","2":"type-product","3":"status-publish","4":"has-post-thumbnail","6":"product_cat-rfid-lasare","7":"product_shipping_class-postnord-varubrev","8":"pa_access-lasare-chippets-uid-kod","9":"pa_access-lasare-em-kod-aptus","10":"pa_access-lasare-em-kod-rco","11":"pa_access-lasare-em-kod-assa-arx","12":"pa_access-lasare-em-kod-axema-10-siffror","13":"pa_access-lasare-em-kod-axema-vaka-13-siffror","14":"pa_access-lasare-em-kod-bewator-vanderbilt-13-siffror","15":"pa_access-lasare-em-kod-bewator-vanderbilt-8-siffror","16":"pa_access-lasare-mifare-mifare-mfd-aptus-9-siffror","17":"pa_access-lasare-mifare-mifare-mfr-axema-vaka-13-siffror","18":"pa_access-lasare-mifare-chippets-uid-kod","19":"pa_access-lasare-mifare-mifare-mfd-assa-10-siffror","20":"pa_access-lasare-mifare-mifare-rco-9-siffror","21":"pa_bordlasare-val-av-typ-em-teknik","22":"pa_bordlasare-val-av-typ-kombi-emmifare","23":"pa_bordlasare-val-av-typ-mifare-teknik","24":"pa_bordlasare-val-av-typ-multilasare","25":"pa_brands-elatec","26":"pa_holes-chippets-uid-kod","27":"tm-has-options","29":"first","30":"instock","31":"sale","32":"featured","33":"taxable","34":"shipping-taxable","35":"purchasable","36":"product-type-simple"},"acf":[],"_links":{"self":[{"href":"https:\/\/secureus.se\/fr\/wp-json\/wp\/v2\/product\/57394","targetHints":{"allow":["GET"]}}],"collection":[{"href":"https:\/\/secureus.se\/fr\/wp-json\/wp\/v2\/product"}],"about":[{"href":"https:\/\/secureus.se\/fr\/wp-json\/wp\/v2\/types\/product"}],"wp:featuredmedia":[{"embeddable":true,"href":"https:\/\/secureus.se\/fr\/wp-json\/wp\/v2\/media\/145344"}],"wp:attachment":[{"href":"https:\/\/secureus.se\/fr\/wp-json\/wp\/v2\/media?parent=57394"}],"wp:term":[{"taxonomy":"product_brand","embeddable":true,"href":"https:\/\/secureus.se\/fr\/wp-json\/wp\/v2\/product_brand?post=57394"},{"taxonomy":"product_cat","embeddable":true,"href":"https:\/\/secureus.se\/fr\/wp-json\/wp\/v2\/product_cat?post=57394"},{"taxonomy":"product_tag","embeddable":true,"href":"https:\/\/secureus.se\/fr\/wp-json\/wp\/v2\/product_tag?post=57394"}],"curies":[{"name":"wp","href":"https:\/\/api.w.org\/{rel}","templated":true}]}}