{"id":57479,"date":"2022-03-10T14:57:00","date_gmt":"2022-03-10T13:57:00","guid":{"rendered":"https:\/\/secureus.se\/produkt\/2-way-i-o-and-x-10-wireless-expander\/"},"modified":"2025-12-31T19:36:32","modified_gmt":"2025-12-31T18:36:32","slug":"risco-2-way-i-o-och-x-10-tradlos-expander","status":"publish","type":"product","link":"https:\/\/secureus.se\/fr\/risco-2-way-i-o-och-x-10-tradlos-expander\/","title":{"rendered":"Interface E\/S bidirectionnelle Risco et extension sans fil X-10 \u2013 Wicomm PRO, Agility"},"content":{"rendered":"<h1>Risco E\/S bidirectionnelles et extension sans fil X-10<\/h1>\n<p data-start=\"449\" data-end=\"918\">Le module d&#039;extension sans fil Risco 2-Way I\/O et X-10 (mod. RW132I04000A) est un module domotique qui permet aux utilisateurs d&#039;\u00e9tendre et de personnaliser leurs syst\u00e8mes de s\u00e9curit\u00e9 Agility\u2122 pour prendre en charge les nouvelles tendances et solutions de s\u00e9curit\u00e9.<\/p>\n<p data-start=\"449\" data-end=\"918\">En connectant des appareils fixes au syst\u00e8me, le module peut augmenter la flexibilit\u00e9 et s&#039;ouvrir \u00e0 une expansion future, permettant au syst\u00e8me d&#039;\u00e9voluer et de s&#039;adapter aux besoins changeants du march\u00e9, quelle que soit l&#039;installation d&#039;origine.<\/p>\n<p data-start=\"920\" data-end=\"1286\">Le module domotique sans fil prend en charge jusqu&#039;\u00e0 4 zones c\u00e2bl\u00e9es et 4 sorties, offrant aux utilisateurs la possibilit\u00e9 d&#039;int\u00e9grer et de contr\u00f4ler une gamme d&#039;appareils au sein de leur syst\u00e8me de s\u00e9curit\u00e9.<\/p>\n<p data-start=\"920\" data-end=\"1286\">De plus, il prend en charge jusqu&#039;\u00e0 16 appareils X10, permettant \u00e0 l&#039;utilisateur de contr\u00f4ler les appareils \u00e9lectrom\u00e9nagers tels que l&#039;\u00e9clairage, les portes de garage, les arroseurs de jardin et d&#039;autres appareils domotiques.<\/p>\n<p data-start=\"1288\" data-end=\"1613\">Le module est livr\u00e9 complet avec un bloc d&#039;alimentation (adaptateur secteur) pour alimenter l&#039;appareil et 3 piles AA rechargeables pour un fonctionnement s\u00fbr et durable lorsqu&#039;une batterie de secours est n\u00e9cessaire.<\/p>\n<p data-start=\"1288\" data-end=\"1613\">L&#039;extenseur X-10 pour Agility\u2122 fournit une solution simple pour int\u00e9grer et contr\u00f4ler les appareils via le syst\u00e8me sans avoir besoin d&#039;ajouter du mat\u00e9riel ou du c\u00e2blage suppl\u00e9mentaire.<\/p>\n<p data-start=\"1615\" data-end=\"1645\"><strong data-start=\"1615\" data-end=\"1643\">Caract\u00e9ristiques principales :<\/strong><\/p>\n<ul data-start=\"1646\" data-end=\"2262\">\n<li data-start=\"1646\" data-end=\"1730\">\n<p data-start=\"1648\" data-end=\"1730\"><strong data-start=\"1648\" data-end=\"1674\">Domotique sans fil :<\/strong> Prend en charge jusqu&#039;\u00e0 4 zones c\u00e2bl\u00e9es et 4 sorties<\/p>\n<\/li>\n<li data-start=\"1731\" data-end=\"1826\">\n<p data-start=\"1733\" data-end=\"1826\"><strong data-start=\"1733\" data-end=\"1761\">Contr\u00f4le des appareils X10\u00a0:<\/strong> Contr\u00f4le jusqu&#039;\u00e0 16 appareils X10, par exemple \u00e9clairage et portes de garage<\/p>\n<\/li>\n<li data-start=\"1827\" data-end=\"1956\">\n<p data-start=\"1829\" data-end=\"1956\"><strong data-start=\"1829\" data-end=\"1846\">Flexibilit\u00e9:<\/strong> Vous permet d&#039;adapter et d&#039;\u00e9tendre le syst\u00e8me Agility\u2122 pour r\u00e9pondre aux nouveaux besoins et aux tendances technologiques<\/p>\n<\/li>\n<li data-start=\"1957\" data-end=\"2075\">\n<p data-start=\"1959\" data-end=\"2075\"><strong data-start=\"1959\" data-end=\"1982\">Installation facile :<\/strong> Prise en charge de la connexion filaire d&#039;appareils fixes ainsi qu&#039;une int\u00e9gration facile via la communication sans fil<\/p>\n<\/li>\n<li data-start=\"2076\" data-end=\"2166\">\n<p data-start=\"2078\" data-end=\"2166\"><strong data-start=\"2078\" data-end=\"2113\">Adaptateur secteur et batterie de secours :<\/strong> Comprend un bloc d&#039;alimentation et 3 piles AA rechargeables<\/p>\n<\/li>\n<li data-start=\"2167\" data-end=\"2262\">\n<p data-start=\"2169\" data-end=\"2262\"><strong data-start=\"2169\" data-end=\"2188\">Compatibilit\u00e9:<\/strong> Fonctionne avec le syst\u00e8me Risco Agility\u2122 pour une fonctionnalit\u00e9 et un contr\u00f4le accrus<\/p>\n<\/li>\n<\/ul>\n<p data-start=\"2264\" data-end=\"2295\"><strong data-start=\"2264\" data-end=\"2293\">Sp\u00e9cifications techniques\u00a0:<\/strong><\/p>\n<ul data-start=\"2296\" data-end=\"2712\">\n<li data-start=\"2296\" data-end=\"2340\">\n<p data-start=\"2298\" data-end=\"2340\"><strong data-start=\"2298\" data-end=\"2317\">Nombre d&#039;entr\u00e9es\u00a0:<\/strong> 4 zones c\u00e2bl\u00e9es<\/p>\n<\/li>\n<li data-start=\"2341\" data-end=\"2417\">\n<p data-start=\"2343\" data-end=\"2417\"><strong data-start=\"2343\" data-end=\"2362\">Nombre de sorties :<\/strong> 2 sorties relais (classe 1A), 2 sorties collecteur ouvert<\/p>\n<\/li>\n<li data-start=\"2418\" data-end=\"2506\">\n<p data-start=\"2420\" data-end=\"2506\"><strong data-start=\"2420\" data-end=\"2433\">Prise en charge X10\u00a0:<\/strong> Contr\u00f4le jusqu&#039;\u00e0 16 appareils X10 (\u00e9clairage, porte de garage, arroseurs, etc.)<\/p>\n<\/li>\n<li data-start=\"2507\" data-end=\"2572\">\n<p data-start=\"2509\" data-end=\"2572\"><strong data-start=\"2509\" data-end=\"2530\">Alimentation\u00a0:<\/strong> Bloc d&#039;alimentation et 3 piles AA rechargeables<\/p>\n<\/li>\n<li data-start=\"2573\" data-end=\"2662\">\n<p data-start=\"2575\" data-end=\"2662\"><strong data-start=\"2575\" data-end=\"2592\">Relations:<\/strong> 4 x connexions de c\u00e2ble, 1 x port X10 pour la connexion \u00e0 l&#039;\u00e9metteur X10<\/p>\n<\/li>\n<li data-start=\"2663\" data-end=\"2712\">\n<p data-start=\"2665\" data-end=\"2712\"><strong data-start=\"2665\" data-end=\"2697\">Num\u00e9ro d&#039;article du fournisseur\u00a0:<\/strong> RW132I04000A<\/p>\n<\/li>\n<\/ul>\n<p data-start=\"2714\" data-end=\"2967\">L&#039;extenseur sans fil Risco 2-Way I\/O et X-10 est une solution pratique pour \u00e9tendre et adapter efficacement le syst\u00e8me Agility\u2122 aux besoins domotiques modernes, offrant aux utilisateurs la possibilit\u00e9 de contr\u00f4ler leurs appareils et dispositifs directement depuis le syst\u00e8me de s\u00e9curit\u00e9.<\/p>","protected":false},"excerpt":{"rendered":"<p data-start=\"136\" data-end=\"415\">L&#039;extenseur sans fil Risco 2 voies E\/S et X-10 pour le syst\u00e8me Agility\u2122 permet la connexion d&#039;appareils fixes et de solutions domotiques.<\/p>\n<p data-start=\"136\" data-end=\"415\">Il prend en charge 4 entr\u00e9es, 4 sorties et contr\u00f4le jusqu&#039;\u00e0 16 appareils X10 pour contr\u00f4ler, par exemple, l&#039;\u00e9clairage, les portes de garage ou les arroseurs de jardin.<\/p>","protected":false},"featured_media":145456,"template":"","meta":{"_acf_changed":false},"product_brand":[],"product_cat":[2731,4882,4671,4879],"product_tag":[],"class_list":{"0":"post-57479","1":"product","2":"type-product","3":"status-publish","4":"has-post-thumbnail","6":"product_cat-risco-larm","7":"product_cat-agility-v4-3-2","8":"product_cat-signalforstarkare","9":"product_cat-wicomm-pro","10":"product_shipping_class-postnord-varubrev","11":"pa_brands-4risco","12":"pa_risco-produkter-agility-4","13":"tm-no-options","15":"first","16":"instock","17":"sale","18":"featured","19":"taxable","20":"shipping-taxable","21":"purchasable","22":"product-type-simple"},"acf":[],"_links":{"self":[{"href":"https:\/\/secureus.se\/fr\/wp-json\/wp\/v2\/product\/57479","targetHints":{"allow":["GET"]}}],"collection":[{"href":"https:\/\/secureus.se\/fr\/wp-json\/wp\/v2\/product"}],"about":[{"href":"https:\/\/secureus.se\/fr\/wp-json\/wp\/v2\/types\/product"}],"wp:featuredmedia":[{"embeddable":true,"href":"https:\/\/secureus.se\/fr\/wp-json\/wp\/v2\/media\/145456"}],"wp:attachment":[{"href":"https:\/\/secureus.se\/fr\/wp-json\/wp\/v2\/media?parent=57479"}],"wp:term":[{"taxonomy":"product_brand","embeddable":true,"href":"https:\/\/secureus.se\/fr\/wp-json\/wp\/v2\/product_brand?post=57479"},{"taxonomy":"product_cat","embeddable":true,"href":"https:\/\/secureus.se\/fr\/wp-json\/wp\/v2\/product_cat?post=57479"},{"taxonomy":"product_tag","embeddable":true,"href":"https:\/\/secureus.se\/fr\/wp-json\/wp\/v2\/product_tag?post=57479"}],"curies":[{"name":"wp","href":"https:\/\/api.w.org\/{rel}","templated":true}]}}