{"id":57480,"date":"2022-03-10T14:57:00","date_gmt":"2022-03-10T13:57:00","guid":{"rendered":"https:\/\/secureus.se\/produkt\/vibrationsdetektor-tradlos-agililty3-4-och-wicomm-pro\/"},"modified":"2025-12-31T19:42:31","modified_gmt":"2025-12-31T18:42:31","slug":"risco-vibrationsdetektor-1-vags","status":"publish","type":"product","link":"https:\/\/secureus.se\/fr\/risco-vibrationsdetektor-1-vags\/","title":{"rendered":"D\u00e9tecteur de vibrations Risco 1 voie"},"content":{"rendered":"<h1>D\u00e9tecteur de vibrations Risco 1 voie<\/h1>\n<p data-start=\"435\" data-end=\"949\">D\u00e9tecteur de vibrations Risco 1 voie WiComm Pro Agility est un d\u00e9tecteur de chocs sans fil avanc\u00e9 qui offre une s\u00e9curit\u00e9 \u00e9lev\u00e9e pour les zones prot\u00e9g\u00e9es internes et externes.<\/p>\n<p data-start=\"435\" data-end=\"949\">Il est con\u00e7u pour d\u00e9tecter les vibrations qui se produisent lorsque l&#039;on tente de forcer, d&#039;\u00e9craser, de percer ou de scier des fen\u00eatres, des portes, des murs ou des plafonds, m\u00eame lorsque l&#039;intrus est toujours \u00e0 l&#039;ext\u00e9rieur.<\/p>\n<p data-start=\"435\" data-end=\"949\">Cela en fait une solution efficace pour la protection du p\u00e9rim\u00e8tre et est particuli\u00e8rement utile pour pr\u00e9venir les intrusions avant que les barri\u00e8res physiques ne soient franchies.<\/p>\n<p data-start=\"951\" data-end=\"1355\">Ce d\u00e9tecteur est \u00e9quip\u00e9 d&#039;un microprocesseur num\u00e9rique et d&#039;un traitement num\u00e9rique intelligent du signal pour analyser et enregistrer avec pr\u00e9cision les vibrations.<\/p>\n<p data-start=\"951\" data-end=\"1355\">La sensibilit\u00e9 r\u00e9glable permet \u00e0 l&#039;utilisateur de personnaliser le niveau de r\u00e9ponse du d\u00e9tecteur en fonction des diff\u00e9rents environnements et besoins.<\/p>\n<p data-start=\"951\" data-end=\"1355\">Il est livr\u00e9 avec un indicateur LED tricolore qui facilite l&#039;\u00e9talonnage et fournit des informations d&#039;\u00e9tat claires sur la sensibilit\u00e9 du d\u00e9tecteur.<\/p>\n<p data-start=\"1357\" data-end=\"1617\">Le d\u00e9tecteur est enti\u00e8rement supervis\u00e9, ce qui signifie que les alt\u00e9rations, la tension de la batterie et la communication sont toujours v\u00e9rifi\u00e9es.<\/p>\n<p data-start=\"1357\" data-end=\"1617\">Avec une port\u00e9e allant jusqu&#039;\u00e0 300 m\u00e8tres (LOS) et une longue dur\u00e9e de vie de la batterie, d&#039;environ 3 ans, c&#039;est un \u00e9l\u00e9ment fiable du syst\u00e8me de s\u00e9curit\u00e9 de Risco.<\/p>\n<p data-start=\"1619\" data-end=\"1932\">Des fonctionnalit\u00e9s telles que la d\u00e9tection d&#039;attaque grossi\u00e8re et le capteur pi\u00e9zo\u00e9lectrique bimorphe encapsul\u00e9 rendent ce d\u00e9tecteur de vibrations bien \u00e9quip\u00e9 pour g\u00e9rer les menaces de s\u00e9curit\u00e9 potentielles.<\/p>\n<p data-start=\"1619\" data-end=\"1932\">Il est \u00e9galement compatible avec les syst\u00e8mes Agility\u2122, WisDom, ProSYS\u2122, LightSYS\u2122 et Nova de Risco, ce qui le rend tr\u00e8s flexible pour diff\u00e9rents besoins de s\u00e9curit\u00e9.<\/p>\n<p>&nbsp;<\/p>\n<p><iframe title=\"Wicomm Smart Hub \u00c9tats-Unis\" width=\"1170\" height=\"658\" src=\"https:\/\/www.youtube.com\/embed\/5PHoH2dRjEs?feature=oembed\" frameborder=\"0\" allow=\"accelerometer; autoplay; clipboard-write; encrypted-media; gyroscope; picture-in-picture; web-share\" referrerpolicy=\"strict-origin-when-cross-origin\" allowfullscreen><\/iframe><\/p>","protected":false},"excerpt":{"rendered":"<p>D\u00e9tecteur de vibrations sans fil pour Risco Agility et WiComm Pro, con\u00e7u pour d\u00e9tecter les tentatives d&#039;effraction en d\u00e9tectant les vibrations provenant des activit\u00e9s de for\u00e7age, d&#039;\u00e9crasement, de per\u00e7age ou de sciage.<\/p>\n<p>Adapt\u00e9 \u00e0 la protection int\u00e9rieure et p\u00e9rim\u00e9trique.<\/p>","protected":false},"featured_media":145396,"template":"","meta":{"_acf_changed":false},"product_brand":[],"product_cat":[3188,2731],"product_tag":[3152],"class_list":{"0":"post-57480","1":"product","2":"type-product","3":"status-publish","4":"has-post-thumbnail","6":"product_cat-larmenheter-risco-larm","7":"product_cat-risco-larm","8":"product_tag-cr123-tillbehor","9":"product_shipping_class-postnord-varubrev","10":"pa_brands-4risco","11":"pa_risco-produkter-agility-3","12":"pa_risco-produkter-agility-4","13":"pa_wicomm-pro-kategorier-vibrationdetektorer","14":"tm-no-options","16":"first","17":"instock","18":"sale","19":"featured","20":"taxable","21":"shipping-taxable","22":"purchasable","23":"product-type-simple"},"acf":[],"_links":{"self":[{"href":"https:\/\/secureus.se\/fr\/wp-json\/wp\/v2\/product\/57480","targetHints":{"allow":["GET"]}}],"collection":[{"href":"https:\/\/secureus.se\/fr\/wp-json\/wp\/v2\/product"}],"about":[{"href":"https:\/\/secureus.se\/fr\/wp-json\/wp\/v2\/types\/product"}],"wp:featuredmedia":[{"embeddable":true,"href":"https:\/\/secureus.se\/fr\/wp-json\/wp\/v2\/media\/145396"}],"wp:attachment":[{"href":"https:\/\/secureus.se\/fr\/wp-json\/wp\/v2\/media?parent=57480"}],"wp:term":[{"taxonomy":"product_brand","embeddable":true,"href":"https:\/\/secureus.se\/fr\/wp-json\/wp\/v2\/product_brand?post=57480"},{"taxonomy":"product_cat","embeddable":true,"href":"https:\/\/secureus.se\/fr\/wp-json\/wp\/v2\/product_cat?post=57480"},{"taxonomy":"product_tag","embeddable":true,"href":"https:\/\/secureus.se\/fr\/wp-json\/wp\/v2\/product_tag?post=57480"}],"curies":[{"name":"wp","href":"https:\/\/api.w.org\/{rel}","templated":true}]}}