{"id":57482,"date":"2022-03-10T14:57:00","date_gmt":"2022-03-10T13:57:00","guid":{"rendered":"https:\/\/secureus.se\/produkt\/2-vags-tradlos-dual-tech-am-inom-utomhus-ridadetektor-agililty4-och-wicomm-pro\/"},"modified":"2026-01-06T20:42:19","modified_gmt":"2026-01-06T19:42:19","slug":"risco-ridadetektor-2-vags-utomhus","status":"publish","type":"product","link":"https:\/\/secureus.se\/fr\/risco-ridadetektor-2-vags-utomhus\/","title":{"rendered":"D\u00e9tecteur de rideau Risco bidirectionnel \u2013 Ext\u00e9rieur"},"content":{"rendered":"<div>\n<h1>D\u00e9tecteur de rideau Risco bidirectionnel \u2013 Ext\u00e9rieur<\/h1>\n<p data-start=\"413\" data-end=\"936\">Le d\u00e9tecteur de rideau Risco 2 voies WiComm Pro Agility4 est le choix ultime pour la s\u00e9curit\u00e9 ext\u00e9rieure.<\/p>\n<p data-start=\"413\" data-end=\"936\">Con\u00e7u pour \u00eatre la premi\u00e8re ligne de d\u00e9fense de votre syst\u00e8me de s\u00e9curit\u00e9, ce d\u00e9tecteur de rideau sans fil offre une installation rapide et facile avec un montage et une configuration flexibles.<\/p>\n<p data-start=\"413\" data-end=\"936\">La technologie avanc\u00e9e des micro-ondes et la communication radio bidirectionnelle offrent une couverture et une s\u00e9curit\u00e9 sup\u00e9rieures pour les grandes zones, tandis que la fonction anti-masquage active prot\u00e8ge contre toute tentative d&#039;endommager la r\u00e9ception du d\u00e9tecteur.<\/p>\n<p data-start=\"938\" data-end=\"1305\">Avec quatre niveaux de sensibilit\u00e9 r\u00e9glables et un faisceau \u00e9troit, le risque de fausses alarmes est minimis\u00e9, vous permettant d&#039;obtenir exactement la protection dont vous avez besoin sans interf\u00e9rence inutile.<\/p>\n<p data-start=\"938\" data-end=\"1305\">Il est id\u00e9al pour une installation en piles jusqu&#039;\u00e0 3,0 m\u00e8tres et peut \u00eatre mont\u00e9 sur le c\u00f4t\u00e9 gauche ou droit de la zone prot\u00e9g\u00e9e, offrant une flexibilit\u00e9 dans les options d&#039;installation.<\/p>\n<p data-start=\"1307\" data-end=\"1526\">Pour une plus grande facilit\u00e9 d&#039;utilisation, le d\u00e9tecteur dispose d&#039;un processus simple de remplacement de la batterie, ainsi que de capacit\u00e9s de configuration et de diagnostic \u00e0 distance, rendant le service et la maintenance plus efficaces et r\u00e9duisant le besoin de d\u00e9placements de service inutiles.<\/p>\n<p><iframe title=\"Wicomm Smart Hub \u00c9tats-Unis\" width=\"1170\" height=\"658\" src=\"https:\/\/www.youtube.com\/embed\/5PHoH2dRjEs?feature=oembed\" frameborder=\"0\" allow=\"accelerometer; autoplay; clipboard-write; encrypted-media; gyroscope; picture-in-picture; web-share\" referrerpolicy=\"strict-origin-when-cross-origin\" allowfullscreen><\/iframe><\/p>\n<\/div>","protected":false},"excerpt":{"rendered":"<p>Le d\u00e9tecteur de rideau sans fil ext\u00e9rieur WiComm Pro Agility4 offre une s\u00e9curit\u00e9 in\u00e9gal\u00e9e avec une double technologie, un anti-masquage IR actif et une sensibilit\u00e9 r\u00e9glable.<\/p>\n<p>Id\u00e9al pour les grandes surfaces et une installation flexible.<\/p>","protected":false},"featured_media":158857,"template":"","meta":{"_acf_changed":false},"product_brand":[],"product_cat":[2731,3188,3191],"product_tag":[],"class_list":{"0":"post-57482","1":"product","2":"type-product","3":"status-publish","4":"has-post-thumbnail","6":"product_cat-risco-larm","7":"product_cat-larmenheter-risco-larm","8":"product_cat-utomhusdetektorer","9":"product_shipping_class-postnord-varubrev","10":"pa_risco-produkter-agility-4","11":"pa_wicomm-pro-kategorier-ridadetektor","12":"tm-no-options","14":"first","15":"outofstock","16":"sale","17":"featured","18":"taxable","19":"shipping-taxable","20":"purchasable","21":"product-type-simple"},"acf":[],"_links":{"self":[{"href":"https:\/\/secureus.se\/fr\/wp-json\/wp\/v2\/product\/57482","targetHints":{"allow":["GET"]}}],"collection":[{"href":"https:\/\/secureus.se\/fr\/wp-json\/wp\/v2\/product"}],"about":[{"href":"https:\/\/secureus.se\/fr\/wp-json\/wp\/v2\/types\/product"}],"wp:featuredmedia":[{"embeddable":true,"href":"https:\/\/secureus.se\/fr\/wp-json\/wp\/v2\/media\/158857"}],"wp:attachment":[{"href":"https:\/\/secureus.se\/fr\/wp-json\/wp\/v2\/media?parent=57482"}],"wp:term":[{"taxonomy":"product_brand","embeddable":true,"href":"https:\/\/secureus.se\/fr\/wp-json\/wp\/v2\/product_brand?post=57482"},{"taxonomy":"product_cat","embeddable":true,"href":"https:\/\/secureus.se\/fr\/wp-json\/wp\/v2\/product_cat?post=57482"},{"taxonomy":"product_tag","embeddable":true,"href":"https:\/\/secureus.se\/fr\/wp-json\/wp\/v2\/product_tag?post=57482"}],"curies":[{"name":"wp","href":"https:\/\/api.w.org\/{rel}","templated":true}]}}