{"id":57483,"date":"2022-03-10T14:57:00","date_gmt":"2022-03-10T13:57:00","guid":{"rendered":"https:\/\/secureus.se\/produkt\/agility-4-centralenhet-rmv132v-gsm-tal\/"},"modified":"2025-12-31T19:36:37","modified_gmt":"2025-12-31T18:36:37","slug":"risco-centralenhet-agililty4-utgar","status":"publish","type":"product","link":"https:\/\/secureus.se\/fr\/risco-centralenhet-agililty4-utgar\/","title":{"rendered":"Unit\u00e9 Centrale Risco Agililty4 - DISCONTINU\u00c9"},"content":{"rendered":"<h1>Unit\u00e9 Centrale Risco Agililty4 - DISCONTINU\u00c9<\/h1>\n<p data-start=\"502\" data-end=\"836\">Risco Agility4 (mod. RMV132V) est un syst\u00e8me de s\u00e9curit\u00e9 sans fil avanc\u00e9 et modulaire qui offre une protection compl\u00e8te pour les propri\u00e9t\u00e9s r\u00e9sidentielles et commerciales.<\/p>\n<p data-start=\"502\" data-end=\"836\">Avec un design moderne et \u00e9l\u00e9gant, Agility4 offre une protection robuste contre les intrusions, les incendies et autres risques de s\u00e9curit\u00e9, et est personnalisable pour r\u00e9pondre \u00e0 vos besoins sp\u00e9cifiques.<\/p>\n<p data-start=\"838\" data-end=\"1215\">Le syst\u00e8me est \u00e9quip\u00e9 d&#039;une protection ext\u00e9rieure et int\u00e9rieure, ce qui le rend id\u00e9al pour prot\u00e9ger toutes les parties d&#039;un b\u00e2timent.<\/p>\n<p data-start=\"838\" data-end=\"1215\">Agility4 propose \u00e9galement une v\u00e9rification visuelle sans fil, offrant une solution de s\u00e9curit\u00e9 interactive et automatis\u00e9e.<\/p>\n<p data-start=\"838\" data-end=\"1215\">Cela permet aux utilisateurs de recevoir une v\u00e9rification vid\u00e9o en temps r\u00e9el des \u00e9v\u00e9nements, am\u00e9liorant ainsi la s\u00e9curit\u00e9 et r\u00e9duisant le risque de fausses alarmes.<\/p>\n<p data-start=\"1217\" data-end=\"1513\">L\u2019une des fonctionnalit\u00e9s les plus utiles d\u2019Agility4 est le lecteur d\u2019\u00e9tiquettes int\u00e9gr\u00e9, ce qui signifie que vous n\u2019avez pas besoin de m\u00e9moriser les codes pour armer ou d\u00e9sarmer l\u2019alarme.<\/p>\n<p data-start=\"1217\" data-end=\"1513\">Le lecteur d&#039;\u00e9tiquettes permet de contr\u00f4ler le syst\u00e8me rapidement et facilement, tout en am\u00e9liorant la convivialit\u00e9 et la s\u00e9curit\u00e9.<\/p>\n<p data-start=\"1515\" data-end=\"1755\">Agility4 est un syst\u00e8me flexible qui peut \u00eatre adapt\u00e9 et \u00e9tendu selon les besoins. Que vous souhaitiez ajouter davantage de capteurs, de cam\u00e9ras ou d\u2019autres composants de s\u00e9curit\u00e9, le syst\u00e8me peut \u00eatre facilement mis \u00e0 niveau pour r\u00e9pondre aux exigences de s\u00e9curit\u00e9 changeantes au fil du temps.<\/p>\n<p data-start=\"1757\" data-end=\"1787\"><strong data-start=\"1757\" data-end=\"1785\">Caract\u00e9ristiques principales :<\/strong><\/p>\n<ul data-start=\"1788\" data-end=\"2322\">\n<li data-start=\"1788\" data-end=\"1844\">\n<p data-start=\"1790\" data-end=\"1844\"><strong data-start=\"1790\" data-end=\"1815\">Syst\u00e8me modulaire :<\/strong> Facile \u00e0 personnaliser et \u00e0 \u00e9tendre<\/p>\n<\/li>\n<li data-start=\"1845\" data-end=\"1901\">\n<p data-start=\"1847\" data-end=\"1901\"><strong data-start=\"1847\" data-end=\"1870\">Sans fil et intelligent :<\/strong> Installation et utilisation faciles<\/p>\n<\/li>\n<li data-start=\"1902\" data-end=\"1975\">\n<p data-start=\"1904\" data-end=\"1975\"><strong data-start=\"1904\" data-end=\"1928\">V\u00e9rification visuelle\u00a0:<\/strong> La vid\u00e9osurveillance sans fil pour une meilleure s\u00e9curit\u00e9<\/p>\n<\/li>\n<li data-start=\"1976\" data-end=\"2058\">\n<p data-start=\"1978\" data-end=\"2058\"><strong data-start=\"1978\" data-end=\"2001\">Lecteur d&#039;\u00e9tiquettes int\u00e9gr\u00e9 :<\/strong> Aucun code n&#039;est n\u00e9cessaire pour armer ou d\u00e9sarmer l&#039;alarme<\/p>\n<\/li>\n<li data-start=\"2059\" data-end=\"2132\">\n<p data-start=\"2061\" data-end=\"2132\"><strong data-start=\"2061\" data-end=\"2078\">Flexibilit\u00e9:<\/strong> Peut \u00eatre adapt\u00e9 pour r\u00e9pondre aux besoins changeants de s\u00e9curit\u00e9<\/p>\n<\/li>\n<li data-start=\"2133\" data-end=\"2225\">\n<p data-start=\"2135\" data-end=\"2225\"><strong data-start=\"2135\" data-end=\"2167\">Protection contre l&#039;intrusion et l&#039;incendie :<\/strong> Protection compl\u00e8te pour les espaces int\u00e9rieurs et ext\u00e9rieurs<\/p>\n<\/li>\n<li data-start=\"2226\" data-end=\"2322\">\n<p data-start=\"2228\" data-end=\"2322\"><strong data-start=\"2228\" data-end=\"2251\">Facile \u00e0 am\u00e9liorer :<\/strong> Le syst\u00e8me peut \u00eatre mis \u00e0 niveau pour inclure davantage de fonctionnalit\u00e9s et d&#039;appareils<\/p>\n<\/li>\n<\/ul>\n<p data-start=\"2324\" data-end=\"2355\"><strong data-start=\"2324\" data-end=\"2353\">Sp\u00e9cifications techniques\u00a0:<\/strong><\/p>\n<ul data-start=\"2356\" data-end=\"2671\">\n<li data-start=\"2356\" data-end=\"2384\">\n<p data-start=\"2358\" data-end=\"2384\"><strong data-start=\"2358\" data-end=\"2374\">Num\u00e9ro de module :<\/strong> RMV132V<\/p>\n<\/li>\n<li data-start=\"2385\" data-end=\"2443\">\n<p data-start=\"2387\" data-end=\"2443\"><strong data-start=\"2387\" data-end=\"2419\">Num\u00e9ro d&#039;article du fournisseur\u00a0:<\/strong> RW132V \/ RW132V87E0B0<\/p>\n<\/li>\n<li data-start=\"2444\" data-end=\"2510\">\n<p data-start=\"2446\" data-end=\"2510\"><strong data-start=\"2446\" data-end=\"2467\">Caract\u00e9ristiques de protection :<\/strong> Protection contre les intrusions, protection incendie, alarme de s\u00e9curit\u00e9<\/p>\n<\/li>\n<li data-start=\"2511\" data-end=\"2570\">\n<p data-start=\"2513\" data-end=\"2570\"><strong data-start=\"2513\" data-end=\"2532\">Personnalisable\u00a0:<\/strong> Flexible et extensible au fil du temps<\/p>\n<\/li>\n<li data-start=\"2571\" data-end=\"2630\">\n<p data-start=\"2573\" data-end=\"2630\"><strong data-start=\"2573\" data-end=\"2588\">Lecteur de tags :<\/strong> Int\u00e9gr\u00e9 pour simplifier le contr\u00f4le du syst\u00e8me<\/p>\n<\/li>\n<li data-start=\"2631\" data-end=\"2671\">\n<p data-start=\"2633\" data-end=\"2671\"><strong data-start=\"2633\" data-end=\"2644\">Conception:<\/strong> \u00c9l\u00e9gant et convivial<\/p>\n<\/li>\n<\/ul>\n<p data-start=\"2673\" data-end=\"2969\">Risco Agility4 est une solution de s\u00e9curit\u00e9 avanc\u00e9e et fiable qui permet de s\u00e9curiser facilement votre maison ou votre entreprise et de la prot\u00e9ger contre tous les types de risques.<\/p>\n<p data-start=\"2673\" data-end=\"2969\">Gr\u00e2ce \u00e0 sa conception modulaire, le syst\u00e8me peut toujours \u00eatre adapt\u00e9 \u00e0 vos besoins, ce qui en fait un investissement \u00e0 long terme pour votre s\u00e9curit\u00e9.<\/p>","protected":false},"excerpt":{"rendered":"<p>Risco Agility4 est un syst\u00e8me de s\u00e9curit\u00e9 sans fil et intelligent avec une structure modulaire et une conception personnalisable.<\/p>\n<p>Il offre une protection compl\u00e8te contre les intrusions, les incendies et autres risques de s\u00e9curit\u00e9 \u00e0 l&#039;int\u00e9rieur comme \u00e0 l&#039;ext\u00e9rieur, et peut toujours \u00eatre am\u00e9lior\u00e9 et modifi\u00e9 selon les besoins.<\/p>\n<p>Le syst\u00e8me comprend une v\u00e9rification visuelle sans fil et un lecteur d\u2019\u00e9tiquettes int\u00e9gr\u00e9 pour une utilisation pratique.<\/p>","protected":false},"featured_media":145680,"template":"","meta":{"_acf_changed":false},"product_brand":[],"product_cat":[4882,2731],"product_tag":[],"class_list":{"0":"post-57483","1":"product","2":"type-product","3":"status-publish","4":"has-post-thumbnail","6":"product_cat-agility-v4-3-2","7":"product_cat-risco-larm","8":"product_shipping_class-postnord-varubrev","9":"pa_brands-4risco","10":"pa_risco-produkter-agility-4","11":"tm-no-options","13":"first","14":"outofstock","15":"sale","16":"featured","17":"taxable","18":"shipping-taxable","19":"purchasable","20":"product-type-simple"},"acf":[],"_links":{"self":[{"href":"https:\/\/secureus.se\/fr\/wp-json\/wp\/v2\/product\/57483","targetHints":{"allow":["GET"]}}],"collection":[{"href":"https:\/\/secureus.se\/fr\/wp-json\/wp\/v2\/product"}],"about":[{"href":"https:\/\/secureus.se\/fr\/wp-json\/wp\/v2\/types\/product"}],"wp:featuredmedia":[{"embeddable":true,"href":"https:\/\/secureus.se\/fr\/wp-json\/wp\/v2\/media\/145680"}],"wp:attachment":[{"href":"https:\/\/secureus.se\/fr\/wp-json\/wp\/v2\/media?parent=57483"}],"wp:term":[{"taxonomy":"product_brand","embeddable":true,"href":"https:\/\/secureus.se\/fr\/wp-json\/wp\/v2\/product_brand?post=57483"},{"taxonomy":"product_cat","embeddable":true,"href":"https:\/\/secureus.se\/fr\/wp-json\/wp\/v2\/product_cat?post=57483"},{"taxonomy":"product_tag","embeddable":true,"href":"https:\/\/secureus.se\/fr\/wp-json\/wp\/v2\/product_tag?post=57483"}],"curies":[{"name":"wp","href":"https:\/\/api.w.org\/{rel}","templated":true}]}}