{"id":57485,"date":"2022-03-10T14:57:00","date_gmt":"2022-03-10T13:57:00","guid":{"rendered":"https:\/\/secureus.se\/produkt\/siren-utomhus-rws20a\/"},"modified":"2025-12-31T19:36:44","modified_gmt":"2025-12-31T18:36:44","slug":"risco-siren-2-vags-rws20a-utomhus-105db","status":"publish","type":"product","link":"https:\/\/secureus.se\/fr\/risco-siren-2-vags-rws20a-utomhus-105db\/","title":{"rendered":"Sir\u00e8ne Risco bidirectionnelle RWS20A \u2013 Ext\u00e9rieure 105 dB"},"content":{"rendered":"<h1>Sir\u00e8ne Risco bidirectionnelle RWS20A \u2013 Ext\u00e9rieure 105 dB<\/h1>\n<p data-start=\"416\" data-end=\"761\">La sir\u00e8ne bidirectionnelle Risco RWS20A (mod. RWS20A86800) est une sir\u00e8ne ext\u00e9rieure sans fil \u00e9l\u00e9gante et fonctionnelle con\u00e7ue pour am\u00e9liorer les capacit\u00e9s de signalisation du syst\u00e8me de s\u00e9curit\u00e9 en dehors de la zone prot\u00e9g\u00e9e.<\/p>\n<p data-start=\"416\" data-end=\"761\">Cette sir\u00e8ne est une solution id\u00e9ale pour augmenter la s\u00e9curit\u00e9 dans tous les types d&#039;environnements ext\u00e9rieurs, gr\u00e2ce \u00e0 sa conception robuste et son installation flexible.<\/p>\n<p data-start=\"763\" data-end=\"1041\">Avec un niveau sonore de 105 dB, le RWS20A offre un signal sonore puissant qui avertit clairement d&#039;une intrusion ou d&#039;autres incidents de s\u00e9curit\u00e9.<\/p>\n<p data-start=\"763\" data-end=\"1041\">\u00c9tant donn\u00e9 que la sir\u00e8ne est enti\u00e8rement aliment\u00e9e par batterie et sans fil, elle est facile \u00e0 installer sans n\u00e9cessiter de c\u00e2blage, ce qui rend l&#039;installation rapide et flexible.<\/p>\n<p data-start=\"1043\" data-end=\"1363\">L\u2019une des fonctionnalit\u00e9s les plus utiles du RWS20A est la fonction de pr\u00e9-alarme int\u00e9gr\u00e9e.<\/p>\n<p data-start=\"1043\" data-end=\"1363\">Pendant le compte \u00e0 rebours du d\u00e9lai d&#039;entr\u00e9e, la sir\u00e8ne est activ\u00e9e et d\u00e9clenche une pr\u00e9-alarme si le syst\u00e8me est vandalis\u00e9 avant que l&#039;alarme ne soit arm\u00e9e. Cela fait de la sir\u00e8ne un excellent compl\u00e9ment pour pr\u00e9venir les cambriolages avant m\u00eame que le syst\u00e8me ne soit compl\u00e8tement activ\u00e9.<\/p>\n<p data-start=\"1365\" data-end=\"1588\">Le RWS20A dispose \u00e9galement d&#039;une fonction de cri qui fournit des notifications sonores lorsque le syst\u00e8me est arm\u00e9 ou d\u00e9sarm\u00e9.<\/p>\n<p data-start=\"1365\" data-end=\"1588\">En cas d&#039;alarme, la sir\u00e8ne \u00e9met une notification sp\u00e9ciale de 4 cris qui signale que l&#039;alarme a \u00e9t\u00e9 d\u00e9clench\u00e9e, ce qui peut indiquer une effraction.<\/p>\n<p data-start=\"1590\" data-end=\"1828\">Plusieurs sir\u00e8nes sans fil peuvent \u00eatre facilement connect\u00e9es au m\u00eame syst\u00e8me, ce qui permet de personnaliser la solution de s\u00e9curit\u00e9 en fonction de la taille et des besoins de la zone prot\u00e9g\u00e9e.<\/p>\n<p data-start=\"1590\" data-end=\"1828\">La sir\u00e8ne est disponible en diff\u00e9rentes couleurs pour s&#039;adapter aux pr\u00e9f\u00e9rences esth\u00e9tiques.<\/p>\n<p data-start=\"1830\" data-end=\"1860\"><strong data-start=\"1830\" data-end=\"1858\">Caract\u00e9ristiques principales :<\/strong><\/p>\n<ul data-start=\"1861\" data-end=\"2460\">\n<li data-start=\"1861\" data-end=\"1908\">\n<p data-start=\"1863\" data-end=\"1908\"><strong data-start=\"1863\" data-end=\"1878\">Volume:<\/strong> 105 dB pour un avertissement efficace<\/p>\n<\/li>\n<li data-start=\"1909\" data-end=\"1998\">\n<p data-start=\"1911\" data-end=\"1998\"><strong data-start=\"1911\" data-end=\"1931\">Fonction de pr\u00e9-alarme :<\/strong> Activ\u00e9 pendant le compte \u00e0 rebours du d\u00e9lai d&#039;entr\u00e9e et en cas de vandalisme<\/p>\n<\/li>\n<li data-start=\"1999\" data-end=\"2120\">\n<p data-start=\"2001\" data-end=\"2120\"><strong data-start=\"2001\" data-end=\"2022\">Notification par cri :<\/strong> Messages audio lors de l&#039;armement et du d\u00e9sarmement, y compris un message de 4 cris lors du d\u00e9clenchement de l&#039;alarme<\/p>\n<\/li>\n<li data-start=\"2121\" data-end=\"2179\">\n<p data-start=\"2123\" data-end=\"2179\"><strong data-start=\"2123\" data-end=\"2141\">Aliment\u00e9 par batterie\u00a0:<\/strong> Enti\u00e8rement sans fil pour une installation facile<\/p>\n<\/li>\n<li data-start=\"2180\" data-end=\"2249\">\n<p data-start=\"2182\" data-end=\"2249\"><strong data-start=\"2182\" data-end=\"2208\">Installation flexible\u00a0:<\/strong> Facile \u00e0 placer sans n\u00e9cessiter de c\u00e2blage<\/p>\n<\/li>\n<li data-start=\"2250\" data-end=\"2326\">\n<p data-start=\"2252\" data-end=\"2326\"><strong data-start=\"2252\" data-end=\"2269\">Plusieurs couleurs :<\/strong> Disponible en diff\u00e9rentes couleurs pour s&#039;adapter \u00e0 l&#039;environnement d&#039;installation<\/p>\n<\/li>\n<li data-start=\"2327\" data-end=\"2391\">\n<p data-start=\"2329\" data-end=\"2391\"><strong data-start=\"2329\" data-end=\"2348\">Compatibilit\u00e9:<\/strong> Plusieurs sir\u00e8nes peuvent \u00eatre attribu\u00e9es au m\u00eame syst\u00e8me<\/p>\n<\/li>\n<li data-start=\"2392\" data-end=\"2460\">\n<p data-start=\"2394\" data-end=\"2460\"><strong data-start=\"2394\" data-end=\"2422\">Convient pour une utilisation en ext\u00e9rieur :<\/strong> Con\u00e7u pour r\u00e9sister aux environnements ext\u00e9rieurs<\/p>\n<\/li>\n<\/ul>\n<p data-start=\"2462\" data-end=\"2493\"><strong data-start=\"2462\" data-end=\"2491\">Sp\u00e9cifications techniques\u00a0:<\/strong><\/p>\n<ul data-start=\"2494\" data-end=\"2761\">\n<li data-start=\"2494\" data-end=\"2520\">\n<p data-start=\"2496\" data-end=\"2520\"><strong data-start=\"2496\" data-end=\"2511\">Volume:<\/strong> 105 dB<\/p>\n<\/li>\n<li data-start=\"2521\" data-end=\"2546\">\n<p data-start=\"2523\" data-end=\"2546\"><strong data-start=\"2523\" data-end=\"2536\">Fr\u00e9quence:<\/strong> 868 MHz<\/p>\n<\/li>\n<li data-start=\"2547\" data-end=\"2586\">\n<p data-start=\"2549\" data-end=\"2586\"><strong data-start=\"2549\" data-end=\"2570\">Alimentation\u00a0:<\/strong> Aliment\u00e9 par batterie<\/p>\n<\/li>\n<li data-start=\"2587\" data-end=\"2640\">\n<p data-start=\"2589\" data-end=\"2640\"><strong data-start=\"2589\" data-end=\"2612\">M\u00e9thode d&#039;installation\u00a0:<\/strong> Sans fil et aliment\u00e9 par batterie<\/p>\n<\/li>\n<li data-start=\"2641\" data-end=\"2668\">\n<p data-start=\"2643\" data-end=\"2668\"><strong data-start=\"2643\" data-end=\"2663\">Fonction Squawk :<\/strong> Oui<\/p>\n<\/li>\n<li data-start=\"2669\" data-end=\"2703\">\n<p data-start=\"2671\" data-end=\"2703\"><strong data-start=\"2671\" data-end=\"2680\">Peinture:<\/strong> Disponible en diff\u00e9rentes couleurs<\/p>\n<\/li>\n<li data-start=\"2704\" data-end=\"2761\">\n<p data-start=\"2706\" data-end=\"2761\"><strong data-start=\"2706\" data-end=\"2738\">Num\u00e9ro d&#039;article du fournisseur\u00a0:<\/strong> RWS20A \/ RWS20A86800<\/p>\n<\/li>\n<\/ul>\n<p data-start=\"2763\" data-end=\"3016\">La sir\u00e8ne bidirectionnelle Risco RWS20A est la solution parfaite pour am\u00e9liorer la s\u00e9curit\u00e9 de votre propri\u00e9t\u00e9.<\/p>\n<p data-start=\"2763\" data-end=\"3016\">Le signal audio puissant et l&#039;installation sans fil le rendent \u00e0 la fois efficace et flexible, offrant une protection suppl\u00e9mentaire contre le cambriolage et d&#039;autres menaces de s\u00e9curit\u00e9.<\/p>","protected":false},"excerpt":{"rendered":"<p>La sir\u00e8ne bidirectionnelle Risco RWS20A est une sir\u00e8ne ext\u00e9rieure sans fil aliment\u00e9e par batterie qui offre 105 dB de puissance sonore et une communication radio bidirectionnelle.<\/p>\n<p>Con\u00e7u pour \u00e9tendre les capacit\u00e9s de signalisation ext\u00e9rieure, il dispose d&#039;une fonction de pr\u00e9-alarme et peut \u00eatre activ\u00e9 en cas de vandalisme du syst\u00e8me.<\/p>","protected":false},"featured_media":145682,"template":"","meta":{"_acf_changed":false},"product_brand":[],"product_cat":[2731,3190],"product_tag":[2266,2262,2420,3070],"class_list":{"0":"post-57485","1":"product","2":"type-product","3":"status-publish","4":"has-post-thumbnail","6":"product_cat-risco-larm","7":"product_cat-sirener-risco-larm","8":"product_tag-larmdon-blixtljus-blixtljus-i-samma-enhet","9":"product_tag-larmdon-siren-utomhus","10":"product_tag-rel-larmdonblixt","11":"product_tag-wicomm-pro-siren","12":"product_shipping_class-tunga-paket","13":"pa_brands-4risco","14":"pa_risco-produkter-agility-4","15":"pa_wicomm-pro-kategorier-sinerer","16":"tm-no-options","18":"first","19":"instock","20":"sale","21":"featured","22":"taxable","23":"shipping-taxable","24":"purchasable","25":"product-type-simple"},"acf":[],"_links":{"self":[{"href":"https:\/\/secureus.se\/fr\/wp-json\/wp\/v2\/product\/57485","targetHints":{"allow":["GET"]}}],"collection":[{"href":"https:\/\/secureus.se\/fr\/wp-json\/wp\/v2\/product"}],"about":[{"href":"https:\/\/secureus.se\/fr\/wp-json\/wp\/v2\/types\/product"}],"wp:featuredmedia":[{"embeddable":true,"href":"https:\/\/secureus.se\/fr\/wp-json\/wp\/v2\/media\/145682"}],"wp:attachment":[{"href":"https:\/\/secureus.se\/fr\/wp-json\/wp\/v2\/media?parent=57485"}],"wp:term":[{"taxonomy":"product_brand","embeddable":true,"href":"https:\/\/secureus.se\/fr\/wp-json\/wp\/v2\/product_brand?post=57485"},{"taxonomy":"product_cat","embeddable":true,"href":"https:\/\/secureus.se\/fr\/wp-json\/wp\/v2\/product_cat?post=57485"},{"taxonomy":"product_tag","embeddable":true,"href":"https:\/\/secureus.se\/fr\/wp-json\/wp\/v2\/product_tag?post=57485"}],"curies":[{"name":"wp","href":"https:\/\/api.w.org\/{rel}","templated":true}]}}