{"id":57487,"date":"2022-03-10T14:57:00","date_gmt":"2022-03-10T13:57:00","guid":{"rendered":"https:\/\/secureus.se\/produkt\/siren-utomhus-rws50-tradlos-med-prg-blixtljus-och-2-vags-smart-kommunikation\/"},"modified":"2025-12-31T19:36:55","modified_gmt":"2025-12-31T18:36:55","slug":"risco-2-vags-siren-rws50-utomhus-105db","status":"publish","type":"product","link":"https:\/\/secureus.se\/fr\/risco-2-vags-siren-rws50-utomhus-105db\/","title":{"rendered":"Sir\u00e8ne 2 voies Risco RWS50 - Ext\u00e9rieure 105dB"},"content":{"rendered":"<h1>Sir\u00e8ne 2 voies Risco RWS50 - Ext\u00e9rieure 105dB<\/h1>\n<p data-start=\"437\" data-end=\"766\">La sir\u00e8ne bidirectionnelle Risco RWS50 (mod. RWS50R86800) est une sir\u00e8ne ext\u00e9rieure sans fil avanc\u00e9e con\u00e7ue pour am\u00e9liorer la s\u00e9curit\u00e9 de votre syst\u00e8me Agility\u2122, WiComm Pro ou Wisdom.<\/p>\n<p data-start=\"437\" data-end=\"766\">Avec un volume impressionnant de 105 dB et une fonction de pr\u00e9-alarme int\u00e9gr\u00e9e, cette sir\u00e8ne offre un avertissement fiable des tentatives d&#039;intrusion et de sabotage du syst\u00e8me.<\/p>\n<p data-start=\"768\" data-end=\"1049\">La sir\u00e8ne sans fil est aliment\u00e9e par batterie et ne n\u00e9cessite pas de transformateur externe, ce qui rend l&#039;installation facile et flexible. La sir\u00e8ne est \u00e9galement \u00e9quip\u00e9e d&#039;une fonction flash programmable qui marque visiblement l&#039;\u00e9tat d&#039;alarme et peut \u00eatre personnalis\u00e9e pour s&#039;adapter \u00e0 diff\u00e9rents besoins et environnements.<\/p>\n<p data-start=\"1051\" data-end=\"1330\">L\u2019une des fonctionnalit\u00e9s les plus utiles du RWS50 est la fonction de pr\u00e9-alarme int\u00e9gr\u00e9e, qui active la sir\u00e8ne si le syst\u00e8me est alt\u00e9r\u00e9 pendant le d\u00e9lai d\u2019entr\u00e9e.<\/p>\n<p data-start=\"1051\" data-end=\"1330\">Cela offre une protection suppl\u00e9mentaire contre le sabotage et permet de recevoir des avertissements imm\u00e9diats si le syst\u00e8me est alt\u00e9r\u00e9.<\/p>\n<p data-start=\"1332\" data-end=\"1706\">La sir\u00e8ne dispose d&#039;une communication radio bidirectionnelle qui surveille en permanence le sabotage, la tension de la batterie et le d\u00e9lai d&#039;entr\u00e9e, garantissant que l&#039;utilisateur re\u00e7oit des informations en temps r\u00e9el sur l&#039;\u00e9tat du syst\u00e8me.<\/p>\n<p data-start=\"1332\" data-end=\"1706\">Avec une autonomie de batterie allant jusqu&#039;\u00e0 3 ans et un indice de protection IP44 pour une utilisation en ext\u00e9rieur, le RWS50 est une solution fiable et durable pour les besoins de s\u00e9curit\u00e9 dans toutes les conditions m\u00e9t\u00e9orologiques.<\/p>\n<p data-start=\"1708\" data-end=\"1738\"><strong data-start=\"1708\" data-end=\"1736\">Caract\u00e9ristiques principales :<\/strong><\/p>\n<ul data-start=\"1739\" data-end=\"2361\">\n<li data-start=\"1739\" data-end=\"1798\">\n<p data-start=\"1741\" data-end=\"1798\"><strong data-start=\"1741\" data-end=\"1756\">Volume:<\/strong> 105 dB (r\u00e9glable) pour un avertissement efficace<\/p>\n<\/li>\n<li data-start=\"1799\" data-end=\"1895\">\n<p data-start=\"1801\" data-end=\"1895\"><strong data-start=\"1801\" data-end=\"1821\">Fonction de pr\u00e9-alarme :<\/strong> Activ\u00e9 en cas de manipulation ou de sabotage pendant le d\u00e9lai d&#039;entr\u00e9e<\/p>\n<\/li>\n<li data-start=\"1896\" data-end=\"1965\">\n<p data-start=\"1898\" data-end=\"1965\"><strong data-start=\"1898\" data-end=\"1912\">Lampe de poche:<\/strong> Lumi\u00e8re stroboscopique programmable pour indication d&#039;alarme visible<\/p>\n<\/li>\n<li data-start=\"1966\" data-end=\"2097\">\n<p data-start=\"1968\" data-end=\"2097\"><strong data-start=\"1968\" data-end=\"1986\">Aliment\u00e9 par batterie\u00a0:<\/strong> Ne n\u00e9cessite aucun transformateur externe, livr\u00e9 avec 3 piles au lithium CR123 3V (dur\u00e9e de vie typique de la pile 3 ans)<\/p>\n<\/li>\n<li data-start=\"2098\" data-end=\"2187\">\n<p data-start=\"2100\" data-end=\"2187\"><strong data-start=\"2100\" data-end=\"2130\">Communication radio bidirectionnelle :<\/strong> Surveillance continue des alt\u00e9rations et de l&#039;\u00e9tat de la batterie<\/p>\n<\/li>\n<li data-start=\"2188\" data-end=\"2230\">\n<p data-start=\"2190\" data-end=\"2230\"><strong data-start=\"2190\" data-end=\"2209\">Indice de protection IP44 :<\/strong> R\u00e9siste aux environnements ext\u00e9rieurs<\/p>\n<\/li>\n<li data-start=\"2231\" data-end=\"2273\">\n<p data-start=\"2233\" data-end=\"2273\"><strong data-start=\"2233\" data-end=\"2254\">Plage de temp\u00e9rature\u00a0:<\/strong> -25\u00b0C \u00e0 +60\u00b0C<\/p>\n<\/li>\n<li data-start=\"2274\" data-end=\"2361\">\n<p data-start=\"2276\" data-end=\"2361\"><strong data-start=\"2276\" data-end=\"2299\">Installation facile :<\/strong> Aliment\u00e9 par batterie et sans fil pour une installation rapide et flexible<\/p>\n<\/li>\n<\/ul>\n<p data-start=\"2363\" data-end=\"2394\"><strong data-start=\"2363\" data-end=\"2392\">Sp\u00e9cifications techniques\u00a0:<\/strong><\/p>\n<ul data-start=\"2395\" data-end=\"2915\">\n<li data-start=\"2395\" data-end=\"2496\">\n<p data-start=\"2397\" data-end=\"2496\"><strong data-start=\"2397\" data-end=\"2418\">Alimentation\u00a0:<\/strong> 5 piles au lithium CR123, 3 V (3 piles pour le syst\u00e8me, 2 pour la signalisation)<\/p>\n<\/li>\n<li data-start=\"2497\" data-end=\"2545\">\n<p data-start=\"2499\" data-end=\"2545\"><strong data-start=\"2499\" data-end=\"2514\">Volume:<\/strong> 105 dB \u00e0 1 m\u00e8tre (r\u00e9glable)<\/p>\n<\/li>\n<li data-start=\"2546\" data-end=\"2594\">\n<p data-start=\"2548\" data-end=\"2594\"><strong data-start=\"2548\" data-end=\"2566\">Fr\u00e9quence des \u00e9clairs\u00a0:<\/strong> 60 fois par minute (maximum)<\/p>\n<\/li>\n<li data-start=\"2595\" data-end=\"2630\">\n<p data-start=\"2597\" data-end=\"2630\"><strong data-start=\"2597\" data-end=\"2610\">Fr\u00e9quence:<\/strong> 868 MHz \/ 433 MHz<\/p>\n<\/li>\n<li data-start=\"2631\" data-end=\"2679\">\n<p data-start=\"2633\" data-end=\"2679\"><strong data-start=\"2633\" data-end=\"2646\">Port\u00e9e:<\/strong> 150 m\u00e8tres (492 pieds) de ligne de vis\u00e9e<\/p>\n<\/li>\n<li data-start=\"2680\" data-end=\"2740\">\n<p data-start=\"2682\" data-end=\"2740\"><strong data-start=\"2682\" data-end=\"2703\">Plage de temp\u00e9rature\u00a0:<\/strong> -25\u00b0C \u00e0 +60\u00b0C (-4\u00b0F \u00e0 140\u00b0F)<\/p>\n<\/li>\n<li data-start=\"2741\" data-end=\"2764\">\n<p data-start=\"2743\" data-end=\"2764\"><strong data-start=\"2743\" data-end=\"2756\">Classe IP\u00a0:<\/strong> IP44<\/p>\n<\/li>\n<li data-start=\"2765\" data-end=\"2827\">\n<p data-start=\"2767\" data-end=\"2827\"><strong data-start=\"2767\" data-end=\"2783\">Dimensions:<\/strong> 300 x 325 x 70 mm (11,8 x 12,8 x 2,8 pouces)<\/p>\n<\/li>\n<li data-start=\"2828\" data-end=\"2868\">\n<p data-start=\"2830\" data-end=\"2868\"><strong data-start=\"2830\" data-end=\"2861\">Poids (piles comprises) :<\/strong> 1 kg<\/p>\n<\/li>\n<li data-start=\"2869\" data-end=\"2915\">\n<p data-start=\"2871\" data-end=\"2915\"><strong data-start=\"2871\" data-end=\"2903\">Num\u00e9ro d&#039;article du fournisseur\u00a0:<\/strong> RWS50R86800<\/p>\n<\/li>\n<\/ul>\n<p data-start=\"2917\" data-end=\"3134\">La sir\u00e8ne bidirectionnelle Risco RWS50 est la solution parfaite pour am\u00e9liorer la s\u00e9curit\u00e9 ext\u00e9rieure avec un signal sonore puissant, une fonction de pr\u00e9-alarme et une communication sans fil, ce qui en fait un \u00e9l\u00e9ment fiable de votre syst\u00e8me de s\u00e9curit\u00e9.<\/p>","protected":false},"excerpt":{"rendered":"<p>La sir\u00e8ne bidirectionnelle Risco RWS50 est une sir\u00e8ne ext\u00e9rieure sans fil aliment\u00e9e par batterie avec un niveau sonore de 105 dB et une communication radio bidirectionnelle.<\/p>\n<p>Il dispose d&#039;une fonction de pr\u00e9-alarme pour une s\u00e9curit\u00e9 accrue en cas de manipulation et de sabotage du syst\u00e8me, et est facile \u00e0 installer sans avoir besoin de transformateur.<\/p>","protected":false},"featured_media":145460,"template":"","meta":{"_acf_changed":false},"product_brand":[],"product_cat":[2731,3190],"product_tag":[3152,2266,2262,2420,3070],"class_list":{"0":"post-57487","1":"product","2":"type-product","3":"status-publish","4":"has-post-thumbnail","6":"product_cat-risco-larm","7":"product_cat-sirener-risco-larm","8":"product_tag-cr123-tillbehor","9":"product_tag-larmdon-blixtljus-blixtljus-i-samma-enhet","10":"product_tag-larmdon-siren-utomhus","11":"product_tag-rel-larmdonblixt","12":"product_tag-wicomm-pro-siren","13":"product_shipping_class-postnord-varubrev","14":"pa_brands-4risco","15":"pa_risco-produkter-agility-2","16":"pa_risco-produkter-agility-3","17":"pa_risco-produkter-agility-4","18":"pa_wicomm-pro-kategorier-sinerer","19":"tm-no-options","21":"first","22":"instock","23":"sale","24":"featured","25":"taxable","26":"shipping-taxable","27":"purchasable","28":"product-type-simple"},"acf":[],"_links":{"self":[{"href":"https:\/\/secureus.se\/fr\/wp-json\/wp\/v2\/product\/57487","targetHints":{"allow":["GET"]}}],"collection":[{"href":"https:\/\/secureus.se\/fr\/wp-json\/wp\/v2\/product"}],"about":[{"href":"https:\/\/secureus.se\/fr\/wp-json\/wp\/v2\/types\/product"}],"wp:featuredmedia":[{"embeddable":true,"href":"https:\/\/secureus.se\/fr\/wp-json\/wp\/v2\/media\/145460"}],"wp:attachment":[{"href":"https:\/\/secureus.se\/fr\/wp-json\/wp\/v2\/media?parent=57487"}],"wp:term":[{"taxonomy":"product_brand","embeddable":true,"href":"https:\/\/secureus.se\/fr\/wp-json\/wp\/v2\/product_brand?post=57487"},{"taxonomy":"product_cat","embeddable":true,"href":"https:\/\/secureus.se\/fr\/wp-json\/wp\/v2\/product_cat?post=57487"},{"taxonomy":"product_tag","embeddable":true,"href":"https:\/\/secureus.se\/fr\/wp-json\/wp\/v2\/product_tag?post=57487"}],"curies":[{"name":"wp","href":"https:\/\/api.w.org\/{rel}","templated":true}]}}