{"id":57488,"date":"2022-03-10T14:57:00","date_gmt":"2022-03-10T13:57:00","guid":{"rendered":"https:\/\/secureus.se\/produkt\/magnetkontakt-rwx73f-med-multifunktion-agililty3-4-och-wicomm\/"},"modified":"2025-12-31T19:42:37","modified_gmt":"2025-12-31T18:42:37","slug":"risco-2-vags-magnetkontakt-med-no-nc-plint","status":"publish","type":"product","link":"https:\/\/secureus.se\/fr\/risco-2-vags-magnetkontakt-med-no-nc-plint\/","title":{"rendered":"Contact magn\u00e9tique \u00e0 2 voies Risco avec borne NO\/NC"},"content":{"rendered":"<h1>Contact magn\u00e9tique \u00e0 2 voies Risco avec borne NO\/NC<\/h1>\n<p>Contact magn\u00e9tique RWX73F Agililty Wicomm Pro est un \u00e9metteur multifonction 2 voies id\u00e9al pour la protection sans fil, pour porte\/fen\u00eatre dans les maisons et les petites entreprises.<\/p>\n<p>Le RWX73F est un \u00e9metteur \u00e9conomique qui combine un contact magn\u00e9tique\/de porte avec 2 canaux s\u00e9par\u00e9s pour deux entr\u00e9es s\u00e9par\u00e9es.<\/p>\n<p>En utilisant deux canaux distincts, le RWX73F peut servir deux applications distinctes\u00a0: protection p\u00e9rim\u00e9trique pour portes et fen\u00eatres lorsqu&#039;elle est connect\u00e9e \u00e0 un seul canal et un autre capteur pour l&#039;autre canal.<\/p>\n<p>Chaque canal peut \u00eatre connect\u00e9 \u00e0 des contacts magn\u00e9tiques filaires ou \u00e0 d&#039;autres d\u00e9tecteurs pouvant \u00eatre utilis\u00e9s pour diff\u00e9rentes applications de contr\u00f4le ou de s\u00e9curit\u00e9.<\/p>\n<p>Le contact magn\u00e9tique RWX73F Agililty Wicomm Pro fonctionne par exemple pour la protection des portes et fen\u00eatres et r\u00e9siste \u00e0 toutes les tentatives de manipulation du d\u00e9tecteur avec des aimants externes.<\/p>\n<p>Le RWX73F fonctionne avec les syst\u00e8mes bidirectionnels sans fil et hybrides de RISCO Group.<\/p>\n<p>Contact magn\u00e9tique RWX73F Agililty Wicomm Pro est facile \u00e0 installer avec un simple support au mur et facile \u00e0 programmer avec le logiciel de configuration \u00e0 distance de RISCO.<\/p>\n<p id=\"tw-target-text\" class=\"tw-data-text tw-text-large tw-ta\" dir=\"ltr\" data-placeholder=\"Translation\" data-ved=\"2ahUKEwi6ot3F2L6DAxWBaqQEHbtQCksQ3ewLegQIARAQ\"><span style=\"text-decoration: underline\"><strong>Caract\u00e9ristiques:<\/strong><\/span><br \/>\nCommunication\u00a0: bidirectionnelle<br \/>\nEnti\u00e8rement supervis\u00e9<br \/>\nContact magn\u00e9tique int\u00e9gr\u00e9<br \/>\nTemps de r\u00e9ponse des entr\u00e9es s\u00e9lectives adapt\u00e9 aux capteurs filaires (rapide pour les capteurs de chocs, lent pour les interrupteurs magn\u00e9tiques)<br \/>\nPort\u00e9e\u00a0: jusqu&#039;\u00e0 1 000 pieds (300\u00a0m) (en ext\u00e9rieur)<br \/>\nTerminaison d&#039;entr\u00e9e s\u00e9lective (NO, NC, DEOL) pour fonction de contr\u00f4le universelle<br \/>\nProtection de s\u00e9curit\u00e9 pour le dos et le couvercle<br \/>\nProtection de s\u00e9curit\u00e9 contre le sabotage<br \/>\nDeux canaux reconnus comme zones distinctes dans le syst\u00e8me avec fonctionnalit\u00e9 s\u00e9lective (protection universelle ou volet)<br \/>\nPour prolonger la dur\u00e9e de vie de la batterie, option permettant d&#039;envoyer des \u00e9v\u00e9nements toutes les 2,5 minutes<br \/>\nCompatible avec les syst\u00e8mes sans fil et hybrides RISCO<\/p>\n<p><strong>Contact magn\u00e9tique RWX73F Agililty Wicomm Pro Num\u00e9ro de pi\u00e8ce du fournisseur multifonction<\/strong>: <span class=\"sku_wrapper\"><span class=\"sku\">RWX73M86800D<\/span><\/span><\/p>\n<h4>Apprenez-en davantage sur WiComm Pro et ces fonctionnalit\u00e9s\u00a0!<\/h4>\n<p><a href=\"https:\/\/www.riscogroup.com\/products\/product\/52708\" target=\"_blank\" rel=\"noopener\">Ici, vous pouvez en savoir plus sur WiCom Pro sur le site Web de Risco Group\u00a0<\/a><\/p>\n<p><iframe title=\"Wicomm Smart Hub \u00c9tats-Unis\" width=\"1170\" height=\"658\" src=\"https:\/\/www.youtube.com\/embed\/5PHoH2dRjEs?feature=oembed\" frameborder=\"0\" allow=\"accelerometer; autoplay; clipboard-write; encrypted-media; gyroscope; picture-in-picture; web-share\" referrerpolicy=\"strict-origin-when-cross-origin\" allowfullscreen><\/iframe><\/p>","protected":false},"excerpt":{"rendered":"<p>Le contact magn\u00e9tique bidirectionnel Risco RWX73F pour Agility et WiComm Pro est un \u00e9metteur multifonction qui offre une protection sans fil pour les portes et les fen\u00eatres.<\/p>\n<p>Avec deux canaux s\u00e9par\u00e9s pour diff\u00e9rentes applications, ce contact magn\u00e9tique offre flexibilit\u00e9 et s\u00e9curit\u00e9 pour les maisons et les petites entreprises. Installation facile et compatibilit\u00e9 avec les syst\u00e8mes sans fil et hybrides Risco.<\/p>","protected":false},"featured_media":145404,"template":"","meta":{"_acf_changed":false},"product_brand":[],"product_cat":[2731,3188,1324],"product_tag":[2426],"class_list":{"0":"post-57488","1":"product","2":"type-product","3":"status-publish","4":"has-post-thumbnail","6":"product_cat-risco-larm","7":"product_cat-larmenheter-risco-larm","8":"product_cat-outlet","9":"product_tag-rel-risco","10":"product_shipping_class-postnord-varubrev","11":"pa_brands-4risco","12":"pa_risco-produkter-agility-3","13":"pa_risco-produkter-agility-4","14":"pa_wicomm-pro-kategorier-magnetkontakter","15":"tm-no-options","17":"first","18":"instock","19":"sale","20":"featured","21":"taxable","22":"shipping-taxable","23":"purchasable","24":"product-type-simple"},"acf":[],"_links":{"self":[{"href":"https:\/\/secureus.se\/fr\/wp-json\/wp\/v2\/product\/57488","targetHints":{"allow":["GET"]}}],"collection":[{"href":"https:\/\/secureus.se\/fr\/wp-json\/wp\/v2\/product"}],"about":[{"href":"https:\/\/secureus.se\/fr\/wp-json\/wp\/v2\/types\/product"}],"wp:featuredmedia":[{"embeddable":true,"href":"https:\/\/secureus.se\/fr\/wp-json\/wp\/v2\/media\/145404"}],"wp:attachment":[{"href":"https:\/\/secureus.se\/fr\/wp-json\/wp\/v2\/media?parent=57488"}],"wp:term":[{"taxonomy":"product_brand","embeddable":true,"href":"https:\/\/secureus.se\/fr\/wp-json\/wp\/v2\/product_brand?post=57488"},{"taxonomy":"product_cat","embeddable":true,"href":"https:\/\/secureus.se\/fr\/wp-json\/wp\/v2\/product_cat?post=57488"},{"taxonomy":"product_tag","embeddable":true,"href":"https:\/\/secureus.se\/fr\/wp-json\/wp\/v2\/product_tag?post=57488"}],"curies":[{"name":"wp","href":"https:\/\/api.w.org\/{rel}","templated":true}]}}