{"id":57489,"date":"2022-03-10T14:57:00","date_gmt":"2022-03-10T13:57:00","guid":{"rendered":"https:\/\/secureus.se\/produkt\/larmknapp-armband-t51p-vattentat-och-levereras-med-armband-halsband\/"},"modified":"2025-12-31T19:37:05","modified_gmt":"2025-12-31T18:37:05","slug":"risco-nodknapp-t51p-endast-till-risco-system","status":"publish","type":"product","link":"https:\/\/secureus.se\/fr\/risco-nodknapp-t51p-endast-till-risco-system\/","title":{"rendered":"Bouton d&#039;urgence Risco T51P uniquement pour le syst\u00e8me Risco"},"content":{"rendered":"<h1>Bouton d&#039;urgence Risco T51P uniquement pour le syst\u00e8me Risco<\/h1>\n<p data-start=\"386\" data-end=\"721\">Le bouton d&#039;urgence Risco T51P (mod. RWT51P80000) est un bouton d&#039;alarme sans fil pratique et fiable con\u00e7u pour \u00eatre utilis\u00e9 avec les syst\u00e8mes Risco Agility\u2122 et Wisdom.<\/p>\n<p data-start=\"386\" data-end=\"721\">Il est parfait pour activer les alarmes d&#039;urgence ou de s\u00e9curit\u00e9 d&#039;une simple pression, ce qui le rend id\u00e9al pour les utilisateurs qui souhaitent une m\u00e9thode rapide et facile pour demander de l&#039;aide.<\/p>\n<p data-start=\"723\" data-end=\"1001\">Le bouton est r\u00e9sistant \u00e0 l&#039;eau avec un indice IP67, ce qui le rend durable et s\u00fbr \u00e0 utiliser m\u00eame dans des environnements humides ou ext\u00e9rieurs.<\/p>\n<p data-start=\"723\" data-end=\"1001\">Il est livr\u00e9 avec un bracelet et un collier, offrant \u00e0 l&#039;utilisateur la libert\u00e9 de le porter de la mani\u00e8re qui lui convient le mieux : autour du poignet ou du cou.<\/p>\n<p data-start=\"1003\" data-end=\"1374\">Avec une surveillance continue de la tension de la batterie et une longue dur\u00e9e de vie de la batterie jusqu&#039;\u00e0 3 ans (gr\u00e2ce \u00e0 la pile au lithium CR2430 incluse), le T51P est une solution fiable pour les situations d&#039;urgence.<\/p>\n<p data-start=\"1003\" data-end=\"1374\">Lorsque le bouton est enfonc\u00e9, il envoie un signal au panneau de commande pour activer un appel d&#039;urgence ou une autre action, ce qui le rend \u00e0 la fois efficace et facile \u00e0 utiliser en cas de besoin.<\/p>\n<p data-start=\"1376\" data-end=\"1406\"><strong data-start=\"1376\" data-end=\"1404\">Caract\u00e9ristiques principales :<\/strong><\/p>\n<ul data-start=\"1407\" data-end=\"2036\">\n<li data-start=\"1407\" data-end=\"1473\">\n<p data-start=\"1409\" data-end=\"1473\"><strong data-start=\"1409\" data-end=\"1433\">Fonction touche unique :<\/strong> Activez l&#039;alarme d&#039;urgence d&#039;un simple toucher<\/p>\n<\/li>\n<li data-start=\"1474\" data-end=\"1537\">\n<p data-start=\"1476\" data-end=\"1537\"><strong data-start=\"1476\" data-end=\"1492\">R\u00e9sistant \u00e0 l&#039;eau :<\/strong> Certifi\u00e9 IP67 pour une utilisation dans tous les environnements<\/p>\n<\/li>\n<li data-start=\"1538\" data-end=\"1619\">\n<p data-start=\"1540\" data-end=\"1619\"><strong data-start=\"1540\" data-end=\"1566\">Longue dur\u00e9e de vie de la batterie :<\/strong> Jusqu&#039;\u00e0 3 ans d&#039;utilisation avec une pile au lithium CR2430<\/p>\n<\/li>\n<li data-start=\"1620\" data-end=\"1701\">\n<p data-start=\"1622\" data-end=\"1701\"><strong data-start=\"1622\" data-end=\"1634\">Sans fil:<\/strong> Installation et utilisation faciles avec les syst\u00e8mes Agility\u2122 et Wisdom<\/p>\n<\/li>\n<li data-start=\"1702\" data-end=\"1787\">\n<p data-start=\"1704\" data-end=\"1787\"><strong data-start=\"1704\" data-end=\"1743\">Livr\u00e9 avec bracelet et collier :<\/strong> Flexibilit\u00e9 de porter le bouton comme vous le souhaitez<\/p>\n<\/li>\n<li data-start=\"1788\" data-end=\"1877\">\n<p data-start=\"1790\" data-end=\"1877\"><strong data-start=\"1790\" data-end=\"1826\">Surveillance continue de la batterie :<\/strong> Surveille l&#039;\u00e9tat de la batterie et avertit du remplacement<\/p>\n<\/li>\n<li data-start=\"1878\" data-end=\"1944\">\n<p data-start=\"1880\" data-end=\"1944\"><strong data-start=\"1880\" data-end=\"1899\">Compatibilit\u00e9:<\/strong> Fonctionne avec tous les syst\u00e8mes radio du groupe Risco<\/p>\n<\/li>\n<li data-start=\"1945\" data-end=\"2036\">\n<p data-start=\"1947\" data-end=\"2036\"><strong data-start=\"1947\" data-end=\"1964\">Zonage:<\/strong> Peut \u00eatre affect\u00e9 \u00e0 une zone sp\u00e9cifique sur le panneau de contr\u00f4le pour une meilleure gestion<\/p>\n<\/li>\n<\/ul>\n<p data-start=\"2038\" data-end=\"2069\"><strong data-start=\"2038\" data-end=\"2067\">Sp\u00e9cifications techniques\u00a0:<\/strong><\/p>\n<ul data-start=\"2070\" data-end=\"2417\">\n<li data-start=\"2070\" data-end=\"2095\">\n<p data-start=\"2072\" data-end=\"2095\"><strong data-start=\"2072\" data-end=\"2085\">Fr\u00e9quence:<\/strong> 868 MHz<\/p>\n<\/li>\n<li data-start=\"2096\" data-end=\"2162\">\n<p data-start=\"2098\" data-end=\"2162\"><strong data-start=\"2098\" data-end=\"2110\">Batterie:<\/strong> Pile au lithium CR2430 (incluse), dur\u00e9e de vie maximale de 3 ans<\/p>\n<\/li>\n<li data-start=\"2163\" data-end=\"2196\">\n<p data-start=\"2165\" data-end=\"2196\"><strong data-start=\"2165\" data-end=\"2181\">R\u00e9sistant \u00e0 l&#039;eau :<\/strong> class\u00e9 IP67<\/p>\n<\/li>\n<li data-start=\"2197\" data-end=\"2236\">\n<p data-start=\"2199\" data-end=\"2236\"><strong data-start=\"2199\" data-end=\"2208\">Mesure:<\/strong> Compact et facile \u00e0 transporter<\/p>\n<\/li>\n<li data-start=\"2237\" data-end=\"2285\">\n<p data-start=\"2239\" data-end=\"2285\"><strong data-start=\"2239\" data-end=\"2271\">Num\u00e9ro d&#039;article du fournisseur\u00a0:<\/strong> RWT51P80000<\/p>\n<\/li>\n<li data-start=\"2286\" data-end=\"2338\">\n<p data-start=\"2288\" data-end=\"2338\"><strong data-start=\"2288\" data-end=\"2307\">Compatibilit\u00e9:<\/strong> Les syst\u00e8mes Agility\u2122 et Wisdom<\/p>\n<\/li>\n<li data-start=\"2339\" data-end=\"2417\">\n<p data-start=\"2341\" data-end=\"2417\"><strong data-start=\"2341\" data-end=\"2356\">Connexion:<\/strong> Sans fil, facile \u00e0 attribuer \u00e0 une zone sur le panneau de commande<\/p>\n<\/li>\n<\/ul>\n<p data-start=\"2419\" data-end=\"2612\">Le bouton d&#039;urgence Risco T51P offre une solution efficace et flexible pour activer rapidement et facilement les alarmes d&#039;urgence ou de s\u00e9curit\u00e9, offrant aux utilisateurs s\u00e9curit\u00e9 et tranquillit\u00e9 d&#039;esprit dans les situations critiques.<\/p>","protected":false},"excerpt":{"rendered":"<p>Le bouton d&#039;urgence Risco T51P est un bouton d&#039;alarme sans fil pour les syst\u00e8mes Agility\u2122 et Wisdom.<\/p>\n<p>Il active les alarmes d&#039;urgence avec une simple pression et est livr\u00e9 avec un bracelet et un collier.<\/p>\n<p>R\u00e9sistant \u00e0 l&#039;eau (IP67) et dispose d&#039;une autonomie de batterie allant jusqu&#039;\u00e0 3 ans.<\/p>","protected":false},"featured_media":145466,"template":"","meta":{"_acf_changed":false},"product_brand":[],"product_cat":[2731,4881],"product_tag":[],"class_list":{"0":"post-57489","1":"product","2":"type-product","3":"status-publish","4":"has-post-thumbnail","6":"product_cat-risco-larm","7":"product_cat-overfallslarm-fjarrkontroll","8":"product_shipping_class-postnord-varubrev","9":"pa_brands-4risco","10":"pa_risco-produkter-agility-2","11":"pa_risco-produkter-agility-3","12":"pa_risco-produkter-agility-4","13":"tm-no-options","15":"first","16":"instock","17":"sale","18":"featured","19":"taxable","20":"shipping-taxable","21":"purchasable","22":"product-type-simple"},"acf":[],"_links":{"self":[{"href":"https:\/\/secureus.se\/fr\/wp-json\/wp\/v2\/product\/57489","targetHints":{"allow":["GET"]}}],"collection":[{"href":"https:\/\/secureus.se\/fr\/wp-json\/wp\/v2\/product"}],"about":[{"href":"https:\/\/secureus.se\/fr\/wp-json\/wp\/v2\/types\/product"}],"wp:featuredmedia":[{"embeddable":true,"href":"https:\/\/secureus.se\/fr\/wp-json\/wp\/v2\/media\/145466"}],"wp:attachment":[{"href":"https:\/\/secureus.se\/fr\/wp-json\/wp\/v2\/media?parent=57489"}],"wp:term":[{"taxonomy":"product_brand","embeddable":true,"href":"https:\/\/secureus.se\/fr\/wp-json\/wp\/v2\/product_brand?post=57489"},{"taxonomy":"product_cat","embeddable":true,"href":"https:\/\/secureus.se\/fr\/wp-json\/wp\/v2\/product_cat?post=57489"},{"taxonomy":"product_tag","embeddable":true,"href":"https:\/\/secureus.se\/fr\/wp-json\/wp\/v2\/product_tag?post=57489"}],"curies":[{"name":"wp","href":"https:\/\/api.w.org\/{rel}","templated":true}]}}