{"id":57491,"date":"2022-03-10T14:57:00","date_gmt":"2022-03-10T13:57:00","guid":{"rendered":"https:\/\/secureus.se\/produkt\/ridadetektor-x106-inomhus-och-3-6-meters-rackvidd\/"},"modified":"2025-12-31T19:41:21","modified_gmt":"2025-12-31T18:41:21","slug":"risco-ridadetektor-inomhus-2-vags","status":"publish","type":"product","link":"https:\/\/secureus.se\/fr\/risco-ridadetektor-inomhus-2-vags\/","title":{"rendered":"D\u00e9tecteur de rideau Risco int\u00e9rieur bidirectionnel"},"content":{"rendered":"<h1>D\u00e9tecteur de rideau Risco int\u00e9rieur bidirectionnel<\/h1>\n<p data-start=\"346\" data-end=\"673\">Le d\u00e9tecteur de rideau Risco X106 (mod. RWX10680000) est un d\u00e9tecteur de rideau infrarouge passif (PIR) hautes performances con\u00e7u pour \u00eatre utilis\u00e9 dans les environnements r\u00e9sidentiels et commerciaux.<\/p>\n<p data-start=\"346\" data-end=\"673\">Il est sp\u00e9cialement con\u00e7u pour prot\u00e9ger les fen\u00eatres et les grandes portes vitr\u00e9es en cr\u00e9ant une barri\u00e8re invisible qui d\u00e9tecte les mouvements dans un rayon de 3 \u00e0 6 m\u00e8tres.<\/p>\n<p data-start=\"675\" data-end=\"1087\">L&#039;une des caract\u00e9ristiques les plus impressionnantes du X106 est la technologie unique de protection solaire, qui rend le d\u00e9tecteur immunis\u00e9 contre les rayons du soleil et les projecteurs, qui provoquent souvent de fausses alarmes dans d&#039;autres types de d\u00e9tecteurs.<\/p>\n<p data-start=\"675\" data-end=\"1087\">La v\u00e9ritable compensation de temp\u00e9rature garantit que le d\u00e9tecteur fonctionne efficacement m\u00eame dans des conditions de temp\u00e9rature variables, ce qui en fait un choix fiable pour tous les types d&#039;environnements.<\/p>\n<p data-start=\"1089\" data-end=\"1326\">Le X106 est facile \u00e0 installer, soit directement sur le mur, soit avec le support \u00e0 90\u00b0 inclus, qui vous permet d&#039;ajuster l&#039;angle d&#039;installation.<\/p>\n<p data-start=\"1089\" data-end=\"1326\">La hauteur de montage peut atteindre 3 m\u00e8tres, ce qui offre une flexibilit\u00e9 lors de l&#039;installation.<\/p>\n<p data-start=\"1328\" data-end=\"1667\">Avec une fr\u00e9quence de 868 MHz et une compatibilit\u00e9 avec les syst\u00e8mes sans fil RISCO unidirectionnels et bidirectionnels, le X106 est une solution id\u00e9ale pour cr\u00e9er une couche de s\u00e9curit\u00e9 suppl\u00e9mentaire dans votre maison ou votre entreprise.<\/p>\n<p data-start=\"1328\" data-end=\"1667\">Le d\u00e9tecteur est aliment\u00e9 par une pile au lithium CR123 3V (incluse) et dispose d&#039;une autonomie qui le rend \u00e0 la fois pratique et \u00e9conomique.<\/p>\n<p data-start=\"1669\" data-end=\"1699\"><strong data-start=\"1669\" data-end=\"1697\">Caract\u00e9ristiques principales :<\/strong><\/p>\n<ul data-start=\"1700\" data-end=\"2407\">\n<li data-start=\"1700\" data-end=\"1770\">\n<p data-start=\"1702\" data-end=\"1770\"><strong data-start=\"1702\" data-end=\"1715\">Port\u00e9e:<\/strong> 3 \u00e0 6 m\u00e8tres, id\u00e9al pour les fen\u00eatres et les grandes portes vitr\u00e9es<\/p>\n<\/li>\n<li data-start=\"1771\" data-end=\"1867\">\n<p data-start=\"1773\" data-end=\"1867\"><strong data-start=\"1773\" data-end=\"1793\">Technologie de protection solaire :<\/strong> Immunis\u00e9 contre la lumi\u00e8re du soleil et les projecteurs pour r\u00e9duire les fausses alarmes<\/p>\n<\/li>\n<li data-start=\"1868\" data-end=\"1965\">\n<p data-start=\"1870\" data-end=\"1965\"><strong data-start=\"1870\" data-end=\"1905\">Compensation de temp\u00e9rature r\u00e9elle :<\/strong> Pour des performances fiables dans diverses conditions de temp\u00e9rature<\/p>\n<\/li>\n<li data-start=\"1966\" data-end=\"2065\">\n<p data-start=\"1968\" data-end=\"2065\"><strong data-start=\"1968\" data-end=\"1991\">Installation facile :<\/strong> Montage mural avec support \u00e0 90\u00b0 inclus, hauteur de montage jusqu&#039;\u00e0 3 m\u00e8tres<\/p>\n<\/li>\n<li data-start=\"2066\" data-end=\"2167\">\n<p data-start=\"2068\" data-end=\"2167\"><strong data-start=\"2068\" data-end=\"2080\">Sans fil:<\/strong> Utilise la fr\u00e9quence 868 MHz, compatible avec les syst\u00e8mes unidirectionnels et bidirectionnels RISCO\u2122<\/p>\n<\/li>\n<li data-start=\"2168\" data-end=\"2253\">\n<p data-start=\"2170\" data-end=\"2253\"><strong data-start=\"2170\" data-end=\"2196\">Longue dur\u00e9e de vie de la batterie :<\/strong> Pile au lithium CR123 3V (incluse) avec une longue dur\u00e9e de fonctionnement<\/p>\n<\/li>\n<li data-start=\"2254\" data-end=\"2314\">\n<p data-start=\"2256\" data-end=\"2314\"><strong data-start=\"2256\" data-end=\"2275\">Compatibilit\u00e9:<\/strong> Fonctionne avec tous les syst\u00e8mes radio RISCO\u2122<\/p>\n<\/li>\n<li data-start=\"2315\" data-end=\"2407\">\n<p data-start=\"2317\" data-end=\"2407\"><strong data-start=\"2317\" data-end=\"2336\">Conception compacte\u00a0:<\/strong> Dimensions r\u00e9duites (31,5 x 35 x 98,5 mm) pour une int\u00e9gration facile dans divers environnements<\/p>\n<\/li>\n<\/ul>\n<p data-start=\"2409\" data-end=\"2440\"><strong data-start=\"2409\" data-end=\"2438\">Sp\u00e9cifications techniques\u00a0:<\/strong><\/p>\n<ul data-start=\"2441\" data-end=\"2747\">\n<li data-start=\"2441\" data-end=\"2466\">\n<p data-start=\"2443\" data-end=\"2466\"><strong data-start=\"2443\" data-end=\"2456\">Fr\u00e9quence:<\/strong> 868 MHz<\/p>\n<\/li>\n<li data-start=\"2467\" data-end=\"2494\">\n<p data-start=\"2469\" data-end=\"2494\"><strong data-start=\"2469\" data-end=\"2482\">Port\u00e9e:<\/strong> 3 \u00e0 6 m\u00e8tres<\/p>\n<\/li>\n<li data-start=\"2495\" data-end=\"2547\">\n<p data-start=\"2497\" data-end=\"2547\"><strong data-start=\"2497\" data-end=\"2509\">Batterie:<\/strong> Pile au lithium CR123 3V (incluse)<\/p>\n<\/li>\n<li data-start=\"2548\" data-end=\"2581\">\n<p data-start=\"2550\" data-end=\"2581\"><strong data-start=\"2550\" data-end=\"2559\">Mesure:<\/strong> 31,5 x 35 x 98,5 mm<\/p>\n<\/li>\n<li data-start=\"2582\" data-end=\"2622\">\n<p data-start=\"2584\" data-end=\"2622\"><strong data-start=\"2584\" data-end=\"2603\">Hauteur de montage :<\/strong> Jusqu&#039;\u00e0 3 m\u00e8tres<\/p>\n<\/li>\n<li data-start=\"2623\" data-end=\"2698\">\n<p data-start=\"2625\" data-end=\"2698\"><strong data-start=\"2625\" data-end=\"2644\">Compatibilit\u00e9:<\/strong> Syst\u00e8mes sans fil unidirectionnels et bidirectionnels Risco\u2122<\/p>\n<\/li>\n<li data-start=\"2699\" data-end=\"2747\">\n<p data-start=\"2701\" data-end=\"2747\"><strong data-start=\"2701\" data-end=\"2733\">Num\u00e9ro d&#039;article du fournisseur\u00a0:<\/strong> RWX10680000<\/p>\n<\/li>\n<\/ul>\n<p data-start=\"2749\" data-end=\"3060\">Le d\u00e9tecteur de rideau Risco X106 est une protection fiable et efficace pour les fen\u00eatres et les portes vitr\u00e9es, ce qui en fait un excellent choix pour les maisons et les entreprises.<\/p>\n<p data-start=\"2749\" data-end=\"3060\">Gr\u00e2ce \u00e0 la technologie de protection solaire, \u00e0 la v\u00e9ritable compensation de temp\u00e9rature et \u00e0 une installation facile, ce d\u00e9tecteur garantit que votre syst\u00e8me de s\u00e9curit\u00e9 fonctionne de mani\u00e8re optimale.<\/p>","protected":false},"excerpt":{"rendered":"<p>Le d\u00e9tecteur de rideau Risco X106 est un d\u00e9tecteur PIR sans fil pour prot\u00e9ger les fen\u00eatres et les grandes portes vitr\u00e9es.<\/p>\n<p>Il a une port\u00e9e de 3 \u00e0 6 m\u00e8tres et utilise une technologie de protection solaire pour r\u00e9duire les fausses alarmes.<\/p>","protected":false},"featured_media":145365,"template":"","meta":{"_acf_changed":false},"product_brand":[],"product_cat":[3188,2731],"product_tag":[3152],"class_list":{"0":"post-57491","1":"product","2":"type-product","3":"status-publish","4":"has-post-thumbnail","6":"product_cat-larmenheter-risco-larm","7":"product_cat-risco-larm","8":"product_tag-cr123-tillbehor","9":"product_shipping_class-postnord-varubrev","10":"pa_brands-4risco","11":"pa_risco-produkter-agility-4","12":"tm-no-options","14":"first","15":"onbackorder","16":"sale","17":"featured","18":"taxable","19":"shipping-taxable","20":"purchasable","21":"product-type-simple"},"acf":[],"_links":{"self":[{"href":"https:\/\/secureus.se\/fr\/wp-json\/wp\/v2\/product\/57491","targetHints":{"allow":["GET"]}}],"collection":[{"href":"https:\/\/secureus.se\/fr\/wp-json\/wp\/v2\/product"}],"about":[{"href":"https:\/\/secureus.se\/fr\/wp-json\/wp\/v2\/types\/product"}],"wp:featuredmedia":[{"embeddable":true,"href":"https:\/\/secureus.se\/fr\/wp-json\/wp\/v2\/media\/145365"}],"wp:attachment":[{"href":"https:\/\/secureus.se\/fr\/wp-json\/wp\/v2\/media?parent=57491"}],"wp:term":[{"taxonomy":"product_brand","embeddable":true,"href":"https:\/\/secureus.se\/fr\/wp-json\/wp\/v2\/product_brand?post=57491"},{"taxonomy":"product_cat","embeddable":true,"href":"https:\/\/secureus.se\/fr\/wp-json\/wp\/v2\/product_cat?post=57491"},{"taxonomy":"product_tag","embeddable":true,"href":"https:\/\/secureus.se\/fr\/wp-json\/wp\/v2\/product_tag?post=57491"}],"curies":[{"name":"wp","href":"https:\/\/api.w.org\/{rel}","templated":true}]}}