{"id":57493,"date":"2022-03-10T14:57:00","date_gmt":"2022-03-10T13:57:00","guid":{"rendered":"https:\/\/secureus.se\/produkt\/2-vags-tradlos-rok-temperatur-detektor-agililty3-4-och-wicomm-pro\/"},"modified":"2025-12-31T19:35:02","modified_gmt":"2025-12-31T18:35:02","slug":"risco-rok-varmedetektor-2-vags","status":"publish","type":"product","link":"https:\/\/secureus.se\/fr\/risco-rok-varmedetektor-2-vags\/","title":{"rendered":"D\u00e9tecteur de fum\u00e9e et de chaleur Risco bidirectionnel"},"content":{"rendered":"<h1>D\u00e9tecteur de fum\u00e9e et de chaleur Risco bidirectionnel<\/h1>\n<p data-start=\"468\" data-end=\"829\">Le d\u00e9tecteur de fum\u00e9e et de chaleur bidirectionnel Risco RWX35S00800C est une solution innovante et efficace pour la d\u00e9tection d&#039;incendie, con\u00e7ue pour s&#039;adapter \u00e0 tous les types d&#039;environnements, des espaces r\u00e9sidentiels aux espaces commerciaux.<\/p>\n<p data-start=\"468\" data-end=\"829\">Ce d\u00e9tecteur combine la d\u00e9tection de fum\u00e9e et de chaleur dans une seule unit\u00e9, ce qui en fait un excellent choix pour assurer une s\u00e9curit\u00e9 optimale et une surveillance des incendies.<\/p>\n<p data-start=\"831\" data-end=\"1154\"><strong data-start=\"831\" data-end=\"849\">D\u00e9tection de fum\u00e9e<\/strong><br data-start=\"849\" data-end=\"852\" \/>Le Risco RWX35 utilise une nouvelle chambre photo\u00e9lectrique avanc\u00e9e et un algorithme de d\u00e9tection d\u00e9velopp\u00e9 qui r\u00e9pond \u00e0 la norme EN14604 pour la d\u00e9tection de fum\u00e9e.<\/p>\n<p data-start=\"831\" data-end=\"1154\">Cette technologie permet de d\u00e9tecter rapidement et efficacement la fum\u00e9e en cas d\u2019incendie, offrant ainsi aux utilisateurs un temps pr\u00e9cieux pour agir et se prot\u00e9ger.<\/p>\n<p data-start=\"1156\" data-end=\"1468\"><strong data-start=\"1156\" data-end=\"1176\">D\u00e9tection de chaleur<\/strong><br data-start=\"1176\" data-end=\"1179\" \/>Le d\u00e9tecteur surveille la temp\u00e9rature \u00e0 l&#039;aide de quatre capteurs de chaleur distincts qui mesurent \u00e0 la fois le taux de mont\u00e9e et la temp\u00e9rature absolue.<\/p>\n<p data-start=\"1156\" data-end=\"1468\">Cette double m\u00e9thode de surveillance de la temp\u00e9rature permet au d\u00e9tecteur de r\u00e9agir plus rapidement et plus pr\u00e9cis\u00e9ment \u00e0 un incendie potentiel, am\u00e9liorant ainsi encore la s\u00e9curit\u00e9.<\/p>\n<p data-start=\"1470\" data-end=\"2006\"><strong data-start=\"1470\" data-end=\"1507\">Installation et utilisation faciles<\/strong><br data-start=\"1507\" data-end=\"1510\" \/>La conception du RWX35 rend l&#039;installation rapide et facile. Il est compatible avec tous les syst\u00e8mes hybrides et sans fil du groupe RISCO, notamment Agility3, Agility4 et WiComm Pro, et utilise une communication bidirectionnelle pour assurer une surveillance continue et fiable.<\/p>\n<p data-start=\"1470\" data-end=\"2006\">Pour s&#039;assurer que le d\u00e9tecteur fonctionne correctement, les utilisateurs peuvent simplement appuyer sur le pav\u00e9 de pression pour activer l&#039;alarme incendie et confirmer que le syst\u00e8me fonctionne correctement. Pour r\u00e9initialiser, appuyez sur le bouton pour d\u00e9sactiver l&#039;alarme.<\/p>\n<p data-start=\"2008\" data-end=\"2038\"><strong data-start=\"2008\" data-end=\"2036\">Caract\u00e9ristiques principales :<\/strong><\/p>\n<ul data-start=\"2039\" data-end=\"2536\">\n<li data-start=\"2039\" data-end=\"2117\">\n<p data-start=\"2041\" data-end=\"2117\">D\u00e9tection de fum\u00e9e : chambre photo\u00e9lectrique et algorithme de d\u00e9tection avanc\u00e9<\/p>\n<\/li>\n<li data-start=\"2118\" data-end=\"2224\">\n<p data-start=\"2120\" data-end=\"2224\">D\u00e9tection de chaleur : quatre capteurs de chaleur distincts pour mesurer l&#039;augmentation de la temp\u00e9rature et la temp\u00e9rature absolue<\/p>\n<\/li>\n<li data-start=\"2225\" data-end=\"2320\">\n<p data-start=\"2227\" data-end=\"2320\">Test simple : appuyez sur le bouton pour activer l&#039;alarme incendie et garantir le bon fonctionnement<\/p>\n<\/li>\n<li data-start=\"2321\" data-end=\"2404\">\n<p data-start=\"2323\" data-end=\"2404\">Communication bidirectionnelle sans fil\u00a0: compatible avec Agility3, Agility4, WiComm Pro<\/p>\n<\/li>\n<li data-start=\"2405\" data-end=\"2473\">\n<p data-start=\"2407\" data-end=\"2473\">Longue dur\u00e9e de vie de la batterie : aliment\u00e9 par 4 piles au lithium CR123 3 V<\/p>\n<\/li>\n<li data-start=\"2474\" data-end=\"2536\">\n<p data-start=\"2476\" data-end=\"2536\">Design \u00e9l\u00e9gant : s&#039;int\u00e8gre facilement dans n&#039;importe quel environnement domestique<\/p>\n<\/li>\n<\/ul>\n<p data-start=\"2538\" data-end=\"2569\"><strong data-start=\"2538\" data-end=\"2567\">Sp\u00e9cifications techniques\u00a0:<\/strong><\/p>\n<ul data-start=\"2570\" data-end=\"2952\">\n<li data-start=\"2570\" data-end=\"2595\">\n<p data-start=\"2572\" data-end=\"2595\">Fr\u00e9quence : 868 MHz<\/p>\n<\/li>\n<li data-start=\"2596\" data-end=\"2656\">\n<p data-start=\"2598\" data-end=\"2656\">Type de batterie : 4 piles au lithium CR123 3 V (incluses)<\/p>\n<\/li>\n<li data-start=\"2657\" data-end=\"2711\">\n<p data-start=\"2659\" data-end=\"2711\">Compatibilit\u00e9 : Agility3, Agility4, WiComm Pro<\/p>\n<\/li>\n<li data-start=\"2712\" data-end=\"2779\">\n<p data-start=\"2714\" data-end=\"2779\">D\u00e9tection de fum\u00e9e : Conforme \u00e0 la norme EN14604 avec chambre photo\u00e9lectrique<\/p>\n<\/li>\n<li data-start=\"2780\" data-end=\"2838\">\n<p data-start=\"2782\" data-end=\"2838\">Surveillance de la temp\u00e9rature : quatre capteurs de chaleur distincts<\/p>\n<\/li>\n<li data-start=\"2839\" data-end=\"2902\">\n<p data-start=\"2841\" data-end=\"2902\">Dimensions : Conception compacte et discr\u00e8te pour une installation facile<\/p>\n<\/li>\n<li data-start=\"2903\" data-end=\"2952\">\n<p data-start=\"2905\" data-end=\"2952\">Num\u00e9ro de pi\u00e8ce du fournisseur\u00a0: RWX35S00800C<\/p>\n<\/li>\n<\/ul>\n<p data-start=\"2954\" data-end=\"3255\">Le d\u00e9tecteur de fum\u00e9e et de chaleur bidirectionnel Risco offre une solution fiable et efficace pour d\u00e9tecter \u00e0 la fois la fum\u00e9e et la chaleur dans un seul syst\u00e8me.<\/p>\n<p data-start=\"2954\" data-end=\"3255\">Avec une installation et une utilisation faciles, ainsi qu&#039;une s\u00e9curit\u00e9 \u00e9lev\u00e9e et une longue dur\u00e9e de vie de la batterie, ce d\u00e9tecteur est un excellent composant pour prot\u00e9ger votre maison ou votre entreprise contre les incendies.<\/p>","protected":false},"excerpt":{"rendered":"<p>Le d\u00e9tecteur de fum\u00e9e et de chaleur bidirectionnel Risco RWX35S00800C combine la d\u00e9tection de fum\u00e9e et de chaleur dans une seule unit\u00e9, avec une technologie photo\u00e9lectrique avanc\u00e9e et une surveillance de la temp\u00e9rature.<\/p>\n<p>Con\u00e7u pour s&#039;adapter \u00e0 n&#039;importe quel environnement, il offre une s\u00e9curit\u00e9 \u00e9lev\u00e9e avec une installation et une int\u00e9gration faciles dans les syst\u00e8mes sans fil de RISCO.<\/p>","protected":false},"featured_media":145270,"template":"","meta":{"_acf_changed":false},"product_brand":[],"product_cat":[3188,2731],"product_tag":[3152],"class_list":{"0":"post-57493","1":"product","2":"type-product","3":"status-publish","4":"has-post-thumbnail","6":"product_cat-larmenheter-risco-larm","7":"product_cat-risco-larm","8":"product_tag-cr123-tillbehor","9":"product_shipping_class-postnord-varubrev","10":"pa_brands-4risco","11":"pa_risco-produkter-agility-3","12":"pa_risco-produkter-agility-4","13":"pa_wicomm-pro-kategorier-rokdetektorer","14":"tm-no-options","16":"first","17":"instock","18":"sale","19":"featured","20":"taxable","21":"shipping-taxable","22":"purchasable","23":"product-type-simple"},"acf":[],"_links":{"self":[{"href":"https:\/\/secureus.se\/fr\/wp-json\/wp\/v2\/product\/57493","targetHints":{"allow":["GET"]}}],"collection":[{"href":"https:\/\/secureus.se\/fr\/wp-json\/wp\/v2\/product"}],"about":[{"href":"https:\/\/secureus.se\/fr\/wp-json\/wp\/v2\/types\/product"}],"wp:featuredmedia":[{"embeddable":true,"href":"https:\/\/secureus.se\/fr\/wp-json\/wp\/v2\/media\/145270"}],"wp:attachment":[{"href":"https:\/\/secureus.se\/fr\/wp-json\/wp\/v2\/media?parent=57493"}],"wp:term":[{"taxonomy":"product_brand","embeddable":true,"href":"https:\/\/secureus.se\/fr\/wp-json\/wp\/v2\/product_brand?post=57493"},{"taxonomy":"product_cat","embeddable":true,"href":"https:\/\/secureus.se\/fr\/wp-json\/wp\/v2\/product_cat?post=57493"},{"taxonomy":"product_tag","embeddable":true,"href":"https:\/\/secureus.se\/fr\/wp-json\/wp\/v2\/product_tag?post=57493"}],"curies":[{"name":"wp","href":"https:\/\/api.w.org\/{rel}","templated":true}]}}