{"id":57496,"date":"2022-03-10T14:57:00","date_gmt":"2022-03-10T13:57:00","guid":{"rendered":"https:\/\/secureus.se\/produkt\/tagg-nyckelbricka-agility-risco-och-logo\/"},"modified":"2025-12-31T19:38:06","modified_gmt":"2025-12-31T18:38:06","slug":"tagg-till-risco-knappsats-2-pack","status":"publish","type":"product","link":"https:\/\/secureus.se\/fr\/tagg-till-risco-knappsats-2-pack\/","title":{"rendered":"Clavier Risco Proxtag pour Agility et WiComm Pro \u2013 Pack de 2"},"content":{"rendered":"<h1>\u00c9tiquette pour clavier Risco, paquet de 2<\/h1>\n<p>Compatible pour les panneaux panda<\/p>\n<h3 class=\"product-details-module__title ec-header-h6\">Description du produit Tagg Agility WiComm Pro<\/h3>\n<div class=\"product-details-module__content\">\n<div id=\"productDescription\" class=\"product-details__product-description\">\n<div>\n<p>D\u00e9sarmement et armement simples avec\u00a0<strong>balises d&#039;alarme<\/strong>, \u00e9galement appel\u00e9s balises.<\/p>\n<p>Peut \u00eatre attach\u00e9 au porte-cl\u00e9s. Un tag d&#039;alarme est personnel et compl\u00e8te le code \u00e0 quatre chiffres.<\/p>\n<p>La flexibilit\u00e9 fait du plateau d&#039;alarme un produit tr\u00e8s populaire parmi nos clients.<\/p>\n<p>Une balise est un moyen pratique de g\u00e9rer et de contr\u00f4ler les alarmes : si vous en perdez une, il vous suffit de la programmer et d&#039;en ajouter une nouvelle.<\/p>\n<p>Une seule et m\u00eame \u00e9tiquette d&#039;alarme peut \u00eatre utilis\u00e9e pour plusieurs syst\u00e8mes d&#039;alarme diff\u00e9rents, par exemple pour alerter la maison, le travail et la r\u00e9sidence d&#039;\u00e9t\u00e9.<\/p>\n<h4>Apprenez-en davantage sur WiComm Pro et ces fonctionnalit\u00e9s\u00a0!<\/h4>\n<p><a href=\"https:\/\/www.riscogroup.com\/products\/product\/52708\" target=\"_blank\" rel=\"noopener\">Ici, vous pouvez en savoir plus sur WiCom Pro sur le site Web de Risco Group\u00a0<\/a><\/p>\n<p><iframe title=\"Wicomm Smart Hub \u00c9tats-Unis\" width=\"1170\" height=\"658\" src=\"https:\/\/www.youtube.com\/embed\/5PHoH2dRjEs?feature=oembed\" frameborder=\"0\" allow=\"accelerometer; autoplay; clipboard-write; encrypted-media; gyroscope; picture-in-picture; web-share\" referrerpolicy=\"strict-origin-when-cross-origin\" allowfullscreen><\/iframe><\/p>\n<\/div>\n<\/div>\n<\/div>","protected":false},"excerpt":{"rendered":"<p>Pour panneau Panda Risco. D\u00e9sarmement et armement simples avec <strong>balises d&#039;alarme<\/strong>, \u00e9galement appel\u00e9s balises.<\/p>\n<p>Peut \u00eatre attach\u00e9 au porte-cl\u00e9s. Un tag d&#039;alarme est personnel et compl\u00e8te le code \u00e0 quatre chiffres.<\/p>\n<p><span data-teams=\"true\"><span class=\"ui-provider a b c d e f g h i j k l m n o p q r s t u v w x y z ab ac ae af ag ah ai aj ak\" dir=\"ltr\">Le produit est livr\u00e9 avec 2 \u00e9tiquettes.<\/span><\/span><\/p>","protected":false},"featured_media":145696,"template":"","meta":{"_acf_changed":false},"product_brand":[],"product_cat":[4882,4881,4879],"product_tag":[2426,2958],"class_list":{"0":"post-57496","1":"product","2":"type-product","3":"status-publish","4":"has-post-thumbnail","6":"product_cat-agility-v4-3-2","7":"product_cat-overfallslarm-fjarrkontroll","8":"product_cat-wicomm-pro","9":"product_tag-rel-risco","10":"product_tag-stonehouse-produkt","11":"product_shipping_class-postnord-varubrev","12":"pa_brands-stonehouse-security","13":"pa_risco-produkter-agility-4","14":"tm-no-options","16":"first","17":"instock","18":"sale","19":"featured","20":"taxable","21":"shipping-taxable","22":"purchasable","23":"product-type-simple"},"acf":[],"_links":{"self":[{"href":"https:\/\/secureus.se\/fr\/wp-json\/wp\/v2\/product\/57496","targetHints":{"allow":["GET"]}}],"collection":[{"href":"https:\/\/secureus.se\/fr\/wp-json\/wp\/v2\/product"}],"about":[{"href":"https:\/\/secureus.se\/fr\/wp-json\/wp\/v2\/types\/product"}],"wp:featuredmedia":[{"embeddable":true,"href":"https:\/\/secureus.se\/fr\/wp-json\/wp\/v2\/media\/145696"}],"wp:attachment":[{"href":"https:\/\/secureus.se\/fr\/wp-json\/wp\/v2\/media?parent=57496"}],"wp:term":[{"taxonomy":"product_brand","embeddable":true,"href":"https:\/\/secureus.se\/fr\/wp-json\/wp\/v2\/product_brand?post=57496"},{"taxonomy":"product_cat","embeddable":true,"href":"https:\/\/secureus.se\/fr\/wp-json\/wp\/v2\/product_cat?post=57496"},{"taxonomy":"product_tag","embeddable":true,"href":"https:\/\/secureus.se\/fr\/wp-json\/wp\/v2\/product_tag?post=57496"}],"curies":[{"name":"wp","href":"https:\/\/api.w.org\/{rel}","templated":true}]}}