{"id":57502,"date":"2022-03-10T14:57:00","date_gmt":"2022-03-10T13:57:00","guid":{"rendered":"https:\/\/secureus.se\/produkt\/manoverpanel-panda-prox-dubbelriktad-kommunikation-for-wicomm-pro-obs-aven-for-version-agility-4-5-10-eller-hogre\/"},"modified":"2025-12-31T19:37:24","modified_gmt":"2025-12-31T18:37:24","slug":"risco-knappsats-prox-2-vags","status":"publish","type":"product","link":"https:\/\/secureus.se\/fr\/risco-knappsats-prox-2-vags\/","title":{"rendered":"Clavier de proximit\u00e9 Risco bidirectionnel \u2013 WiComm Pro"},"content":{"rendered":"<h1>Clavier Risco Prox bidirectionnel<\/h1>\n<p data-start=\"444\" data-end=\"979\">Le panneau de contr\u00f4le KeyPad WiComm Pro Panda est le panneau de contr\u00f4le le plus r\u00e9cent et le plus mis \u00e0 jour de RISCO, offrant un design \u00e9l\u00e9gant et styl\u00e9 avec une fonctionnalit\u00e9 \u00e9lev\u00e9e.<\/p>\n<p data-start=\"444\" data-end=\"979\">Ce clavier sans fil bidirectionnel permet la programmation et le contr\u00f4le \u00e0 distance du syst\u00e8me de s\u00e9curit\u00e9 sans fil de RISCO.<\/p>\n<p data-start=\"444\" data-end=\"979\">Parce qu&#039;il est bidirectionnel, le clavier re\u00e7oit un \u00e9tat de r\u00e9ponse du panneau pour chaque commande envoy\u00e9e, am\u00e9liorant ainsi l&#039;exp\u00e9rience utilisateur et la s\u00e9curit\u00e9.<\/p>\n<p data-start=\"444\" data-end=\"979\">Utilisez-le facilement avec un code ou une \u00e9tiquette de proximit\u00e9 (RFID).<\/p>\n<p data-start=\"981\" data-end=\"1416\">Avec jusqu&#039;\u00e0 trois claviers sans fil par syst\u00e8me et une touche SOS\/Urgence pour une communication bidirectionnelle, WiComm Pro Panda offre une solution s\u00e9curis\u00e9e et flexible pour les besoins de s\u00e9curit\u00e9.<\/p>\n<p data-start=\"981\" data-end=\"1416\">Il dispose \u00e9galement d&#039;une double protection anti-effraction (bo\u00eete et mur) et d&#039;un mode \u00e9conomie de batterie pour une utilisation \u00e0 long terme.<\/p>\n<p data-start=\"981\" data-end=\"1416\">Gr\u00e2ce \u00e0 ses claviers durables et \u00e0 ses indicateurs visuels mis \u00e0 jour, il est \u00e0 la fois facile \u00e0 utiliser et fiable pour l&#039;identification des probl\u00e8mes et l&#039;\u00e9tat des alarmes.<\/p>","protected":false},"excerpt":{"rendered":"<p>Le clavier bidirectionnel sans fil WiComm Pro Panda est parfait pour le syst\u00e8me de s\u00e9curit\u00e9 sans fil de RISCO et offre une grande fiabilit\u00e9 et un design moderne.<\/p>\n<p>Il dispose d&#039;un lecteur RFID et d&#039;une cl\u00e9 SOS\/Urgence pour une communication bidirectionnelle.<\/p>","protected":false},"featured_media":145284,"template":"","meta":{"_acf_changed":false},"product_brand":[],"product_cat":[2731,4879],"product_tag":[],"class_list":{"0":"post-57502","1":"product","2":"type-product","3":"status-publish","4":"has-post-thumbnail","6":"product_cat-risco-larm","7":"product_cat-wicomm-pro","8":"product_shipping_class-postnord-varubrev","9":"pa_brands-4risco","10":"pa_risco-produkter-agility-4","11":"pa_wicomm-pro-kategorier-manoverpaneler-knappar","12":"tm-no-options","14":"first","15":"onbackorder","16":"sale","17":"featured","18":"taxable","19":"shipping-taxable","20":"purchasable","21":"product-type-simple"},"acf":[],"_links":{"self":[{"href":"https:\/\/secureus.se\/fr\/wp-json\/wp\/v2\/product\/57502","targetHints":{"allow":["GET"]}}],"collection":[{"href":"https:\/\/secureus.se\/fr\/wp-json\/wp\/v2\/product"}],"about":[{"href":"https:\/\/secureus.se\/fr\/wp-json\/wp\/v2\/types\/product"}],"wp:featuredmedia":[{"embeddable":true,"href":"https:\/\/secureus.se\/fr\/wp-json\/wp\/v2\/media\/145284"}],"wp:attachment":[{"href":"https:\/\/secureus.se\/fr\/wp-json\/wp\/v2\/media?parent=57502"}],"wp:term":[{"taxonomy":"product_brand","embeddable":true,"href":"https:\/\/secureus.se\/fr\/wp-json\/wp\/v2\/product_brand?post=57502"},{"taxonomy":"product_cat","embeddable":true,"href":"https:\/\/secureus.se\/fr\/wp-json\/wp\/v2\/product_cat?post=57502"},{"taxonomy":"product_tag","embeddable":true,"href":"https:\/\/secureus.se\/fr\/wp-json\/wp\/v2\/product_tag?post=57502"}],"curies":[{"name":"wp","href":"https:\/\/api.w.org\/{rel}","templated":true}]}}