{"id":57504,"date":"2022-03-10T14:57:00","date_gmt":"2022-03-10T13:57:00","guid":{"rendered":"https:\/\/secureus.se\/produkt\/2-vags-tradlos-inomhus-siren-agililty2-3-4-och-wicomm-pro\/"},"modified":"2025-12-31T19:42:04","modified_gmt":"2025-12-31T18:42:04","slug":"risco-siren-2-vags-inomhus-105db","status":"publish","type":"product","link":"https:\/\/secureus.se\/fr\/risco-siren-2-vags-inomhus-105db\/","title":{"rendered":"Sir\u00e8ne Risco bidirectionnelle \u2013 Int\u00e9rieure 105 dB"},"content":{"rendered":"<h1>Sir\u00e8ne Risco bidirectionnelle \u2013 Int\u00e9rieure 105 dB<\/h1>\n<p data-start=\"413\" data-end=\"910\">Risco Siren 2-way Indoor 105dB WiComm Pro Agility est une sir\u00e8ne sans fil et aliment\u00e9e par batterie qui offre une s\u00e9curit\u00e9 et une fiabilit\u00e9 \u00e9lev\u00e9es.<\/p>\n<p data-start=\"413\" data-end=\"910\">Gr\u00e2ce \u00e0 une communication radio bidirectionnelle, la sir\u00e8ne offre une surveillance continue du sabotage, de la tension de la batterie et du d\u00e9lai d&#039;entr\u00e9e.<\/p>\n<p data-start=\"413\" data-end=\"910\">Il dispose d&#039;une fonction de pr\u00e9-alarme int\u00e9gr\u00e9e qui s&#039;active si le panneau de commande est alt\u00e9r\u00e9 ou sabot\u00e9 pendant le d\u00e9lai d&#039;entr\u00e9e sans qu&#039;un code valide ne soit saisi.<\/p>\n<p data-start=\"413\" data-end=\"910\">Cela fournit une couche de protection suppl\u00e9mentaire contre les intrusions.<\/p>\n<p data-start=\"912\" data-end=\"1393\">Avec un volume de 105 dB, la sir\u00e8ne est suffisamment forte pour avertir en cas d&#039;alarme.<\/p>\n<p data-start=\"912\" data-end=\"1393\">La sir\u00e8ne est enti\u00e8rement aliment\u00e9e par batterie et ne n\u00e9cessite aucune alimentation externe, ce qui la rend tr\u00e8s flexible dans son installation.<\/p>\n<p data-start=\"912\" data-end=\"1393\">La dur\u00e9e de vie de la batterie est d&#039;environ trois ans et les piles sont incluses dans la livraison.<\/p>\n<p data-start=\"912\" data-end=\"1393\">Dot\u00e9e d&#039;une protection anti-sabotage robuste (bo\u00eetier et anti-sabotage arri\u00e8re), cette sir\u00e8ne est \u00e0 la fois fiable et s\u00fbre.<\/p>\n<p data-start=\"912\" data-end=\"1393\">La sir\u00e8ne est \u00e9galement programmable \u00e0 distance et dispose de fonctions de diagnostic pour une surveillance et un d\u00e9pannage faciles.<\/p>\n<p><iframe title=\"Wicomm Smart Hub \u00c9tats-Unis\" width=\"1170\" height=\"658\" src=\"https:\/\/www.youtube.com\/embed\/5PHoH2dRjEs?feature=oembed\" frameborder=\"0\" allow=\"accelerometer; autoplay; clipboard-write; encrypted-media; gyroscope; picture-in-picture; web-share\" referrerpolicy=\"strict-origin-when-cross-origin\" allowfullscreen><\/iframe><\/p>","protected":false},"excerpt":{"rendered":"<p>Sir\u00e8ne int\u00e9rieure sans fil pour Risco Agility WiComm Pro et Wisdom, avec communication radio bidirectionnelle, protection anti-sabotage et un niveau sonore de 105 dB.<\/p>\n<p>Aliment\u00e9 par batterie et autonome, parfait pour les installations de s\u00e9curit\u00e9.<\/p>","protected":false},"featured_media":145483,"template":"","meta":{"_acf_changed":false},"product_brand":[],"product_cat":[2731,3190],"product_tag":[2262,2420,3070],"class_list":{"0":"post-57504","1":"product","2":"type-product","3":"status-publish","4":"has-post-thumbnail","6":"product_cat-risco-larm","7":"product_cat-sirener-risco-larm","8":"product_tag-larmdon-siren-utomhus","9":"product_tag-rel-larmdonblixt","10":"product_tag-wicomm-pro-siren","11":"product_shipping_class-postnord-varubrev","12":"pa_brands-4risco","13":"pa_risco-produkter-agility-2","14":"pa_risco-produkter-agility-3","15":"pa_risco-produkter-agility-4","16":"pa_wicomm-pro-kategorier-sinerer","17":"tm-no-options","19":"first","20":"instock","21":"sale","22":"featured","23":"taxable","24":"shipping-taxable","25":"purchasable","26":"product-type-simple"},"acf":[],"_links":{"self":[{"href":"https:\/\/secureus.se\/fr\/wp-json\/wp\/v2\/product\/57504","targetHints":{"allow":["GET"]}}],"collection":[{"href":"https:\/\/secureus.se\/fr\/wp-json\/wp\/v2\/product"}],"about":[{"href":"https:\/\/secureus.se\/fr\/wp-json\/wp\/v2\/types\/product"}],"wp:featuredmedia":[{"embeddable":true,"href":"https:\/\/secureus.se\/fr\/wp-json\/wp\/v2\/media\/145483"}],"wp:attachment":[{"href":"https:\/\/secureus.se\/fr\/wp-json\/wp\/v2\/media?parent=57504"}],"wp:term":[{"taxonomy":"product_brand","embeddable":true,"href":"https:\/\/secureus.se\/fr\/wp-json\/wp\/v2\/product_brand?post=57504"},{"taxonomy":"product_cat","embeddable":true,"href":"https:\/\/secureus.se\/fr\/wp-json\/wp\/v2\/product_cat?post=57504"},{"taxonomy":"product_tag","embeddable":true,"href":"https:\/\/secureus.se\/fr\/wp-json\/wp\/v2\/product_tag?post=57504"}],"curies":[{"name":"wp","href":"https:\/\/api.w.org\/{rel}","templated":true}]}}