{"id":58334,"date":"2022-07-12T10:19:24","date_gmt":"2022-07-12T08:19:24","guid":{"rendered":"https:\/\/secureus.se\/produkt\/tagg-nyckelbricka-abs-plus-mifare4k-std-nr-2\/"},"modified":"2026-03-31T13:27:19","modified_gmt":"2026-03-31T11:27:19","slug":"mifare-4k-plus-vit-fardiga","status":"publish","type":"product","link":"https:\/\/secureus.se\/fr\/mifare-4k-plus-vit-fardiga\/","title":{"rendered":"Mifare 4k ABS PLUS Blanc \u2013 3,9 mm Num\u00e9ros de syst\u00e8me pr\u00eats \u00e0 l&#039;emploi (Mifare 13,56 MHz)"},"content":{"rendered":"<h1>Mifare 4k ABS PLUS Blanc \u2013 3,9 mm Num\u00e9ros de syst\u00e8me pr\u00eats \u00e0 l&#039;emploi (Mifare 13,56 MHz)<\/h1>\n<p><strong>Puissante \u00e9tiquette Mifare avec 4 kB de m\u00e9moire et des num\u00e9ros pr\u00e9-enregistr\u00e9s - fonctionne directement dans 99 % de tous les syst\u00e8mes Mifare su\u00e9dois.<\/strong><br \/>\nD\u00e9j\u00e0 grav\u00e9s avec les num\u00e9ros MFD, MFR, MFL ou MFV, vous pouvez les distribuer d\u00e8s leur r\u00e9ception. Vous pouvez \u00e9galement y ajouter votre logo ou un num\u00e9ro de s\u00e9rie suppl\u00e9mentaire.<\/p>\n<p><strong>Utilisez-vous un syst\u00e8me Mifare diff\u00e9rent ou souhaitez-vous le m\u00eame num\u00e9ro sur toutes les \u00e9tiquettes\u00a0?<\/strong><br \/>\nPas de probl\u00e8me \u2013 l&#039;\u00e9tiquette fonctionne dans <u>tous<\/u> Syst\u00e8me Mifare 13,56 MHz (dans ce cas, ignorez simplement le num\u00e9ro grav\u00e9).<br \/>\nPr\u00e9f\u00e9reriez-vous avoir <strong>\u00c9tiquettes 4K enti\u00e8rement vierges o\u00f9 vous contr\u00f4lez tout vous-m\u00eame<\/strong>Alors vous choisissez <a href=\"\/fr\/mifare4k-abs-plus-vit-3-9mm\/\">Mifare 4k ABS PLUS vierge ici<\/a>.<\/p>\n<div style=\"background: #e8f5e8;border: 2px solid #2e7d32;border-radius: 12px;padding: 20px;margin: 30px 0;text-align: center\">\n<h3 style=\"margin: 0 0 12px 0;color: #1b5e20\">Num\u00e9ros du syst\u00e8me Mifare lus en temps r\u00e9el<\/h3>\n<p style=\"margin: 8px 0;font-size: 1.1em;line-height: 1.5\">MFD = Aptus \u2219 MFR = RCO (9 chiffres) \u2219 MFL = RCO (10 chiffres) \u2219 MFV = Axema VAKA<br \/>\n\u2192 Les chiffres sont lus et test\u00e9s physiquement dans des installations r\u00e9elles \u2013 fonctionnement imm\u00e9diat garanti<\/p>\n<\/div>\n<div style=\"background: #fff3e0;border-left: 5px solid #ff9800;padding: 18px;margin: 30px 0\">\n<p style=\"margin: 0;font-size: 1.05em\"><strong>Souhaitez-vous les rendre encore plus jolies ou y apposer des num\u00e9ros de s\u00e9rie\u00a0?<\/strong><br \/>\nCliquez sur \u00ab Personnaliser le produit \u00bb en haut de la page\u00a0:<br \/>\n\u2713 Logo grav\u00e9 au laser<br \/>\n\u2713 Num\u00e9ro de s\u00e9rie suppl\u00e9mentaire en plus du num\u00e9ro standard<br \/>\n\u2713 Impression couleur du logo (min. 500 pi\u00e8ces)<br \/>\n\u2192 Nous envoyons toujours des \u00e9preuves avant la production<\/p>\n<\/div>\n<div style=\"background: #f4f9ff;border: 2px solid #0066cc;border-radius: 12px;padding: 20px;margin: 30px 0;text-align: center\">\n<h3 style=\"margin: 0 0 12px 0;color: #003366\">Vous h\u00e9sitez entre EM et Mifare ?<\/h3>\n<p style=\"margin: 8px 0;font-size: 1.05em;color: #333\">Essayez les deux techniques \u00e0 la maison pour seulement <strong>69 SEK. Livraison gratuite.<\/strong><br \/>\nRemboursement garanti pour l&#039;achat de 100 unit\u00e9s ou plus<\/p>\n<p><a style=\"display: inline-block;background: #0066cc;color: white;font-weight: bold;padding: 14px 32px;border-radius: 8px;text-decoration: none;margin: 15px 0;font-size: 1.1em\" href=\"\/fr\/testtagg-em-mifare\/\">Achetez l&#039;\u00e9tiquette de test maintenant \u2013 69 kr<\/a><\/p>\n<\/div>\n<h2>Syst\u00e8mes compatibles (d\u00e9j\u00e0 disponibles)<\/h2>\n<ul>\n<li>Aptus (MFD)<\/li>\n<li>S\u00e9curit\u00e9 RCO (MFR \/ MFL)<\/li>\n<li>Axema VAKA (MFV)<\/li>\n<li>ASSA ARX \/ Vanderbilt \/ Bewator (MFD)<\/li>\n<li>Pacom, Tidomat, etc. \u2013 et tous les autres syst\u00e8mes Mifare<\/li>\n<\/ul>\n<h2>Pourquoi les professionnels choisissent Mifare 4k ABS PLUS avec num\u00e9ros pr\u00e9-num\u00e9rot\u00e9s<\/h2>\n<ul>\n<li><strong>4 Ko de m\u00e9moire<\/strong> \u2013 40 secteurs, espace pour plusieurs applications sur la m\u00eame \u00e9tiquette<\/li>\n<li>Extra robuste \u2013 <strong>3,9 mm<\/strong> ABS dur qui dure des d\u00e9cennies<\/li>\n<li>Zone de gravure plus large \u2013 id\u00e9ale pour les logos en couleur<\/li>\n<li>Num\u00e9ros pr\u00eats \u00e0 l&#039;emploi \u2013 sans programmation ni cl\u00e9s, sans attente<\/li>\n<li>Toujours en stock en blanc et en noir \u2013 <strong>d&#039;autres couleurs sont disponibles pour les commandes plus importantes.<\/strong><\/li>\n<\/ul>\n<h2>Sp\u00e9cification technique<\/h2>\n<table style=\"width: 100%;border-collapse: collapse;margin: 20px 0\">\n<tbody>\n<tr>\n<td><strong>Couleurs disponibles<\/strong><\/td>\n<td>Blanc \u2219 Noir (autres couleurs pour les volumes plus importants)<\/td>\n<\/tr>\n<tr>\n<td><strong>\u00c9br\u00e9cher<\/strong><\/td>\n<td>Mifare Classic 4k original (NXP)<\/td>\n<\/tr>\n<tr>\n<td><strong>Fr\u00e9quence<\/strong><\/td>\n<td>13,56 MHz<\/td>\n<\/tr>\n<tr>\n<td><strong>M\u00e9moire<\/strong><\/td>\n<td>4 Ko (40 secteurs)<\/td>\n<\/tr>\n<tr>\n<td><strong>Mat\u00e9riel<\/strong><\/td>\n<td>Plastique ABS extra dur<\/td>\n<\/tr>\n<tr>\n<td><strong>\u00c9paisseur<\/strong><\/td>\n<td>3,9 mm<\/td>\n<\/tr>\n<tr>\n<td><strong>Num\u00e9ro standard<\/strong><\/td>\n<td>MFD\/MFR\/MFL\/MFV grav\u00e9s (inclus)<\/td>\n<\/tr>\n<tr>\n<td><strong>Gravure\/logo suppl\u00e9mentaire<\/strong><\/td>\n<td>Possible \u2013 s\u00e9lectionnez l&#039;option ci-dessus<\/td>\n<\/tr>\n<\/tbody>\n<\/table>\n<h2>Livraison<\/h2>\n<ul>\n<li><strong>1 \u00e0 2 jours<\/strong> sur le produit en stock<\/li>\n<li>Avec gravure\/logo suppl\u00e9mentaire\u00a0: 2 \u00e0 4 jours + \u00e9preuve<\/li>\n<li>Livraison gratuite pour toute commande sup\u00e9rieure \u00e0 1000 SEK.<\/li>\n<\/ul>","protected":false},"excerpt":{"rendered":"<p><strong>Mifare 4k ABS PLUS \u2013 Num\u00e9ros de syst\u00e8me pr\u00eats \u00e0 l&#039;emploi (Mifare 13,56 MHz)<\/strong><br \/>\nM\u00e9moire de 4 ko \u2219 Bo\u00eetier ultra-r\u00e9sistant de 3,9 mm \u2219 Num\u00e9ros MFD\/MFR\/MFL\/MFV d\u00e9j\u00e0 grav\u00e9s<br \/>\nTravaille directement avec Aptus, RCO, Axema VAKA et d'autres.<\/p>","protected":false},"featured_media":163682,"template":"","meta":{"_acf_changed":false},"product_brand":[],"product_cat":[1337,4792],"product_tag":[2437,2074,4146,2958,2991],"class_list":{"0":"post-58334","1":"product","2":"type-product","3":"status-publish","4":"has-post-thumbnail","6":"product_cat-rfid-tagg-abs-plus","7":"product_cat-mifare4k-tagg","8":"product_tag-200-moq-plus-4k-och-salto","9":"product_tag-ej-lagerfraga","10":"product_tag-nxp","11":"product_tag-stonehouse-produkt","12":"product_tag-std-nr-taggar","13":"product_shipping_class-postnord-varubrev","14":"pa_brands-stonehouse-security","15":"pa_chip-teknik-mifare4k","16":"pa_color-vit","17":"pa_farg-vit","18":"tm-has-options","20":"first","21":"onbackorder","22":"sale","23":"featured","24":"taxable","25":"shipping-taxable","26":"purchasable","27":"product-type-simple"},"acf":[],"_links":{"self":[{"href":"https:\/\/secureus.se\/fr\/wp-json\/wp\/v2\/product\/58334","targetHints":{"allow":["GET"]}}],"collection":[{"href":"https:\/\/secureus.se\/fr\/wp-json\/wp\/v2\/product"}],"about":[{"href":"https:\/\/secureus.se\/fr\/wp-json\/wp\/v2\/types\/product"}],"wp:featuredmedia":[{"embeddable":true,"href":"https:\/\/secureus.se\/fr\/wp-json\/wp\/v2\/media\/163682"}],"wp:attachment":[{"href":"https:\/\/secureus.se\/fr\/wp-json\/wp\/v2\/media?parent=58334"}],"wp:term":[{"taxonomy":"product_brand","embeddable":true,"href":"https:\/\/secureus.se\/fr\/wp-json\/wp\/v2\/product_brand?post=58334"},{"taxonomy":"product_cat","embeddable":true,"href":"https:\/\/secureus.se\/fr\/wp-json\/wp\/v2\/product_cat?post=58334"},{"taxonomy":"product_tag","embeddable":true,"href":"https:\/\/secureus.se\/fr\/wp-json\/wp\/v2\/product_tag?post=58334"}],"curies":[{"name":"wp","href":"https:\/\/api.w.org\/{rel}","templated":true}]}}