{"id":58385,"date":"2022-07-10T13:17:07","date_gmt":"2022-07-10T11:17:07","guid":{"rendered":"https:\/\/secureus.se\/produkt\/sticker-pvc-30mm-sjalvhaftande-em4200-mif1knummer\/"},"modified":"2026-02-11T16:06:09","modified_gmt":"2026-02-11T15:06:09","slug":"rfid-stickers-pvc-30mm-sjalvhaftande-em4200-mif1knummer","status":"publish","type":"product","link":"https:\/\/secureus.se\/fr\/rfid-stickers-pvc-30mm-sjalvhaftande-em4200-mif1knummer\/","title":{"rendered":"Autocollants RFID PVC 30 mm auto-adh\u00e9sifs EM4200 + Mifare1k Combi + num\u00e9ro"},"content":{"rendered":"<p>Peut \u00eatre coll\u00e9 directement sur des bo\u00eetiers m\u00e9talliques.<\/p>\n<p>Mat\u00e9riau PVC Dimensions Diam\u00e8tre 25 mm pour puce unique et 30 mm pour puce combin\u00e9e.<\/p>\n<p>\u00c9paisseur 1,25 mm \u00b1 1 mm 25 mm, 1,57 mm \u00b1 1 mm 30 mm.<\/p>\n<p>Puce EM4200, Mifare 1k, puce Desfire, puce EM4200+Mifare 1k Fr\u00e9quence 125 kHz, 13,56 MHz.<\/p>\n<p>La distance de lecture de 1 \u00e0 4 cm d\u00e9pend du lecteur et de l&#039;environnement. Disponible avec ou sans num\u00e9ros imprim\u00e9s et num\u00e9ros de syst\u00e8me.<\/p>\n<p>Possibilit\u00e9 de mettre une couche Epoxy.<\/p>\n<div>\n<div>\n<div data-tid=\"messageBodyContainer\">\n<div data-tid=\"messageBodyContent\">\n<div>\n<div>\n<div>\n<p>L&#039;autocollant est un produit bon march\u00e9 et de bonne qualit\u00e9 avec une puce originale pour toutes les applications.<\/p>\n<\/div>\n<\/div>\n<\/div>\n<\/div>\n<\/div>\n<\/div>\n<\/div>","protected":false},"excerpt":{"rendered":"<p>Peut \u00eatre coll\u00e9 directement sur des bo\u00eetiers m\u00e9talliques. Mat\u00e9riau PVC.Dimension Diam\u00e8tre 25 mm pour puce unique et 30 mm pour puce combin\u00e9e. \u00c9paisseur 1,25 mm \u00b1 1 mm 25 mm, 1,57 mm \u00b1 1 mm 30 mm. Puce EM4200, Mifare 1k, puce Desfire, puce EM4200+Mifare 1k Fr\u00e9quence 125 kHz, 13,56 MHz.<\/p>","protected":false},"featured_media":141884,"template":"","meta":{"_acf_changed":false},"product_brand":[],"product_cat":[1357],"product_tag":[2958],"class_list":{"0":"post-58385","1":"product","2":"type-product","3":"status-publish","4":"has-post-thumbnail","6":"product_cat-rfid-sticker","7":"product_tag-stonehouse-produkt","8":"product_shipping_class-postnord-varubrev","9":"pa_brands-stonehouse-security","10":"pa_farg-vit","11":"tm-no-options","13":"first","14":"instock","15":"sale","16":"featured","17":"taxable","18":"shipping-taxable","19":"purchasable","20":"product-type-simple"},"acf":[],"_links":{"self":[{"href":"https:\/\/secureus.se\/fr\/wp-json\/wp\/v2\/product\/58385","targetHints":{"allow":["GET"]}}],"collection":[{"href":"https:\/\/secureus.se\/fr\/wp-json\/wp\/v2\/product"}],"about":[{"href":"https:\/\/secureus.se\/fr\/wp-json\/wp\/v2\/types\/product"}],"wp:featuredmedia":[{"embeddable":true,"href":"https:\/\/secureus.se\/fr\/wp-json\/wp\/v2\/media\/141884"}],"wp:attachment":[{"href":"https:\/\/secureus.se\/fr\/wp-json\/wp\/v2\/media?parent=58385"}],"wp:term":[{"taxonomy":"product_brand","embeddable":true,"href":"https:\/\/secureus.se\/fr\/wp-json\/wp\/v2\/product_brand?post=58385"},{"taxonomy":"product_cat","embeddable":true,"href":"https:\/\/secureus.se\/fr\/wp-json\/wp\/v2\/product_cat?post=58385"},{"taxonomy":"product_tag","embeddable":true,"href":"https:\/\/secureus.se\/fr\/wp-json\/wp\/v2\/product_tag?post=58385"}],"curies":[{"name":"wp","href":"https:\/\/api.w.org\/{rel}","templated":true}]}}