{"id":58427,"date":"2022-10-10T11:41:27","date_gmt":"2022-10-10T09:41:27","guid":{"rendered":"https:\/\/secureus.se\/produkt\/knappsandare-jck313\/"},"modified":"2026-04-07T13:04:11","modified_gmt":"2026-04-07T11:04:11","slug":"knappsandare-jck313","status":"publish","type":"product","link":"https:\/\/secureus.se\/fr\/knappsandare-jck313\/","title":{"rendered":"Bouton \u00e9metteur JCK313"},"content":{"rendered":"<h1>Bouton \u00e9metteur JCK313<\/h1>\n<p>Nous disposons de trois \u00e9metteurs portatifs diff\u00e9rents, adapt\u00e9s par exemple \u00e0 l&#039;adaptation de logements pour personnes handicap\u00e9es.<\/p>\n<h2>JCK309 - sp\u00e9cification technique<span class=\"Apple-converted-space\">\u00a0<\/span><\/h2>\n<p>\u00c9metteur portatif \u00e0 1 canal.<\/p>\n<ul>\n<li>1 canal<span class=\"Apple-converted-space\">\u00a0<\/span><\/li>\n<li>Port\u00e9e jusqu&#039;\u00e0 100 m<span class=\"Apple-converted-space\">\u00a0<\/span><\/li>\n<li>Batterie : L1028 \u2013 12V<span class=\"Apple-converted-space\">\u00a0<\/span><\/li>\n<li>Consommation \u00e9lectrique : 25 mA (environ 1 an)<span class=\"Apple-converted-space\">\u00a0<\/span><\/li>\n<li>Dimensions : (L x l x H) 80 x 46 x 16 mm<span class=\"Apple-converted-space\">\u00a0<\/span><\/li>\n<li>Poids : 40g<\/li>\n<\/ul>\n<h2>JCK310<span class=\"Apple-converted-space\">\u00a0\u2013 sp\u00e9cification technique<\/span><\/h2>\n<p>\u00c9metteur portatif \u00e0 2 canaux.\u00a0<span class=\"Apple-converted-space\">\u00a0<\/span><\/p>\n<ul>\n<li>2 canaux<span class=\"Apple-converted-space\">\u00a0<\/span><\/li>\n<li>Port\u00e9e jusqu&#039;\u00e0 100 m<span class=\"Apple-converted-space\">\u00a0<\/span><\/li>\n<li>Batterie : L1028 \u2013 12V<span class=\"Apple-converted-space\">\u00a0<\/span><\/li>\n<li>Consommation \u00e9lectrique : 25 mA (environ 1 an)<span class=\"Apple-converted-space\">\u00a0<\/span><\/li>\n<li>Dimensions : (LxlxH) 80 x 46 x 16 mm<span class=\"Apple-converted-space\">\u00a0<\/span><\/li>\n<li>Poids : 40g<\/li>\n<\/ul>\n<h2>JCK313 - sp\u00e9cification technique<\/h2>\n<p>\u00c9metteur portatif \u00e0 4 canaux.<span class=\"Apple-converted-space\">\u00a0<\/span><\/p>\n<ul>\n<li>4 canaux<span class=\"Apple-converted-space\">\u00a0<\/span><\/li>\n<li>Port\u00e9e jusqu&#039;\u00e0 100 m<span class=\"Apple-converted-space\">\u00a0<\/span><\/li>\n<li>Batterie : L1028 \u2013 12V<span class=\"Apple-converted-space\">\u00a0<\/span><\/li>\n<li>Consommation \u00e9lectrique : 25 mA (environ 1 an)<span class=\"Apple-converted-space\">\u00a0<\/span><\/li>\n<li>Dimensions : (L x l x H) 80 x 46 x 16 mm<span class=\"Apple-converted-space\">\u00a0<\/span><\/li>\n<li>\n<pre>Poids : 40g<\/pre>\n<\/li>\n<\/ul>","protected":false},"excerpt":{"rendered":"<p>\u00c9metteur \u00e0 bouton JCK313 Nous disposons de trois \u00e9metteurs manuels diff\u00e9rents, adapt\u00e9s, par exemple, \u00e0 l&#039;adaptation des maisons aux personnes handicap\u00e9es. JCK309 \u2013 sp\u00e9cification technique \u00c9metteur portable \u00e0 1 canal. 1 canal Port\u00e9e jusqu&#039;\u00e0 100 m\u00a0<\/p>","protected":false},"featured_media":142621,"template":"","meta":{"_acf_changed":false},"product_brand":[],"product_cat":[1422,4707],"product_tag":[],"class_list":{"0":"post-58427","1":"product","2":"type-product","3":"status-publish","4":"has-post-thumbnail","6":"product_cat-armbagskontakter-dorrautomatik","7":"product_cat-tillval-och-tillbehor","8":"product_shipping_class-postnord-varubrev","9":"pa_brands-jc-kontakter","10":"tm-no-options","12":"first","13":"onbackorder","14":"sale","15":"featured","16":"taxable","17":"shipping-taxable","18":"purchasable","19":"product-type-simple"},"acf":[],"_links":{"self":[{"href":"https:\/\/secureus.se\/fr\/wp-json\/wp\/v2\/product\/58427","targetHints":{"allow":["GET"]}}],"collection":[{"href":"https:\/\/secureus.se\/fr\/wp-json\/wp\/v2\/product"}],"about":[{"href":"https:\/\/secureus.se\/fr\/wp-json\/wp\/v2\/types\/product"}],"wp:featuredmedia":[{"embeddable":true,"href":"https:\/\/secureus.se\/fr\/wp-json\/wp\/v2\/media\/142621"}],"wp:attachment":[{"href":"https:\/\/secureus.se\/fr\/wp-json\/wp\/v2\/media?parent=58427"}],"wp:term":[{"taxonomy":"product_brand","embeddable":true,"href":"https:\/\/secureus.se\/fr\/wp-json\/wp\/v2\/product_brand?post=58427"},{"taxonomy":"product_cat","embeddable":true,"href":"https:\/\/secureus.se\/fr\/wp-json\/wp\/v2\/product_cat?post=58427"},{"taxonomy":"product_tag","embeddable":true,"href":"https:\/\/secureus.se\/fr\/wp-json\/wp\/v2\/product_tag?post=58427"}],"curies":[{"name":"wp","href":"https:\/\/api.w.org\/{rel}","templated":true}]}}